{"id":52555,"date":"2024-06-06T09:36:57","date_gmt":"2024-06-06T09:36:57","guid":{"rendered":"https:\/\/e.kosmolat.eu\/?post_type=product&#038;p=52555"},"modified":"2025-09-20T04:46:01","modified_gmt":"2025-09-20T04:46:01","slug":"miss-so-secret-crush-parfimerijas-udens-peonija-un-muskuss-50-ml","status":"publish","type":"product","link":"https:\/\/e.kosmolat.eu\/lv\/product\/miss-so-secret-crush-parfimerijas-udens-peonija-un-muskuss-50-ml\/","title":{"rendered":"Miss So&#8230;? Secret Crush Parfim\u0113rijas \u016bdens Peonija un muskuss, 50 ml"},"content":{"rendered":"<p><strong>UZMAN\u012aBU: <\/strong>Uzliesmojo&scaron;s l\u012bdz no\u017e\u016bst. Nelietot uguns, liesmas vai karstuma tuvum\u0101.<\/p>\n<p><strong>VIEGLI UZLIESMOJO&Scaron;S, UGUNSNEDRO&Scaron;S.<\/strong><br \/>\n&nbsp;<\/p>\n","protected":false},"excerpt":{"rendered":"<p>UZMAN\u012aBU: Uzliesmojo&scaron;s l\u012bdz no\u017e\u016bst. Nelietot uguns, liesmas vai karstuma tuvum\u0101. VIEGLI UZLIESMOJO&Scaron;S, UGUNSNEDRO&Scaron;S. &nbsp;<\/p>\n","protected":false},"featured_media":92166,"template":"","meta":[],"product_cat":[1445],"product_tag":[],"class_list":{"0":"post-52555","1":"product","2":"type-product","3":"status-publish","4":"has-post-thumbnail","6":"product_brand-incos_gb","7":"product_cat-sieviesu-smarzas-un-tualetes-udeni","9":"first","10":"outofstock","11":"taxable","12":"shipping-taxable","13":"product-type-simple"},"_links":{"self":[{"href":"https:\/\/e.kosmolat.eu\/lv\/wp-json\/wp\/v2\/product\/52555","targetHints":{"allow":["GET"]}}],"collection":[{"href":"https:\/\/e.kosmolat.eu\/lv\/wp-json\/wp\/v2\/product"}],"about":[{"href":"https:\/\/e.kosmolat.eu\/lv\/wp-json\/wp\/v2\/types\/product"}],"wp:featuredmedia":[{"embeddable":true,"href":"https:\/\/e.kosmolat.eu\/lv\/wp-json\/wp\/v2\/media\/92166"}],"wp:attachment":[{"href":"https:\/\/e.kosmolat.eu\/lv\/wp-json\/wp\/v2\/media?parent=52555"}],"wp:term":[{"taxonomy":"product_cat","embeddable":true,"href":"https:\/\/e.kosmolat.eu\/lv\/wp-json\/wp\/v2\/product_cat?post=52555"},{"taxonomy":"product_tag","embeddable":true,"href":"https:\/\/e.kosmolat.eu\/lv\/wp-json\/wp\/v2\/product_tag?post=52555"}],"curies":[{"name":"wp","href":"https:\/\/api.w.org\/{rel}","templated":true}]}}