{"id":52543,"date":"2024-06-06T06:36:31","date_gmt":"2024-06-06T06:36:31","guid":{"rendered":"https:\/\/e.kosmolat.eu\/?post_type=product&#038;p=52543"},"modified":"2026-04-13T12:52:24","modified_gmt":"2026-04-13T12:52:24","slug":"escentuals-parfimer-udens-zala-teja-100-ml","status":"publish","type":"product","link":"https:\/\/e.kosmolat.eu\/lv\/product\/escentuals-parfimer-udens-zala-teja-100-ml\/","title":{"rendered":"Escentuals Parfim\u0113r. \u016bdens Za\u013c\u0101 t\u0113ja, 100 ml"},"content":{"rendered":"<p><strong>UZMAN\u012aBU: <\/strong>Uzliesmojo&scaron;s l\u012bdz no\u017e\u016bst. Nelietot uguns, liesmas vai karstuma tuvum\u0101.<\/p>\n<p><strong>VIEGLI UZLIESMOJO&Scaron;S, UGUNSNEDRO&Scaron;S.<\/strong><\/p>\n<p>Etilspirta tilpuma da\u013ca 75 % &nbsp;tilp.<br \/>\n&nbsp;<\/p>\n","protected":false},"excerpt":{"rendered":"<p>UZMAN\u012aBU: Uzliesmojo&scaron;s l\u012bdz no\u017e\u016bst. Nelietot uguns, liesmas vai karstuma tuvum\u0101. VIEGLI UZLIESMOJO&Scaron;S, UGUNSNEDRO&Scaron;S. Etilspirta tilpuma da\u013ca 75 % &nbsp;tilp. &nbsp;<\/p>\n","protected":false},"featured_media":92186,"template":"","meta":[],"product_cat":[1445],"product_tag":[],"class_list":{"0":"post-52543","1":"product","2":"type-product","3":"status-publish","4":"has-post-thumbnail","6":"product_brand-incos_gb","7":"product_cat-sieviesu-smarzas-un-tualetes-udeni","9":"first","10":"instock","11":"taxable","12":"shipping-taxable","13":"product-type-simple"},"_links":{"self":[{"href":"https:\/\/e.kosmolat.eu\/lv\/wp-json\/wp\/v2\/product\/52543","targetHints":{"allow":["GET"]}}],"collection":[{"href":"https:\/\/e.kosmolat.eu\/lv\/wp-json\/wp\/v2\/product"}],"about":[{"href":"https:\/\/e.kosmolat.eu\/lv\/wp-json\/wp\/v2\/types\/product"}],"wp:featuredmedia":[{"embeddable":true,"href":"https:\/\/e.kosmolat.eu\/lv\/wp-json\/wp\/v2\/media\/92186"}],"wp:attachment":[{"href":"https:\/\/e.kosmolat.eu\/lv\/wp-json\/wp\/v2\/media?parent=52543"}],"wp:term":[{"taxonomy":"product_cat","embeddable":true,"href":"https:\/\/e.kosmolat.eu\/lv\/wp-json\/wp\/v2\/product_cat?post=52543"},{"taxonomy":"product_tag","embeddable":true,"href":"https:\/\/e.kosmolat.eu\/lv\/wp-json\/wp\/v2\/product_tag?post=52543"}],"curies":[{"name":"wp","href":"https:\/\/api.w.org\/{rel}","templated":true}]}}