{"id":52511,"date":"2024-06-05T08:25:39","date_gmt":"2024-06-05T08:25:39","guid":{"rendered":"https:\/\/e.kosmolat.eu\/product\/ns-hair-evolution-dabigs-kondicionieris-d-tox-dzila-attirisana-245-ml\/"},"modified":"2025-09-19T21:33:41","modified_gmt":"2025-09-19T21:33:41","slug":"ns-hair-evolution-dabigs-kondicionieris-d-tox-dzila-attirisana-245-ml","status":"publish","type":"product","link":"https:\/\/e.kosmolat.eu\/lv\/product\/ns-hair-evolution-dabigs-kondicionieris-d-tox-dzila-attirisana-245-ml\/","title":{"rendered":"NS. Hair Evolution. Dab\u012bgs kondicionieris &#8220;D-Tox&#8221; Dzi\u013c\u0101 att\u012br\u012b\u0161ana, 245 ml"},"content":{"rendered":"<\/p>\n<div>Kam\u010datkas term\u0101lie m\u0101li \u2013 tiem piem\u012bt dzi\u013cas att\u012bro\u0161as, mitrino\u0161as un atjaunojo\u0161as \u012bpa\u0161\u012bbas. Pol\u0101r\u0101 b\u0113rza betul\u012bns \u2013 efekt\u012bvs dab\u012bgs antisepti\u0137is. Sapropelis veicina galvas \u0101das l\u012bdzsvara atjauno\u0161anu un saudz\u012bgu matu att\u012br\u012b\u0161anu.<\/div>\n<h4>Lieto\u0161ana: <\/h4>\n<div>uzkl\u0101t balzamu uz mitriem, izmazg\u0101tiem matiem, vienm\u0113r\u012bgi izsm\u0113r\u0113t vis\u0101 matu garum\u0101, atst\u0101t uz 1-2 min\u016bt\u0113m, tad r\u016bp\u012bgi nomazg\u0101t ar \u016bdeni. Lab\u0101ka rezult\u0101ta sasnieg\u0161anai lietojiet kop\u0101 ar citiem s\u0113rijas produktiem.\n<\/div>\n<div><\/div>\n<div>\n<\/div>\n","protected":false},"excerpt":{"rendered":"<p>Kam\u010datkas term\u0101lie m\u0101li \u2013 tiem piem\u012bt dzi\u013cas att\u012bro\u0161as, mitrino\u0161as un atjaunojo\u0161as \u012bpa\u0161\u012bbas. Pol\u0101r\u0101 b\u0113rza betul\u012bns \u2013 efekt\u012bvs dab\u012bgs antisepti\u0137is. Sapropelis veicina galvas \u0101das l\u012bdzsvara atjauno\u0161anu un saudz\u012bgu matu att\u012br\u012b\u0161anu. Lieto\u0161ana: uzkl\u0101t balzamu uz mitriem, izmazg\u0101tiem matiem, vienm\u0113r\u012bgi izsm\u0113r\u0113t vis\u0101 matu garum\u0101, atst\u0101t uz 1-2 min\u016bt\u0113m, tad r\u016bp\u012bgi nomazg\u0101t ar \u016bdeni. Lab\u0101ka rezult\u0101ta sasnieg\u0161anai lietojiet kop\u0101 [&#8230;]\n","protected":false},"featured_media":85154,"template":"","meta":[],"product_cat":[1638],"product_tag":[],"class_list":{"0":"post-52511","1":"product","2":"type-product","3":"status-publish","4":"has-post-thumbnail","6":"product_brand-siberica_ee","7":"product_cat-balzami","9":"first","10":"outofstock","11":"taxable","12":"shipping-taxable","13":"product-type-simple"},"_links":{"self":[{"href":"https:\/\/e.kosmolat.eu\/lv\/wp-json\/wp\/v2\/product\/52511","targetHints":{"allow":["GET"]}}],"collection":[{"href":"https:\/\/e.kosmolat.eu\/lv\/wp-json\/wp\/v2\/product"}],"about":[{"href":"https:\/\/e.kosmolat.eu\/lv\/wp-json\/wp\/v2\/types\/product"}],"wp:featuredmedia":[{"embeddable":true,"href":"https:\/\/e.kosmolat.eu\/lv\/wp-json\/wp\/v2\/media\/85154"}],"wp:attachment":[{"href":"https:\/\/e.kosmolat.eu\/lv\/wp-json\/wp\/v2\/media?parent=52511"}],"wp:term":[{"taxonomy":"product_cat","embeddable":true,"href":"https:\/\/e.kosmolat.eu\/lv\/wp-json\/wp\/v2\/product_cat?post=52511"},{"taxonomy":"product_tag","embeddable":true,"href":"https:\/\/e.kosmolat.eu\/lv\/wp-json\/wp\/v2\/product_tag?post=52511"}],"curies":[{"name":"wp","href":"https:\/\/api.w.org\/{rel}","templated":true}]}}