{"id":52483,"date":"2024-06-05T06:59:21","date_gmt":"2024-06-05T06:59:21","guid":{"rendered":"https:\/\/e.kosmolat.eu\/product\/i%d0%be%d1%82a%d0%bdc%d0%ba-%d0%bas%d0%b5%d0%bciaea%d0%bd%d1%81cs%d1%83z%d1%89c%d0%b9a%d0%bd%d0%b5%d0%b2%d0%bd%d0%be%d0%b950%d0%bce\/"},"modified":"2025-09-20T04:42:17","modified_gmt":"2025-09-20T04:42:17","slug":"bw-veganica-botanic-lidzsvar-dienas-kr-tauk-un-kombin-adai-50-ml","status":"publish","type":"product","link":"https:\/\/e.kosmolat.eu\/lv\/product\/bw-veganica-botanic-lidzsvar-dienas-kr-tauk-un-kombin-adai-50-ml\/","title":{"rendered":"BW Veganica Botanic L\u012bdzsvar. dienas kr. tauk. un kombin. \u0101dai, 50 ml"},"content":{"rendered":"<p>6 e\u013c\u013cas un ekstrakti (kokosrieksts, rabarbers, saflors, ingvers, salvija, meln\u0101s \u0137imenes)&nbsp;+ 2 akt\u012bv\u0101s vielas (MossCellTec+ n\u0101trija hialuron\u0101ts). 98% dabiskas izcelsmes sast\u0101vda\u013cu.<\/p>\n<ul>\n<li>Ide\u0101la b\u0101ze grimam<\/li>\n<li>Nov\u0113r&scaron; \u0101das sp\u012bdumu l\u012bdz pat 8 st.<\/li>\n<li>Regul\u0113 tauku dziedzeru darb\u012bbu<\/li>\n<li>Izl\u012bdzina \u0101das reljefu<\/li>\n<li>Sa&scaron;aurina poras<\/li>\n<\/ul>\n<p><strong>Uzticieties tikai dabai!<\/strong><br \/>\nUnik\u0101lais dabisko sast\u0101vda\u013cu komplekss nodro&scaron;ina \u012bpa&scaron;u kop&scaron;anu taukainai un kombin\u0113tai \u0101dai ar noslieci uz pinn\u0113m un komedoniem. Nomierina un sa&scaron;aurina poras.<\/p>\n<p><strong>MossCellTec&trade; (&Scaron;veice)<\/strong> &ndash; inovat\u012bv\u0101 sast\u0101vda\u013ca!<\/p>\n<ul>\n<li>Nodro&scaron;ina liftinga efektu<\/li>\n<li>\u013bauj \u0101dai piel\u0101goties vides izmai\u0146\u0101m<\/li>\n<li>Uzlabo \u0101das mitrin\u0101&scaron;anu pat stresa apst\u0101k\u013cos<\/li>\n<li>Pilnveido \u0101du un rada nevainojamu sejas kr\u0101su<\/li>\n<li>Palielina \u0101das iztur\u012bbu pret kait\u012bgiem apk\u0101rt\u0113j\u0101s vides faktoriem<\/li>\n<\/ul>\n<p><strong>Lieto&scaron;ana: <\/strong>uzkl\u0101jiet nelielu kr\u0113ma daudzumu uz mitras un iepriek&scaron; att\u012br\u012btas sejas un dekolt\u0113 \u0101das. Sadaliet ar viegl\u0101m mas\u0113jo&scaron;\u0101m kust\u012bb\u0101m .<\/p>\n<p>Uzglab\u0101t temperat\u016br\u0101 no +5&deg;C l\u012bdz +25&deg;C.<br \/>\n&nbsp;<\/p>\n","protected":false},"excerpt":{"rendered":"<p>6 e\u013c\u013cas un ekstrakti (kokosrieksts, rabarbers, saflors, ingvers, salvija, meln\u0101s \u0137imenes)&nbsp;+ 2 akt\u012bv\u0101s vielas (MossCellTec+ n\u0101trija hialuron\u0101ts). 98% dabiskas izcelsmes sast\u0101vda\u013cu. Ide\u0101la b\u0101ze grimam Nov\u0113r&scaron; \u0101das sp\u012bdumu l\u012bdz pat 8 st. Regul\u0113 tauku dziedzeru darb\u012bbu Izl\u012bdzina \u0101das reljefu Sa&scaron;aurina poras Uzticieties tikai dabai! Unik\u0101lais dabisko sast\u0101vda\u013cu komplekss nodro&scaron;ina \u012bpa&scaron;u kop&scaron;anu taukainai un kombin\u0113tai \u0101dai ar [&#8230;]\n","protected":false},"featured_media":92102,"template":"","meta":[],"product_cat":[1323],"product_tag":[],"class_list":{"0":"post-52483","1":"product","2":"type-product","3":"status-publish","4":"has-post-thumbnail","6":"product_brand-matbea_sivis_by","7":"product_cat-1323","9":"first","10":"outofstock","11":"taxable","12":"shipping-taxable","13":"product-type-simple"},"_links":{"self":[{"href":"https:\/\/e.kosmolat.eu\/lv\/wp-json\/wp\/v2\/product\/52483","targetHints":{"allow":["GET"]}}],"collection":[{"href":"https:\/\/e.kosmolat.eu\/lv\/wp-json\/wp\/v2\/product"}],"about":[{"href":"https:\/\/e.kosmolat.eu\/lv\/wp-json\/wp\/v2\/types\/product"}],"wp:featuredmedia":[{"embeddable":true,"href":"https:\/\/e.kosmolat.eu\/lv\/wp-json\/wp\/v2\/media\/92102"}],"wp:attachment":[{"href":"https:\/\/e.kosmolat.eu\/lv\/wp-json\/wp\/v2\/media?parent=52483"}],"wp:term":[{"taxonomy":"product_cat","embeddable":true,"href":"https:\/\/e.kosmolat.eu\/lv\/wp-json\/wp\/v2\/product_cat?post=52483"},{"taxonomy":"product_tag","embeddable":true,"href":"https:\/\/e.kosmolat.eu\/lv\/wp-json\/wp\/v2\/product_tag?post=52483"}],"curies":[{"name":"wp","href":"https:\/\/api.w.org\/{rel}","templated":true}]}}