{"id":52459,"date":"2024-06-05T04:53:08","date_gmt":"2024-06-05T04:53:08","guid":{"rendered":"https:\/\/e.kosmolat.eu\/product\/maska-zonai-ap-acim-hyaluronic-acidx3\/"},"modified":"2025-09-19T21:48:26","modified_gmt":"2025-09-19T21:48:26","slug":"maska-zonai-ap-acim-hyaluronic-acidx3","status":"publish","type":"product","link":"https:\/\/e.kosmolat.eu\/lv\/product\/maska-zonai-ap-acim-hyaluronic-acidx3\/","title":{"rendered":"Maska zonai ap ac\u012bm &#8220;Hyaluronic acidx3&#8221;"},"content":{"rendered":"<p>Inovat\u012bva maskas formula ar tr\u012bs dimensiju hailuronsk\u0101bi un pept\u012bdiem ir speci\u0101li izstr\u0101d\u0101ta intens\u012bvai sejas \u0101das kop\u0161anai. Efekt\u012bvi mitrina \u0101du, rada optim\u0101lu \u016bdens l\u012bdzsvaru. Nov\u0113r\u0161 sausumu, savilkt\u012bbu un lob\u012b\u0161anos. Iev\u0113rojami pievelk un atgrie\u017e \u0101dai tonusu un elast\u012bbu. Stimul\u0113 atjauno\u0161anu, uzs\u0101k re\u0123ener\u0101cijas procesus. Nomierina, m\u012bkstina, no\u0146em kairin\u0101jumu. Izl\u012bdzina \u0101das toni, padara sejas kr\u0101su svaigu un atp\u016btu\u0161os.<br \/>\nMaksa ide\u0101li piem\u0113rota lieto\u0161anai pirms makij\u0101\u017eas uzkl\u0101\u0161anas, svin\u012bgiem pas\u0101kumiem, k\u0101 ar\u012b regul\u0101rai sejas kop\u0161anai, \u012bpa\u0161u lielpils\u0113tu iedz\u012bvot\u0101jiem.<br \/>\nEfekts tiek sasniegts pateicoties tr\u012bs veidu hialuronsk\u0101bes augstai koncentr\u0101cijai, t\u0101s at\u0161\u0137iras ar molekul\u0101rmasu un molekulu \u0137\u0113des izm\u0113ru.&nbsp;<br \/>\nZem\u0101s molekul\u0101rmasas hialuronsk\u0101be iek\u013c\u016bst dzi\u013ci epidermas sl\u0101\u0146os, uzlabo mikrocirkul\u0101ciju un baro\u0161anu, nodro\u0161ina ilgsto\u0161u mitrino\u0161u efektu, aktiviz\u0113 person\u012bg\u0101 kolag\u0113na izstr\u0101di. Vid\u0113j\u0101s molekul\u0101rmasas hialuronsk\u0101be darbojas dzi\u013cos un vid\u0113jos epidermas sl\u0101\u0146os, notur \u016bdens molekulas, stimul\u0113 \u0101das atjauno\u0161anos, no\u0146em kairin\u0101jumu, nomierina.<br \/>\nAugst\u0101s molekul\u0101rmasas hialuronsk\u0101be bag\u0101tina \u0101das virs\u0113jos sl\u0101\u0146us, kav\u0113 mitruma zudumu, pal\u0113nina nov\u012b\u0161anas procesu, intens\u012bvi mitrina, pie\u0161\u0137ir t\u016bl\u012bt\u0113ju redzamu efektu.<br \/>\nPateicoties sast\u0101v\u0101 eso\u0161ajam 5 pept\u012bdu kompleksam, adenoz\u012bnam, alanto\u012bnam, za\u013c\u0101s t\u0113jas un burvju lazdas dab\u012bgiem ekstraktiem ne tikai mitrina, bet ar\u012b sniedz akt\u012bvu atjaunino\u0161u, antioksidantu iedarb\u012bbu, efekt\u012bvi baro un aizsarg\u0101 \u0101du pret apk\u0101rt\u0113j\u0101s vides negat\u012bvo iedarb\u012bbu.<br \/>\nLieto\u0161ana: 1. Att\u012briet sejas \u0101du. Atveriet iepakojumu un iz\u0146emiet masku. 2. Uzman\u012bgi pielieciet masku zon\u0101 ap ac\u012bm un izl\u012bdziniet ar pirkstgaliem, atst\u0101jiet uz 20-25 min\u016bt\u0113m. 3. Tad no\u0146emiet masku, maigi iemas\u0113jiet plauk\u0161\u0137\u0113jo\u0161\u0101m kust\u012bb\u0101m maskas p\u0101rpalikumus. Nenomazg\u0101jiet. Lab\u0101kam efektam pirms lieto\u0161anas ielieciet iepakojumu ledusskap\u012b uz 15 min\u016bt\u0113m.<br \/>\nPiesardz\u012bbas pas\u0101kumi: 1. Nelietojiet uz boj\u0101tas, kairin\u0101tas \u0101das. 2. Nelietojiet produktu, ja rodas jut\u012bba uz k\u0101du no sast\u0101vda\u013c\u0101m. Ja rodas aps\u0101rtums vai kairin\u0101jums izbeidziet lieto\u0161anu un v\u0113r\u0161aties pie \u0101rsta. 3. Izvair\u012bties no iek\u013c\u016b\u0161anas ac\u012bs, ja iek\u013c\u016bst noskalot ar \u016bdeni. 4. Uzglab\u0101jiet b\u0113rniem nepieejam\u0101 viet\u0101, temperat\u016br\u0101 no 0 l\u012bdz 25&deg;C. 5. Tikai \u0101r\u012bgai lieto\u0161anai. Nenor\u012bt!<br \/>\n&nbsp;<\/p>\n","protected":false},"excerpt":{"rendered":"<p>Inovat\u012bva maskas formula ar tr\u012bs dimensiju hailuronsk\u0101bi un pept\u012bdiem ir speci\u0101li izstr\u0101d\u0101ta intens\u012bvai sejas \u0101das kop\u0161anai. Efekt\u012bvi mitrina \u0101du, rada optim\u0101lu \u016bdens l\u012bdzsvaru. Nov\u0113r\u0161 sausumu, savilkt\u012bbu un lob\u012b\u0161anos. Iev\u0113rojami pievelk un atgrie\u017e \u0101dai tonusu un elast\u012bbu. Stimul\u0113 atjauno\u0161anu, uzs\u0101k re\u0123ener\u0101cijas procesus. Nomierina, m\u012bkstina, no\u0146em kairin\u0101jumu. Izl\u012bdzina \u0101das toni, padara sejas kr\u0101su svaigu un atp\u016btu\u0161os. Maksa [&#8230;]\n","protected":false},"featured_media":85406,"template":"","meta":[],"product_cat":[1369],"product_tag":[],"class_list":{"0":"post-52459","1":"product","2":"type-product","3":"status-publish","4":"has-post-thumbnail","6":"product_brand-skinlite","7":"product_cat-veido-kaukes","9":"first","10":"outofstock","11":"taxable","12":"shipping-taxable","13":"product-type-simple"},"_links":{"self":[{"href":"https:\/\/e.kosmolat.eu\/lv\/wp-json\/wp\/v2\/product\/52459","targetHints":{"allow":["GET"]}}],"collection":[{"href":"https:\/\/e.kosmolat.eu\/lv\/wp-json\/wp\/v2\/product"}],"about":[{"href":"https:\/\/e.kosmolat.eu\/lv\/wp-json\/wp\/v2\/types\/product"}],"wp:featuredmedia":[{"embeddable":true,"href":"https:\/\/e.kosmolat.eu\/lv\/wp-json\/wp\/v2\/media\/85406"}],"wp:attachment":[{"href":"https:\/\/e.kosmolat.eu\/lv\/wp-json\/wp\/v2\/media?parent=52459"}],"wp:term":[{"taxonomy":"product_cat","embeddable":true,"href":"https:\/\/e.kosmolat.eu\/lv\/wp-json\/wp\/v2\/product_cat?post=52459"},{"taxonomy":"product_tag","embeddable":true,"href":"https:\/\/e.kosmolat.eu\/lv\/wp-json\/wp\/v2\/product_tag?post=52459"}],"curies":[{"name":"wp","href":"https:\/\/api.w.org\/{rel}","templated":true}]}}