{"id":52451,"date":"2024-06-05T04:52:54","date_gmt":"2024-06-05T04:52:54","guid":{"rendered":"https:\/\/e.kosmolat.eu\/product\/i_dr-s-neznije-nozki-krems-kajam-barojoss-90-ml\/"},"modified":"2025-07-08T14:32:54","modified_gmt":"2025-07-08T14:32:54","slug":"i_dr-s-neznije-nozki-krems-kajam-barojoss-90-ml","status":"publish","type":"product","link":"https:\/\/e.kosmolat.eu\/lv\/product\/i_dr-s-neznije-nozki-krems-kajam-barojoss-90-ml\/","title":{"rendered":"I_&#8221;Dr.S.\u0145e\u017enije no\u017eki&#8221; Kr\u0113ms k\u0101j\u0101m &#8220;Barojo\u0161s&#8221;, 90 ml"},"content":{"rendered":"<ul>\n<li>Kakao e\u013c\u013ca un karite<\/li>\n<li>\nEkstrem\u0101li sausai k\u0101ju \u0101dai<\/li>\n<\/ul>\n<p>Kr\u0113ms ar kakao e\u013c\u013cu un karite nodro\u0161ina k\u0101ju \u0101das intens\u012bvu baro\u0161anu, nov\u0113r\u0161 sausumu. <\/p>\n<p><b>Smilts\u0113rk\u0161\u0137u e\u013c\u013ca un sojas vasks <\/b>m\u012bkstina \u0101du. <\/p>\n<p><b>Ur\u012bnviela<\/b> veicina intens\u012bvu mitrin\u0101\u0161anu.\u00a0<\/p>\n","protected":false},"excerpt":{"rendered":"<p>Kakao e\u013c\u013ca un karite Ekstrem\u0101li sausai k\u0101ju \u0101dai Kr\u0113ms ar kakao e\u013c\u013cu un karite nodro\u0161ina k\u0101ju \u0101das intens\u012bvu baro\u0161anu, nov\u0113r\u0161 sausumu. Smilts\u0113rk\u0161\u0137u e\u013c\u013ca un sojas vasks m\u012bkstina \u0101du. Ur\u012bnviela veicina intens\u012bvu mitrin\u0101\u0161anu.\u00a0<\/p>\n","protected":false},"featured_media":52455,"template":"","meta":[],"product_cat":[1761],"product_tag":[],"class_list":{"0":"post-52451","1":"product","2":"type-product","3":"status-publish","4":"has-post-thumbnail","6":"product_brand-elfa_ua","7":"product_cat-kaju-kopsanas-kosmetika","9":"first","10":"outofstock","11":"taxable","12":"shipping-taxable","13":"product-type-simple"},"_links":{"self":[{"href":"https:\/\/e.kosmolat.eu\/lv\/wp-json\/wp\/v2\/product\/52451","targetHints":{"allow":["GET"]}}],"collection":[{"href":"https:\/\/e.kosmolat.eu\/lv\/wp-json\/wp\/v2\/product"}],"about":[{"href":"https:\/\/e.kosmolat.eu\/lv\/wp-json\/wp\/v2\/types\/product"}],"wp:featuredmedia":[{"embeddable":true,"href":"https:\/\/e.kosmolat.eu\/lv\/wp-json\/wp\/v2\/media\/52455"}],"wp:attachment":[{"href":"https:\/\/e.kosmolat.eu\/lv\/wp-json\/wp\/v2\/media?parent=52451"}],"wp:term":[{"taxonomy":"product_cat","embeddable":true,"href":"https:\/\/e.kosmolat.eu\/lv\/wp-json\/wp\/v2\/product_cat?post=52451"},{"taxonomy":"product_tag","embeddable":true,"href":"https:\/\/e.kosmolat.eu\/lv\/wp-json\/wp\/v2\/product_tag?post=52451"}],"curies":[{"name":"wp","href":"https:\/\/api.w.org\/{rel}","templated":true}]}}