{"id":52423,"date":"2024-06-05T04:28:59","date_gmt":"2024-06-05T04:28:59","guid":{"rendered":"https:\/\/e.kosmolat.eu\/product\/pt-matu-laka-super-fiksacija-265-ml\/"},"modified":"2026-04-22T07:19:32","modified_gmt":"2026-04-22T07:19:32","slug":"pt-matu-laka-super-fiksacija-265-ml","status":"publish","type":"product","link":"https:\/\/e.kosmolat.eu\/lv\/product\/pt-matu-laka-super-fiksacija-265-ml\/","title":{"rendered":"PT Matu laka Super fiks\u0101cija, 265 ml"},"content":{"rendered":"<p>Maksim\u0101la fiks\u0101cija ide\u0101lai matu ieveido&scaron;anai. Izstr\u0101d\u0101ts un p\u0101rbaud\u012bts uz atbilst\u012bbu salona kvalit\u0101tei. Satur provitam\u012bnu B5 un z\u012bda prote\u012bnus matu vesel\u012bbai. Satur UV filtru aizsardz\u012bbai pret saules starojumu.<\/p>\n<p><strong>Lieto&scaron;ana: <\/strong>viegli un vienm\u0113r\u012bgi izsmidzin\u0101t uz matiem no 30 cm att\u0101luma, izvairoties no saskares ar ac\u012bm.<\/p>\n<p><strong>B\u012bstami!<\/strong> \u012apa&scaron;i viegli uzliesmojo&scaron;s aerosols. Tvertne zem spiediena: karstum\u0101 var eksplod\u0113t. Sarg\u0101t no karstuma, karst\u0101m virsm\u0101m, dzirkstel\u0113m, atkl\u0101tas uguns un citiem aizdeg&scaron;an\u0101s avotiem. Nesm\u0113\u0137\u0113t. Neizsmidzin\u0101t uz atkl\u0101tas uguns vai citiem aizdeg&scaron;an\u0101s avotiem. Nedurt vai nededzin\u0101t, ar\u012b p\u0113c izlieto&scaron;anas. Aizsarg\u0101t no saules gaismas. Nepak\u013caut temperat\u016brai, kas p\u0101rsniedz 50 &ordm;C\/122 &ordm;F. Sarg\u0101t no b\u0113rniem.<\/p>\n","protected":false},"excerpt":{"rendered":"<p>Maksim\u0101la fiks\u0101cija ide\u0101lai matu ieveido&scaron;anai. Izstr\u0101d\u0101ts un p\u0101rbaud\u012bts uz atbilst\u012bbu salona kvalit\u0101tei. Satur provitam\u012bnu B5 un z\u012bda prote\u012bnus matu vesel\u012bbai. Satur UV filtru aizsardz\u012bbai pret saules starojumu. Lieto&scaron;ana: viegli un vienm\u0113r\u012bgi izsmidzin\u0101t uz matiem no 30 cm att\u0101luma, izvairoties no saskares ar ac\u012bm. B\u012bstami! \u012apa&scaron;i viegli uzliesmojo&scaron;s aerosols. Tvertne zem spiediena: karstum\u0101 var eksplod\u0113t. Sarg\u0101t [&#8230;]\n","protected":false},"featured_media":100208,"template":"","meta":[],"product_cat":[1999],"product_tag":[],"class_list":{"0":"post-52423","1":"product","2":"type-product","3":"status-publish","4":"has-post-thumbnail","6":"product_brand-statestrong_gb","7":"product_cat-bez-kategorijas","9":"first","10":"instock","11":"taxable","12":"shipping-taxable","13":"product-type-simple"},"_links":{"self":[{"href":"https:\/\/e.kosmolat.eu\/lv\/wp-json\/wp\/v2\/product\/52423","targetHints":{"allow":["GET"]}}],"collection":[{"href":"https:\/\/e.kosmolat.eu\/lv\/wp-json\/wp\/v2\/product"}],"about":[{"href":"https:\/\/e.kosmolat.eu\/lv\/wp-json\/wp\/v2\/types\/product"}],"wp:featuredmedia":[{"embeddable":true,"href":"https:\/\/e.kosmolat.eu\/lv\/wp-json\/wp\/v2\/media\/100208"}],"wp:attachment":[{"href":"https:\/\/e.kosmolat.eu\/lv\/wp-json\/wp\/v2\/media?parent=52423"}],"wp:term":[{"taxonomy":"product_cat","embeddable":true,"href":"https:\/\/e.kosmolat.eu\/lv\/wp-json\/wp\/v2\/product_cat?post=52423"},{"taxonomy":"product_tag","embeddable":true,"href":"https:\/\/e.kosmolat.eu\/lv\/wp-json\/wp\/v2\/product_tag?post=52423"}],"curies":[{"name":"wp","href":"https:\/\/api.w.org\/{rel}","templated":true}]}}