{"id":52415,"date":"2024-06-05T04:28:45","date_gmt":"2024-06-05T04:28:45","guid":{"rendered":"https:\/\/e.kosmolat.eu\/product\/skinlite-daudzfunkcionals-krems-ar-gliemezu-mucinu-100-g\/"},"modified":"2025-09-19T22:01:47","modified_gmt":"2025-09-19T22:01:47","slug":"i_skinlite-daudzfunkcionals-krems-ar-gliemezu-mucinu-100-g","status":"publish","type":"product","link":"https:\/\/e.kosmolat.eu\/lv\/product\/i_skinlite-daudzfunkcionals-krems-ar-gliemezu-mucinu-100-g\/","title":{"rendered":"I_Skinlite Daudzfunkcion\u0101ls kr\u0113ms ar glieme\u017eu muc\u012bnu, 100 g"},"content":{"rendered":"<p>&nbsp;<\/p>\n<p>Sejai, \u0137ermenim un matiem. Glieme\u017eu muc\u012bns, \u0161\u012b sviests un makad\u0101mijas e\u013c\u013ca, lotosa zieds. Visiem \u0101das tipiem.<\/p>\n<p>Daudzfunkcion\u0101ls kr\u0113ms ar glieme\u017eu muc\u012bnu ir izstr\u0101d\u0101ts ar jaun\u0101ku kosmetolo\u0123ijas tehnolo\u0123iju izmanto\u0161anu. Glieme\u017eu muc\u012bnam piem\u012bt sp\u0113c\u012bgas atjaunojo\u0161a, re\u0123ener\u0113jo\u0161a un atjaunino\u0161a iedarb\u012bba uz \u0101du. <\/p>\n<p>Kolag\u0113ns, lotosa ekstrakts, \u0161\u012b sviests un makad\u0101mijas e\u013c\u013ca akt\u012bvi atjauno \u0101das elast\u012bna \u0161\u0137iedras, paaugstina elast\u012bbu un tvirtumu, baro un m\u012bkstina to. Hialuronsk\u0101be, iek\u013c\u016bstot \u0101das \u0161\u016bn\u0101s, nodro\u0161ina mitrumu un t\u0101 saglab\u0101\u0161anu ilgsto\u0161\u0101 laika period\u0101. <\/p>\n<p>Pateicoties augstam muc\u012bna saturam kr\u0113mam piem\u012bt viegla tekst\u016bra, tas acumirkl\u012b uzs\u016bcas \u0101d\u0101, mitrina to, nov\u0113r\u0161 lob\u012b\u0161anos, aps\u0101rtumus un iekaisumus, izl\u012bdzina mikroreljefu. <\/p>\n<p>Kr\u0113ms efekt\u012bvi c\u012bn\u0101s ar strij\u0101m, postakne, pirm\u0101m fotonoveco\u0161an\u0101s paz\u012bm\u0113m, nov\u0113r\u0161 pigment\u0101ciju un vecuma plankumus. <\/p>\n<p>Lieto\u0161ana: <\/p>\n<p>K\u0101 kr\u0113mu lietot sejai un \u0137ermenim no r\u012bta un\/vai vakar\u0101. Uzkl\u0101t uz att\u012br\u012btas \u0101das pl\u0101n\u0101 sl\u0101ni, \u013caut uzs\u016bkties. Ide\u0101li piem\u0113rots p\u0113c sk\u016b\u0161anas, depil\u0101cijas un k\u0101 b\u0101ze zem makij\u0101\u017eas. Maska: uzkl\u0101t uz t\u012bras sejas \u0101das pl\u0101n\u0101 sl\u0101n\u012b, atst\u0101t uz 10 min\u016bt\u0113m, p\u0101rpalikumus no\u0146emt ar salveti. Kr\u0113ms matiem &ndash; uzkl\u0101t uz mitriem vai sausiem matiem matu \u0161\u0137el\u0161anas uz spuro\u0161anas nov\u0113r\u0161anai. <\/p>\n<p>Piesardz\u012bbas pas\u0101kumi: <\/p>\n<p>1. Izvair\u012bties no lieto\u0161anas uz boj\u0101tas, kairin\u0101tas \u0101das.<\/p>\n<p>2. Nelietot produktu, ja ir jut\u012bba uz k\u0101du no produkta sast\u0101vda\u013c\u0101m. Ja lieto\u0161anas proces\u0101 uz \u0101das rodas aps\u0101rtums vai kairin\u0101jums, izbeidziet lieto\u0161anu un v\u0113r\u0161aties pie \u0101rsta.<\/p>\n<p>3. Izvair\u012bties no iek\u013c\u016b\u0161anas ac\u012bs. Ja iek\u013c\u016bst &#8211; nomazg\u0101jiet ar \u016bdeni.<\/p>\n<p>4. Uzglab\u0101t b\u0113rniem nepieejam\u0101 viet\u0101, temperat\u016br\u0101 no 0 l\u012bdz 25&deg;C. Izvair\u012bties no tie\u0161u saules staru iedarb\u012bbas.<\/p>\n<p>5. Tikai \u0101r\u012bgai lieto\u0161anai! Nenor\u012bt! <\/p>\n<p>&nbsp;<\/p>\n","protected":false},"excerpt":{"rendered":"<p>&nbsp; Sejai, \u0137ermenim un matiem. Glieme\u017eu muc\u012bns, \u0161\u012b sviests un makad\u0101mijas e\u013c\u013ca, lotosa zieds. Visiem \u0101das tipiem. Daudzfunkcion\u0101ls kr\u0113ms ar glieme\u017eu muc\u012bnu ir izstr\u0101d\u0101ts ar jaun\u0101ku kosmetolo\u0123ijas tehnolo\u0123iju izmanto\u0161anu. Glieme\u017eu muc\u012bnam piem\u012bt sp\u0113c\u012bgas atjaunojo\u0161a, re\u0123ener\u0113jo\u0161a un atjaunino\u0161a iedarb\u012bba uz \u0101du. Kolag\u0113ns, lotosa ekstrakts, \u0161\u012b sviests un makad\u0101mijas e\u013c\u013ca akt\u012bvi atjauno \u0101das elast\u012bna \u0161\u0137iedras, paaugstina elast\u012bbu [&#8230;]\n","protected":false},"featured_media":85694,"template":"","meta":[],"product_cat":[1320],"product_tag":[],"class_list":{"0":"post-52415","1":"product","2":"type-product","3":"status-publish","4":"has-post-thumbnail","6":"product_brand-skinlite","7":"product_cat-sejas-kremi","9":"first","10":"outofstock","11":"taxable","12":"shipping-taxable","13":"product-type-simple"},"_links":{"self":[{"href":"https:\/\/e.kosmolat.eu\/lv\/wp-json\/wp\/v2\/product\/52415","targetHints":{"allow":["GET"]}}],"collection":[{"href":"https:\/\/e.kosmolat.eu\/lv\/wp-json\/wp\/v2\/product"}],"about":[{"href":"https:\/\/e.kosmolat.eu\/lv\/wp-json\/wp\/v2\/types\/product"}],"wp:featuredmedia":[{"embeddable":true,"href":"https:\/\/e.kosmolat.eu\/lv\/wp-json\/wp\/v2\/media\/85694"}],"wp:attachment":[{"href":"https:\/\/e.kosmolat.eu\/lv\/wp-json\/wp\/v2\/media?parent=52415"}],"wp:term":[{"taxonomy":"product_cat","embeddable":true,"href":"https:\/\/e.kosmolat.eu\/lv\/wp-json\/wp\/v2\/product_cat?post=52415"},{"taxonomy":"product_tag","embeddable":true,"href":"https:\/\/e.kosmolat.eu\/lv\/wp-json\/wp\/v2\/product_tag?post=52415"}],"curies":[{"name":"wp","href":"https:\/\/api.w.org\/{rel}","templated":true}]}}