{"id":52407,"date":"2024-06-05T04:28:33","date_gmt":"2024-06-05T04:28:33","guid":{"rendered":"https:\/\/e.kosmolat.eu\/product\/skinlite-atlobosa-zeleja-ar-auglskabem-100-g\/"},"modified":"2026-02-11T10:30:47","modified_gmt":"2026-02-11T10:30:47","slug":"skinlite-atlobosa-zeleja-ar-auglskabem-100-g","status":"publish","type":"product","link":"https:\/\/e.kosmolat.eu\/lv\/product\/skinlite-atlobosa-zeleja-ar-auglskabem-100-g\/","title":{"rendered":"Skinlite Atlobo\u0161a \u017eeleja ar aug\u013csk\u0101b\u0113m, 100 g"},"content":{"rendered":"<p>\u017delejas-p\u012blinga iedarb\u012bbas pamat\u0101 ir aug\u013cu ekstraktu un sk\u0101bju lieto&scaron;ana, t\u0101s ne tikai maigi att\u012bra \u0101du, bet ar\u012b dabisk\u0101 veid\u0101 m\u012bkstina t\u0101s aug&scaron;\u0113jo sl\u0101ni, bet ar\u012b satur neaizvietojamas \u0101dai aminosk\u0101bes un vitam\u012bnus, kuri aktiviz\u0113 &scaron;\u016bnu re\u0123ener\u0101ciju un samazina dzi\u013cas un s\u012bkas grumbi\u0146as. \u017deleja-p\u012blings nesatur kauli\u0146us un citas ciet\u0101s da\u013ci\u0146as.<\/p>\n<p>Pateicoties speci\u0101li atlas\u012bt\u0101m m\u012bkstino&scaron;\u0101m augu sast\u0101vda\u013c\u0101m, \u017eeleja-p\u012blings sniedz nomierino&scaron;u iedarb\u012bbu un ir piem\u0113rots pat visjut\u012bg\u0101kai \u0101dai.<\/p>\n<p>P\u0113c l\u012bdzek\u013ca lieto&scaron;anas J\u016bsu \u0101da izskait\u0101s jauna, gluda un svaiga.<\/p>\n<p><strong>Lieto&scaron;ana:<\/strong>&nbsp;att\u012briet sejas \u0101du ar att\u012bro&scaron;u l\u012bdzek\u013cu pal\u012bdz\u012bbu, tad nosausiniet ar dvieli. Vienm\u0113r\u012bgi uzkl\u0101jiet \u017eeleju uz sejas \u0101das, izvairoties no acu un l\u016bpu zonas. Uzs\u0101ciet mas\u0101\u017eu p\u0113c 1 min\u016btes. Nomazg\u0101jiet seju ar siltu \u016bdeni. Tiek rekomend\u0113ts lietot 1-2 reizes ned\u0113\u013c\u0101.<\/p>\n<p><strong>Piesardz\u012bbas pas\u0101kumi:<\/strong><\/p>\n<p>1. Izvair\u012bties no lieto&scaron;anas uz boj\u0101tas, kairin\u0101tas vai saul\u0113 apdegu&scaron;\u0101s \u0101das.<\/p>\n<p>2. Izvair\u012bties no nok\u013c\u016b&scaron;anas uz acu g\u013cot\u0101das. Ja iek\u013c\u016bst &#8211; nomazg\u0101jiet ar \u016bdeni.<\/p>\n<p>3. Nelietot produktu, ja ir jut\u012bba uz k\u0101du no produkta sast\u0101vda\u013c\u0101m. Ja lieto&scaron;anas proces\u0101 uz \u0101das rodas aps\u0101rtums vai kairin\u0101jums, izbeidziet lieto&scaron;anu un v\u0113r&scaron;aties pie \u0101rsta.<\/p>\n<p>4. Tikai \u0101r\u012bgai lieto&scaron;anai! Nenor\u012bt!<\/p>\n<p>5. Uzglab\u0101t b\u0113rniem nepieejam\u0101 viet\u0101.<\/p>\n","protected":false},"excerpt":{"rendered":"<p>\u017delejas-p\u012blinga iedarb\u012bbas pamat\u0101 ir aug\u013cu ekstraktu un sk\u0101bju lieto&scaron;ana, t\u0101s ne tikai maigi att\u012bra \u0101du, bet ar\u012b dabisk\u0101 veid\u0101 m\u012bkstina t\u0101s aug&scaron;\u0113jo sl\u0101ni, bet ar\u012b satur neaizvietojamas \u0101dai aminosk\u0101bes un vitam\u012bnus, kuri aktiviz\u0113 &scaron;\u016bnu re\u0123ener\u0101ciju un samazina dzi\u013cas un s\u012bkas grumbi\u0146as. \u017deleja-p\u012blings nesatur kauli\u0146us un citas ciet\u0101s da\u013ci\u0146as. Pateicoties speci\u0101li atlas\u012bt\u0101m m\u012bkstino&scaron;\u0101m augu sast\u0101vda\u013c\u0101m, \u017eeleja-p\u012blings [&#8230;]\n","protected":false},"featured_media":85690,"template":"","meta":[],"product_cat":[1394],"product_tag":[],"class_list":{"0":"post-52407","1":"product","2":"type-product","3":"status-publish","4":"has-post-thumbnail","6":"product_brand-skinlite","7":"product_cat-skrubji-un-pilingi-sejai","9":"first","10":"outofstock","11":"taxable","12":"shipping-taxable","13":"product-type-simple"},"_links":{"self":[{"href":"https:\/\/e.kosmolat.eu\/lv\/wp-json\/wp\/v2\/product\/52407","targetHints":{"allow":["GET"]}}],"collection":[{"href":"https:\/\/e.kosmolat.eu\/lv\/wp-json\/wp\/v2\/product"}],"about":[{"href":"https:\/\/e.kosmolat.eu\/lv\/wp-json\/wp\/v2\/types\/product"}],"wp:featuredmedia":[{"embeddable":true,"href":"https:\/\/e.kosmolat.eu\/lv\/wp-json\/wp\/v2\/media\/85690"}],"wp:attachment":[{"href":"https:\/\/e.kosmolat.eu\/lv\/wp-json\/wp\/v2\/media?parent=52407"}],"wp:term":[{"taxonomy":"product_cat","embeddable":true,"href":"https:\/\/e.kosmolat.eu\/lv\/wp-json\/wp\/v2\/product_cat?post=52407"},{"taxonomy":"product_tag","embeddable":true,"href":"https:\/\/e.kosmolat.eu\/lv\/wp-json\/wp\/v2\/product_tag?post=52407"}],"curies":[{"name":"wp","href":"https:\/\/api.w.org\/{rel}","templated":true}]}}