{"id":52343,"date":"2024-06-04T23:52:38","date_gmt":"2024-06-04T23:52:38","guid":{"rendered":"https:\/\/e.kosmolat.eu\/product\/lv-soft-matte-609-lupu-zimulis-1-5-g\/"},"modified":"2025-09-20T05:17:10","modified_gmt":"2025-09-20T05:17:10","slug":"lv-soft-matte-609-lupu-zimulis-1-5-g","status":"publish","type":"product","link":"https:\/\/e.kosmolat.eu\/lv\/product\/lv-soft-matte-609-lupu-zimulis-1-5-g\/","title":{"rendered":"LV Soft Matte 609 l\u016bpu z\u012bmulis,  1.5 g"},"content":{"rendered":"<p><strong>Lieto&scaron;ana:<\/strong> uzkl\u0101jiet uz l\u016bpu kont\u016bras.<\/p>\n<p>Uzglab\u0101t temperat\u016br\u0101 no +5 &deg;\u0421 l\u012bdz +25 &deg;\u0421.<br \/>\n&nbsp;<\/p>\n","protected":false},"excerpt":{"rendered":"<p>Lieto&scaron;ana: uzkl\u0101jiet uz l\u016bpu kont\u016bras. Uzglab\u0101t temperat\u016br\u0101 no +5 &deg;\u0421 l\u012bdz +25 &deg;\u0421. &nbsp;<\/p>\n","protected":false},"featured_media":92690,"template":"","meta":[],"product_cat":[1285],"product_tag":[],"class_list":{"0":"post-52343","1":"product","2":"type-product","3":"status-publish","4":"has-post-thumbnail","6":"product_brand-lux-visage_by","7":"product_cat-lupu-zimuli","9":"first","10":"outofstock","11":"taxable","12":"shipping-taxable","13":"product-type-simple"},"_links":{"self":[{"href":"https:\/\/e.kosmolat.eu\/lv\/wp-json\/wp\/v2\/product\/52343","targetHints":{"allow":["GET"]}}],"collection":[{"href":"https:\/\/e.kosmolat.eu\/lv\/wp-json\/wp\/v2\/product"}],"about":[{"href":"https:\/\/e.kosmolat.eu\/lv\/wp-json\/wp\/v2\/types\/product"}],"wp:featuredmedia":[{"embeddable":true,"href":"https:\/\/e.kosmolat.eu\/lv\/wp-json\/wp\/v2\/media\/92690"}],"wp:attachment":[{"href":"https:\/\/e.kosmolat.eu\/lv\/wp-json\/wp\/v2\/media?parent=52343"}],"wp:term":[{"taxonomy":"product_cat","embeddable":true,"href":"https:\/\/e.kosmolat.eu\/lv\/wp-json\/wp\/v2\/product_cat?post=52343"},{"taxonomy":"product_tag","embeddable":true,"href":"https:\/\/e.kosmolat.eu\/lv\/wp-json\/wp\/v2\/product_tag?post=52343"}],"curies":[{"name":"wp","href":"https:\/\/api.w.org\/{rel}","templated":true}]}}