{"id":52233,"date":"2024-05-31T04:02:30","date_gmt":"2024-05-31T04:02:30","guid":{"rendered":"https:\/\/e.kosmolat.eu\/product\/dilis-acumen-indigo-smarzudens-viriesiem-100-ml\/"},"modified":"2025-09-20T03:46:30","modified_gmt":"2025-09-20T03:46:30","slug":"dilis-acumen-indigo-smarzudens-viriesiem-100-ml","status":"publish","type":"product","link":"https:\/\/e.kosmolat.eu\/lv\/product\/dilis-acumen-indigo-smarzudens-viriesiem-100-ml\/","title":{"rendered":"Dilis Acumen Indigo Smar\u017e\u016bdens v\u012brie\u0161iem, 100 ml"},"content":{"rendered":"<p><strong>S\u0101kuma notis: <\/strong>ciprese, kadi\u0137ogas, greipfr\u016bts, rabarbers.<br \/>\n<strong>Sirds notis: <\/strong>baltie ziedi, roze, saldie aug\u013ci.<br \/>\n<strong>Beigu notis:<\/strong> sandalkoks, muskuss.<\/p>\n<p>Uzglab\u0101t temperat\u016br\u0101 no +5 &deg;C l\u012bdz +25 &deg;C, sarg\u0101jot no tie&scaron;iem saules stariem un siltuma avotiem.&nbsp;<\/p>\n<p><strong>Piesardz\u012bbas pas\u0101kumi: <\/strong>tikai \u0101r\u012bgai lieto&scaron;anai. Izvair\u012bties no iek\u013c\u016b&scaron;anas ac\u012bs. Neizsmidzin\u0101t atkl\u0101tas liesmas tuvum\u0101. Produkta lieto&scaron;ana iek&scaron;\u0137\u012bgi ir b\u012bstama dz\u012bv\u012bbai un vesel\u012bbai.<\/p>\n<p>Etilspirta tilpuma da\u013ca 80% tilp.<br \/>\n&nbsp;<\/p>\n","protected":false},"excerpt":{"rendered":"<p>S\u0101kuma notis: ciprese, kadi\u0137ogas, greipfr\u016bts, rabarbers. Sirds notis: baltie ziedi, roze, saldie aug\u013ci. Beigu notis: sandalkoks, muskuss. Uzglab\u0101t temperat\u016br\u0101 no +5 &deg;C l\u012bdz +25 &deg;C, sarg\u0101jot no tie&scaron;iem saules stariem un siltuma avotiem.&nbsp; Piesardz\u012bbas pas\u0101kumi: tikai \u0101r\u012bgai lieto&scaron;anai. Izvair\u012bties no iek\u013c\u016b&scaron;anas ac\u012bs. Neizsmidzin\u0101t atkl\u0101tas liesmas tuvum\u0101. Produkta lieto&scaron;ana iek&scaron;\u0137\u012bgi ir b\u012bstama dz\u012bv\u012bbai un vesel\u012bbai. Etilspirta [&#8230;]\n","protected":false},"featured_media":91222,"template":"","meta":[],"product_cat":[1999],"product_tag":[],"class_list":{"0":"post-52233","1":"product","2":"type-product","3":"status-publish","4":"has-post-thumbnail","6":"product_brand-dilis-kosmetik_by","7":"product_cat-bez-kategorijas","9":"first","10":"outofstock","11":"taxable","12":"shipping-taxable","13":"product-type-simple"},"_links":{"self":[{"href":"https:\/\/e.kosmolat.eu\/lv\/wp-json\/wp\/v2\/product\/52233","targetHints":{"allow":["GET"]}}],"collection":[{"href":"https:\/\/e.kosmolat.eu\/lv\/wp-json\/wp\/v2\/product"}],"about":[{"href":"https:\/\/e.kosmolat.eu\/lv\/wp-json\/wp\/v2\/types\/product"}],"wp:featuredmedia":[{"embeddable":true,"href":"https:\/\/e.kosmolat.eu\/lv\/wp-json\/wp\/v2\/media\/91222"}],"wp:attachment":[{"href":"https:\/\/e.kosmolat.eu\/lv\/wp-json\/wp\/v2\/media?parent=52233"}],"wp:term":[{"taxonomy":"product_cat","embeddable":true,"href":"https:\/\/e.kosmolat.eu\/lv\/wp-json\/wp\/v2\/product_cat?post=52233"},{"taxonomy":"product_tag","embeddable":true,"href":"https:\/\/e.kosmolat.eu\/lv\/wp-json\/wp\/v2\/product_tag?post=52233"}],"curies":[{"name":"wp","href":"https:\/\/api.w.org\/{rel}","templated":true}]}}