{"id":52224,"date":"2024-05-30T04:02:30","date_gmt":"2024-05-30T04:02:30","guid":{"rendered":"https:\/\/e.kosmolat.eu\/product\/vollare-age-creator-atjaun-pretgrumbu-kr-70-renew-creator-50-ml\/"},"modified":"2025-09-19T23:46:36","modified_gmt":"2025-09-19T23:46:36","slug":"vollare-age-creator-atjaun-pretgrumbu-kr-70-renew-creator-50-ml","status":"publish","type":"product","link":"https:\/\/e.kosmolat.eu\/lv\/product\/vollare-age-creator-atjaun-pretgrumbu-kr-70-renew-creator-50-ml\/","title":{"rendered":"VOLLARE Age Creator Atjaun.pretgrumbu kr.70+ Renew Creator, 50 ml"},"content":{"rendered":"<p>Atjaunojo\u0161s pretgrumbu dienas un nakts sejas kr\u0113ms paredz\u0113ts ikdienas \u0101das kop\u0161anai sieviet\u0113m vecum\u0101 p\u0113c 70 gadiem neatkar\u012bgi no \u0101das tipa. Intens\u012bvi mitrina, atjauno un stiprina \u0101du. \u012apa\u0161\u0101 akt\u012bvo sast\u0101vda\u013cu kombin\u0101cija efekt\u012bvi atjauno un uzlabo \u0101das elast\u012bbu, mazina grumbas un uzlabo sejas kont\u016bras. Rezult\u0101t\u0101 \u0101da k\u013c\u016bst maiga un samtaina.<\/p>\n<ul>\n<li>SNAP-8 ir pept\u012bds, kas neitraliz\u0113 past\u0101v\u012bgu \u0101das sasprindzin\u0101jumu, samazina grumbu par\u0101d\u012b\u0161anos.<\/li>\n<li>Kolag\u0113ns &ndash; mitrina \u0101du, paaugstinot t\u0101s tvirtumu un elast\u012bbu.<\/li>\n<li>Arg\u0101ne\u013c\u013ca &ndash; efekt\u012bvi atjauno un nostiprina \u0101du, nov\u0113r\u0161ot epidermas mitruma zudumu.<\/li>\n<\/ul>\n<p><strong>Lieto\u0161ana:<\/strong> uzkl\u0101jiet kr\u0113mu uz att\u012br\u012btas sejas, kakla un dekolt\u0113 zonas \u0101das no r\u012bta un vakar\u0101.<br \/>\n&nbsp;<\/p>\n","protected":false},"excerpt":{"rendered":"<p>Atjaunojo\u0161s pretgrumbu dienas un nakts sejas kr\u0113ms paredz\u0113ts ikdienas \u0101das kop\u0161anai sieviet\u0113m vecum\u0101 p\u0113c 70 gadiem neatkar\u012bgi no \u0101das tipa. Intens\u012bvi mitrina, atjauno un stiprina \u0101du. \u012apa\u0161\u0101 akt\u012bvo sast\u0101vda\u013cu kombin\u0101cija efekt\u012bvi atjauno un uzlabo \u0101das elast\u012bbu, mazina grumbas un uzlabo sejas kont\u016bras. Rezult\u0101t\u0101 \u0101da k\u013c\u016bst maiga un samtaina. SNAP-8 ir pept\u012bds, kas neitraliz\u0113 past\u0101v\u012bgu \u0101das [&#8230;]\n","protected":false},"featured_media":87390,"template":"","meta":[],"product_cat":[1323],"product_tag":[],"class_list":{"0":"post-52224","1":"product","2":"type-product","3":"status-publish","4":"has-post-thumbnail","6":"product_brand-malina-akcija","7":"product_cat-1323","9":"first","10":"outofstock","11":"taxable","12":"shipping-taxable","13":"product-type-simple"},"_links":{"self":[{"href":"https:\/\/e.kosmolat.eu\/lv\/wp-json\/wp\/v2\/product\/52224","targetHints":{"allow":["GET"]}}],"collection":[{"href":"https:\/\/e.kosmolat.eu\/lv\/wp-json\/wp\/v2\/product"}],"about":[{"href":"https:\/\/e.kosmolat.eu\/lv\/wp-json\/wp\/v2\/types\/product"}],"wp:featuredmedia":[{"embeddable":true,"href":"https:\/\/e.kosmolat.eu\/lv\/wp-json\/wp\/v2\/media\/87390"}],"wp:attachment":[{"href":"https:\/\/e.kosmolat.eu\/lv\/wp-json\/wp\/v2\/media?parent=52224"}],"wp:term":[{"taxonomy":"product_cat","embeddable":true,"href":"https:\/\/e.kosmolat.eu\/lv\/wp-json\/wp\/v2\/product_cat?post=52224"},{"taxonomy":"product_tag","embeddable":true,"href":"https:\/\/e.kosmolat.eu\/lv\/wp-json\/wp\/v2\/product_tag?post=52224"}],"curies":[{"name":"wp","href":"https:\/\/api.w.org\/{rel}","templated":true}]}}