{"id":52127,"date":"2024-05-29T06:52:40","date_gmt":"2024-05-29T06:52:40","guid":{"rendered":"https:\/\/e.kosmolat.eu\/?post_type=product&#038;p=52127"},"modified":"2026-04-02T06:32:03","modified_gmt":"2026-04-02T06:32:03","slug":"leriny-notur-matu-kremkr-1-07-burvigi-melns-50-50-15-ml","status":"publish","type":"product","link":"https:\/\/e.kosmolat.eu\/lv\/product\/leriny-notur-matu-kremkr-1-07-burvigi-melns-50-50-15-ml\/","title":{"rendered":"Leriny Notur. matu kr\u0113mkr. 1.07 Burv\u012bgi melns, 50\/50\/15 ml"},"content":{"rendered":"<p>Inovat\u012bv\u0101 matu kr\u0113mkr\u0101sa ar atjaunojo&scaron;\u0101m \u012bpa&scaron;\u012bb\u0101m aizsarg\u0101 matus no boj\u0101jumiem kr\u0101so&scaron;anas laik\u0101. Satur hialuronsk\u0101bi un augu kerat\u012bnu, kas nodro&scaron;ina maksim\u0101lu mitrin\u0101&scaron;anu un atjauno boj\u0101to matu kutikulu. Ide\u0101li piem\u0113rota sirmu matu kr\u0101so&scaron;anai, padarot &scaron;\u0137ipsnas m\u012bkstas, z\u012bdainas un sp\u012bd\u012bgas.<\/p>\n<p>Kr\u0101sas notur\u012bbas l\u012bmenis &ndash; 3.&nbsp;<\/p>\n<p>Neizmazg\u0101jas. Lieliska un spilgta matu kr\u0101sa no matu sakn\u0113m l\u012bdz galiem.<\/p>\n<p>Bieziem un gariem matiem ieteicams izmantot divus kr\u0113mkr\u0101sas iepakojumus.<\/p>\n<p><strong>Komplekt\u0101:<\/strong> Matu kr\u0113mkr\u0101sa 50 ml, Oksid\u0113jo&scaron;a emulsija 50 ml (\u016bde\u0146ra\u017ea peroks\u012bda masas da\u013cu skat. uz iepakojuma), matu maska-balzams 15 ml, aizsargcimdu p\u0101ris, lieto&scaron;anas instrukcija 2 gab.<\/p>\n<p><strong>Lieto&scaron;ana:<\/strong>&nbsp;Uzman\u012bgi izlasiet instrukciju un iev\u0113rojiet nor\u0101d\u012bjumus.<\/p>\n<p><strong>Piesardz\u012bbas pas\u0101kumi: <\/strong>UZMAN\u012aBU! Satur &nbsp;amonjaku, \u016bde\u0146ra\u017ea peroks\u012bdu, rezorc\u012bnu, fenil\u0113ndiam\u012bnus (toluoldiam\u012bnus). Matu kr\u0101svielas var izrais\u012bt smagu aler\u0123isku reakciju. &Scaron;is l\u012bdzeklis nav paredz\u0113ts person\u0101m, kas jaun\u0101kas par 16 gadiem. Meln\u0101s hennas tetov\u0113jumi, kas nav permanenti, var paaugstin\u0101t aler\u0123ijas risku. Matus nekr\u0101sot, ja: &mdash; uz sejas ir izsitumi vai galvas \u0101da ir jut\u012bga, kairin\u0101ta vai boj\u0101ta, p\u0113c matu kr\u0101so&scaron;anas ir bijusi k\u0101da reakcija, &mdash; agr\u0101k ir bijusi reakcija uz meln\u0101s hennas tetov\u0113jumu, kas nav notur\u012bgs. Nelietot skropstu vai uzacu kr\u0101so&scaron;anai. Lietot atbilsto&scaron;us aizsargcimdus. Nepie\u013caut nok\u013c\u016b&scaron;anu ac\u012bs! Ja l\u012bdzeklis iek\u013c\u016bst ac\u012bs, t\u016bl\u012bt izskalot. Uzglab\u0101t b\u0113rniem nepieejam\u0101 viet\u0101.<\/p>\n<p>Matu maska-balzams satur A vitam\u012bnu. L\u016bgums pirms lieto&scaron;anas p\u0101rdom\u0101t savu dienas devu.<\/p>\n<p>Uzglab\u0101t temperat\u016br\u0101 no +5 &deg;\u0421 l\u012bdz +25 &deg;\u0421, sarg\u0101jot no tie&scaron;iem saules stariem.<\/p>\n<p><strong>Der\u012bguma termi\u0146&scaron;:<\/strong> 36 m\u0113ne&scaron;i.<br \/>\n&nbsp;<\/p>\n","protected":false},"excerpt":{"rendered":"<p>Inovat\u012bv\u0101 matu kr\u0113mkr\u0101sa ar atjaunojo&scaron;\u0101m \u012bpa&scaron;\u012bb\u0101m aizsarg\u0101 matus no boj\u0101jumiem kr\u0101so&scaron;anas laik\u0101. Satur hialuronsk\u0101bi un augu kerat\u012bnu, kas nodro&scaron;ina maksim\u0101lu mitrin\u0101&scaron;anu un atjauno boj\u0101to matu kutikulu. Ide\u0101li piem\u0113rota sirmu matu kr\u0101so&scaron;anai, padarot &scaron;\u0137ipsnas m\u012bkstas, z\u012bdainas un sp\u012bd\u012bgas. Kr\u0101sas notur\u012bbas l\u012bmenis &ndash; 3.&nbsp; Neizmazg\u0101jas. Lieliska un spilgta matu kr\u0101sa no matu sakn\u0113m l\u012bdz galiem. Bieziem un [&#8230;]\n","protected":false},"featured_media":78470,"template":"","meta":[],"product_cat":[2182],"product_tag":[],"class_list":{"0":"post-52127","1":"product","2":"type-product","3":"status-publish","4":"has-post-thumbnail","6":"product_brand-kombi_ua","7":"product_cat-bez-kategorijas-ru","9":"first","10":"instock","11":"taxable","12":"shipping-taxable","13":"product-type-simple"},"_links":{"self":[{"href":"https:\/\/e.kosmolat.eu\/lv\/wp-json\/wp\/v2\/product\/52127","targetHints":{"allow":["GET"]}}],"collection":[{"href":"https:\/\/e.kosmolat.eu\/lv\/wp-json\/wp\/v2\/product"}],"about":[{"href":"https:\/\/e.kosmolat.eu\/lv\/wp-json\/wp\/v2\/types\/product"}],"wp:featuredmedia":[{"embeddable":true,"href":"https:\/\/e.kosmolat.eu\/lv\/wp-json\/wp\/v2\/media\/78470"}],"wp:attachment":[{"href":"https:\/\/e.kosmolat.eu\/lv\/wp-json\/wp\/v2\/media?parent=52127"}],"wp:term":[{"taxonomy":"product_cat","embeddable":true,"href":"https:\/\/e.kosmolat.eu\/lv\/wp-json\/wp\/v2\/product_cat?post=52127"},{"taxonomy":"product_tag","embeddable":true,"href":"https:\/\/e.kosmolat.eu\/lv\/wp-json\/wp\/v2\/product_tag?post=52127"}],"curies":[{"name":"wp","href":"https:\/\/api.w.org\/{rel}","templated":true}]}}