{"id":52099,"date":"2024-05-28T11:06:38","date_gmt":"2024-05-28T11:06:38","guid":{"rendered":"https:\/\/e.kosmolat.eu\/?post_type=product&#038;p=52099"},"modified":"2026-03-17T14:10:43","modified_gmt":"2026-03-17T14:10:43","slug":"hp-fito-linija-matu-kremkrasa-38-karamelu-kastanis-2-x-25-25-10-ml","status":"publish","type":"product","link":"https:\/\/e.kosmolat.eu\/lv\/product\/hp-fito-linija-matu-kremkrasa-38-karamelu-kastanis-2-x-25-25-10-ml\/","title":{"rendered":"HP Fito Linija Matu kr\u0113mkr\u0101sa 38 Karame\u013cu kastanis , 2 x 25\/25\/10 ml"},"content":{"rendered":"<p>Intens\u012bvam un notur\u012bgam kr\u0101sas tonim un garant\u0113tai sirmu matu kr\u0101so&scaron;anai. Nevainojama matu kop&scaron;ana kr\u0101so&scaron;anas laik\u0101, pateicoties dab\u012bgaj\u0101m p\u012bl\u0101d\u017eu un ol\u012bvu e\u013c\u013c\u0101m. Kr\u0113mkr\u0101sas formula iek\u013c\u016bst dzi\u013ci matu strukt\u016br\u0101, nodro&scaron;inot ilgsto&scaron;u intens\u012bvu kr\u0101su ar neticamu sp\u012bdumu. Savuk\u0101rt \u012bpa&scaron;ais balzams ar di\u017edad\u017ea, smilts\u0113rk&scaron;\u0137u un linu fitokompleksu nosl\u0113dz kr\u0101so&scaron;anas proced\u016bru, nodro&scaron;ina saudz\u012bgu matu kop&scaron;anu p\u0113c kr\u0101so&scaron;anas, kr\u0101sas stabilit\u0101ti un intensit\u0101ti, padara matus p\u0101rsteidzo&scaron;i m\u012bkstus un z\u012bdaini sp\u012bd\u012bgus. Kr\u0101so&scaron;anas rezult\u0101ts ir atkar\u012bgs no s\u0101kotn\u0113j\u0101s matu kr\u0101sas. Ja dab\u012bg\u0101 kr\u0101sa ir tum&scaron;\u0101ka par v\u0113lamo toni p\u0113c kr\u0101so&scaron;anas, mati ir iepriek&scaron; j\u0101balina.<\/p>\n<p><strong>Iepakojuma saturs: <\/strong>kr\u0113mkr\u0101sa 2 x 25 ml, kr\u0113mveida oksid\u0113t\u0101js 2 x 25 ml (\u016bde\u0146ra\u017ea peroks\u012bda masas da\u013cu skat. uz iepakojuma) balzams 2 x 10 ml, cimdi, lieto&scaron;anas instrukcija.<\/p>\n<p><strong>Lieto&scaron;ana:<\/strong> lieto&scaron;anas instrukciju skat\u012bt iepakojuma iek&scaron;pus\u0113.<\/p>\n<p><strong>PIESARDZ\u012aBAS PAS\u0100KUMI:&nbsp;Br\u012bdin\u0101jums:<\/strong> Matu kr\u0101svielas var izrais\u012bt smagu aler\u0123isku reakciju. Izlas\u012bt un iev\u0113rot nor\u0101d\u012bjumus. &Scaron;is l\u012bdzeklis nav paredz\u0113ts person\u0101m, kas jaun\u0101kas par 16 gadiem. Meln\u0101s hennas tetov\u0113jumi, kas nav permanenti, var paaugstin\u0101t aler\u0123iju risku.<\/p>\n<p><strong>Matus nekr\u0101sot, ja:<\/strong><br \/>\n&#8211; uz sejas ir izsitumi vai galvas \u0101da ir jut\u012bga, kairin\u0101ta vai boj\u0101ta;<br \/>\n&#8211; p\u0113c matu kr\u0101so&scaron;anas ir bijusi k\u0101da reakcija;&nbsp;<br \/>\n&#8211; agr\u0101k ir bijusi reakcija uz meln\u0101s hennas tetov\u0113jumu, kas nav notur\u012bgs.<\/p>\n<p>Kr\u0113mkr\u0101sa var satur\u0113t fenil\u0113ndiam\u012bnus (phenylenediamines (toluenediamines), rezorc\u012bnu (resorcinol), amonjaku (ammonia) (skat. sast\u0101vu). Kr\u0113mveida oksid\u0113t\u0101js satur \u016bde\u0146ra\u017ea peroks\u012bdu.<\/p>\n<p>Nelietot skropstu vai uzacu kr\u0101so&scaron;anai. P\u0113c kr\u0101so&scaron;anas r\u016bp\u012bgi izskalot matus.&nbsp;Veiciet \u0101das jut\u012bbas testu 24 stundas pirms katras kr\u0101so&scaron;anas reizes, pat ja agr\u0101k esat lietojis matu kr\u0113mkr\u0101sas.&nbsp;<br \/>\nIzvairieties no kr\u0101sojo&scaron;\u0101 mais\u012bjuma iek\u013c\u016b&scaron;anas ac\u012bs. Ja nok\u013c\u016bst ac\u012bs, nekav\u0113joties izskalojiet ar \u016bdeni.&nbsp;Izmantojiet komplekt\u0101 iek\u013cautos cimdus. Str\u0101d\u0101jot ar kr\u0113mkr\u0101su, neizmantojiet met\u0101la priek&scaron;metus.Uzglab\u0101t b\u0113rniem nepieejam\u0101 viet\u0101.<\/p>\n<p><strong>Uzglab\u0101&scaron;anas noteikumi:<\/strong> uzglab\u0101t temperat\u016br\u0101 no +5 &ordm;C l\u012bdz +25 &ordm;C, sarg\u0101jot no tie&scaron;iem saules stariem, vismaz 0,5 m att\u0101lum\u0101 no apkures ier\u012bc\u0113m. Tuk&scaron;o iepakojumu utiliz\u0113t k\u0101 sadz\u012bves atkritumus.<br \/>\n&nbsp;<\/p>\n","protected":false},"excerpt":{"rendered":"<p>Intens\u012bvam un notur\u012bgam kr\u0101sas tonim un garant\u0113tai sirmu matu kr\u0101so&scaron;anai. Nevainojama matu kop&scaron;ana kr\u0101so&scaron;anas laik\u0101, pateicoties dab\u012bgaj\u0101m p\u012bl\u0101d\u017eu un ol\u012bvu e\u013c\u013c\u0101m. Kr\u0113mkr\u0101sas formula iek\u013c\u016bst dzi\u013ci matu strukt\u016br\u0101, nodro&scaron;inot ilgsto&scaron;u intens\u012bvu kr\u0101su ar neticamu sp\u012bdumu. Savuk\u0101rt \u012bpa&scaron;ais balzams ar di\u017edad\u017ea, smilts\u0113rk&scaron;\u0137u un linu fitokompleksu nosl\u0113dz kr\u0101so&scaron;anas proced\u016bru, nodro&scaron;ina saudz\u012bgu matu kop&scaron;anu p\u0113c kr\u0101so&scaron;anas, kr\u0101sas stabilit\u0101ti un [&#8230;]\n","protected":false},"featured_media":98470,"template":"","meta":[],"product_cat":[1442],"product_tag":[],"class_list":{"0":"post-52099","1":"product","2":"type-product","3":"status-publish","4":"has-post-thumbnail","6":"product_brand-supermash_ua","7":"product_cat-plauku-dazai-plauku-dazai","9":"first","10":"instock","11":"taxable","12":"shipping-taxable","13":"product-type-simple"},"_links":{"self":[{"href":"https:\/\/e.kosmolat.eu\/lv\/wp-json\/wp\/v2\/product\/52099","targetHints":{"allow":["GET"]}}],"collection":[{"href":"https:\/\/e.kosmolat.eu\/lv\/wp-json\/wp\/v2\/product"}],"about":[{"href":"https:\/\/e.kosmolat.eu\/lv\/wp-json\/wp\/v2\/types\/product"}],"wp:featuredmedia":[{"embeddable":true,"href":"https:\/\/e.kosmolat.eu\/lv\/wp-json\/wp\/v2\/media\/98470"}],"wp:attachment":[{"href":"https:\/\/e.kosmolat.eu\/lv\/wp-json\/wp\/v2\/media?parent=52099"}],"wp:term":[{"taxonomy":"product_cat","embeddable":true,"href":"https:\/\/e.kosmolat.eu\/lv\/wp-json\/wp\/v2\/product_cat?post=52099"},{"taxonomy":"product_tag","embeddable":true,"href":"https:\/\/e.kosmolat.eu\/lv\/wp-json\/wp\/v2\/product_tag?post=52099"}],"curies":[{"name":"wp","href":"https:\/\/api.w.org\/{rel}","templated":true}]}}