{"id":52038,"date":"2024-05-27T07:06:22","date_gmt":"2024-05-27T07:06:22","guid":{"rendered":"https:\/\/e.kosmolat.eu\/product\/%d0%bf%d1%8f%d1%82%d0%bd%d0%be%d0%b2u%d0%b2%d0%beac%d1%82%d0%b5eu-ae%d1%8f-%d1%82%d0%baa%d0%bd%d0%b5%d0%b9\/"},"modified":"2026-04-24T07:29:14","modified_gmt":"2026-04-24T07:29:14","slug":"sila-oxi-universals-traipu-tirisanas-lidz-velai-900-g","status":"publish","type":"product","link":"https:\/\/e.kosmolat.eu\/lv\/product\/sila-oxi-universals-traipu-tirisanas-lidz-velai-900-g\/","title":{"rendered":"Sila Oxi Univers\u0101ls traipu t\u012br\u012b\u0161anas l\u012bdz. ve\u013cai, 900 g"},"content":{"rendered":"<p>Produktu var lietot gan patst\u0101v\u012bgi, gan k\u0101 ve\u013cas pulvera pastiprin\u0101t\u0101ju. Pirms lieto&scaron;anas izlasiet lieto&scaron;anas instrukciju. Nesatur fosf\u0101tus un hloru.<\/p>\n<p><strong>Lieto&scaron;ana:<\/strong><br \/>\n<strong>Mazg\u0101jot ve\u013cas ma&scaron;\u012bn\u0101:<\/strong> iebert nepiecie&scaron;amo produkta daudzumu kop\u0101 ar ve\u013cas pulveri ve\u013cas ma&scaron;\u012bnas galvenaj\u0101 nodal\u012bjum\u0101. Mazg\u0101t temperat\u016br\u0101, kas nor\u0101d\u012bta uz auduma eti\u0137et\u0113m. L\u012bdzek\u013ca daudzums vienam ve\u013cas mazg\u0101&scaron;anas ciklam (4-5 kg sausas ve\u013cas): viegli\/vid\u0113ji net\u012brai ve\u013cai &ndash; 40-60 g produkta m\u012bkst\u0101 vai vid\u0113ji ciet\u0101 \u016bden\u012b, 60-70 g produkta ciet\u0101 \u016bden\u012b. \u013boti net\u012brai ve\u013cai palielin\u0101t nor\u0101d\u012bto daudzumu par 10-30 g.<br \/>\n<strong>Mazg\u0101jot ar rok\u0101m:<\/strong> piln\u012bb\u0101 iz&scaron;\u0137\u012bdin\u0101t 40-60 g produkta kop\u0101 ar ve\u013cas pulveri 10 litros \u016bdens, temperat\u016br\u0101, kas nor\u0101d\u012bta uz auduma eti\u0137et\u0113m. Atst\u0101t ve\u013cu &scaron;\u0137\u012bdum\u0101 uz 15-20 min\u016bt\u0113m, laiku pa laikam samaisot. P\u0113c tam r\u016bp\u012bgi izmazg\u0101t un izskalot.<br \/>\n<strong>M\u0113rc\u0113jot: <\/strong>piln\u012bb\u0101 iz&scaron;\u0137\u012bdin\u0101t 40-60 g produkta (atkar\u012bb\u0101 no net\u012br\u012bbas pak\u0101pes) 10 litros \u016bdens, temperat\u016br\u0101, kas nor\u0101d\u012bta uz auduma eti\u0137et\u0113m. Atst\u0101t ve\u013cu &scaron;\u0137\u012bdum\u0101 uz 30-60 min\u016bt\u0113m, laiku pa laikam samaisot. P\u0113c tam nomazg\u0101t to.<br \/>\n<strong>Notur\u012bgu traipu iepriek&scaron;\u0113ja apstr\u0101de: <\/strong>samais\u012bt 40-60 g produkta ar nelielu daudzumu silta \u016bdens (30-40 &deg;C), l\u012bdz veidojas pastas konsistence. Uzkl\u0101t uz traipa, viegli paberz\u0113t, atst\u0101t uz 15-30 min\u016bt\u0113m, p\u0113c tam nomazg\u0101t.<\/p>\n<p>Uzglab\u0101t temperat\u016br\u0101 l\u012bdz +35 &ordm;C, gaisa mitrum\u0101, kas nep\u0101rsniedz 95%, sarg\u0101jot no tie&scaron;iem saules stariem. Uzglab\u0101t atsevi&scaron;\u0137i no p\u0101rtikas produktiem un dz\u012bvnieku bar\u012bbas.<\/p>\n<p><strong>Der\u012bguma termi\u0146&scaron;:<\/strong> 36 m\u0113ne&scaron;i.<\/p>\n<p><strong>Sast\u0101v\u0101:<\/strong> 30 % un vair\u0101k balin\u0101t\u0101js, kura pamat\u0101 ir sk\u0101bek\u013cis, 30 % un vair\u0101k n\u0101trija sulf\u0101ts, 5 % un vair\u0101k, bet maz\u0101k nek\u0101 15 % n\u0101trija karbon\u0101ts, maz\u0101k par 5 % anjonu virsmakt\u012bvo vielu. Fermenti. Optiskais balin\u0101t\u0101js. Smar\u017eas un arom\u0101tisk\u0101s kompoz\u012bcijas.<\/p>\n<p>\n<strong><img decoding=\"async\" alt=\"\" src=\"file:\/\/\/C:\/Users\/masha\/Desktop\/GHS05.jpg\" style=\"height:40px; width:40px\" \/>GHS05&nbsp;B\u012bstami<\/strong><br \/>\n<strong>H318<\/strong> Izraisa nopietnus acu boj\u0101jumus&nbsp;<br \/>\n<strong><img decoding=\"async\" alt=\"\" src=\"file:\/\/\/C:\/Users\/masha\/Desktop\/GHS07.png\" style=\"height:40px; width:40px\" \/>GHS07&nbsp;Uzman\u012bbu<\/strong><br \/>\n<strong>H302<\/strong> Kait\u012bgs, ja norij.<br \/>\nDro&scaron;\u012bbas pras\u012bbu apz\u012bm\u0113jumi:<br \/>\nP102 Sarg\u0101t no b\u0113rniem.<br \/>\nP264 P\u0113c izmanto&scaron;anas rokas k\u0101rt\u012bgi nomazg\u0101t.<br \/>\nP270 Ne\u0113st, nedzert un nesm\u0113\u0137\u0113t produkta izmanto&scaron;anas laik\u0101.<br \/>\nP280 Izmantot aizsargcimdus\/acu aizsargus.<br \/>\nP305+P351+P338 SASKAR\u0112 AR AC\u012aM: Uzman\u012bgi izskalot ar \u016bdeni vair\u0101kas min\u016btes. Iz\u0146emt kontaktl\u0113cas, ja t\u0101s ir ievietotas un ja to var vienk\u0101r&scaron;i izdar\u012bt. Turpin\u0101t skalot.<br \/>\nP310 Nekav\u0113joties sazinieties ar SAIND\u0112&Scaron;AN\u0100S INFORM\u0100CIJAS CENTRU\/\u0101rstu ja jums ir slikta pa&scaron;saj\u016bta.<br \/>\nP301+P312 NOR\u012a&Scaron;ANAS GAD\u012aJUM\u0100: Sazinieties ar SAIND\u0112&Scaron;AN\u0100S INFORM\u0100CIJAS CENTRU\/ \u0101rstu, ja jums ir slikta pa&scaron;saj\u016bta.<br \/>\n\u0420330 Izskalot muti.<br \/>\nP501 Atbr\u012bvoties no satura\/tvertnes\/iepakojuma saska\u0146\u0101 ar valsts noteikumiem.<\/p>\n","protected":false},"excerpt":{"rendered":"<p>Produktu var lietot gan patst\u0101v\u012bgi, gan k\u0101 ve\u013cas pulvera pastiprin\u0101t\u0101ju. Pirms lieto&scaron;anas izlasiet lieto&scaron;anas instrukciju. Nesatur fosf\u0101tus un hloru. Lieto&scaron;ana: Mazg\u0101jot ve\u013cas ma&scaron;\u012bn\u0101: iebert nepiecie&scaron;amo produkta daudzumu kop\u0101 ar ve\u013cas pulveri ve\u013cas ma&scaron;\u012bnas galvenaj\u0101 nodal\u012bjum\u0101. Mazg\u0101t temperat\u016br\u0101, kas nor\u0101d\u012bta uz auduma eti\u0137et\u0113m. L\u012bdzek\u013ca daudzums vienam ve\u013cas mazg\u0101&scaron;anas ciklam (4-5 kg sausas ve\u013cas): viegli\/vid\u0113ji net\u012brai ve\u013cai [&#8230;]\n","protected":false},"featured_media":92650,"template":"","meta":[],"product_cat":[1532],"product_tag":[],"class_list":{"0":"post-52038","1":"product","2":"type-product","3":"status-publish","4":"has-post-thumbnail","6":"product_brand-slobozanskij-milovar_ua","7":"product_cat-lidzekli-pret-traipiem","9":"first","10":"instock","11":"taxable","12":"shipping-taxable","13":"product-type-simple"},"_links":{"self":[{"href":"https:\/\/e.kosmolat.eu\/lv\/wp-json\/wp\/v2\/product\/52038","targetHints":{"allow":["GET"]}}],"collection":[{"href":"https:\/\/e.kosmolat.eu\/lv\/wp-json\/wp\/v2\/product"}],"about":[{"href":"https:\/\/e.kosmolat.eu\/lv\/wp-json\/wp\/v2\/types\/product"}],"wp:featuredmedia":[{"embeddable":true,"href":"https:\/\/e.kosmolat.eu\/lv\/wp-json\/wp\/v2\/media\/92650"}],"wp:attachment":[{"href":"https:\/\/e.kosmolat.eu\/lv\/wp-json\/wp\/v2\/media?parent=52038"}],"wp:term":[{"taxonomy":"product_cat","embeddable":true,"href":"https:\/\/e.kosmolat.eu\/lv\/wp-json\/wp\/v2\/product_cat?post=52038"},{"taxonomy":"product_tag","embeddable":true,"href":"https:\/\/e.kosmolat.eu\/lv\/wp-json\/wp\/v2\/product_tag?post=52038"}],"curies":[{"name":"wp","href":"https:\/\/api.w.org\/{rel}","templated":true}]}}