{"id":52031,"date":"2024-05-24T10:06:32","date_gmt":"2024-05-24T10:06:32","guid":{"rendered":"https:\/\/e.kosmolat.eu\/product\/blyskavka-furniture-polish-lemon-300-ml\/"},"modified":"2026-04-23T14:14:12","modified_gmt":"2026-04-23T14:14:12","slug":"i_blyskavka-mebelu-pules-lidz-ar-citrona-arom-300-ml","status":"publish","type":"product","link":"https:\/\/e.kosmolat.eu\/lv\/product\/i_blyskavka-mebelu-pules-lidz-ar-citrona-arom-300-ml\/","title":{"rendered":"I_Blyskavka M\u0113be\u013cu pul\u0113\u0161 l\u012bdz. ar citrona arom., 300 ml"},"content":{"rendered":"<p>M\u0113be\u013cu pul\u0113&scaron;anas l\u012bdzeklis att\u012bra no net\u012brumiem, putek\u013ciem un traipiem, neboj\u0101jot koka m\u0113beles. Lakas p\u0101rkl\u0101jums ilgsto&scaron;i saglab\u0101 sp\u012bdumu. Unik\u0101lajai formulai ir pat\u012bkams arom\u0101ts.<\/p>\n<p><strong>Lieto&scaron;ana: <\/strong>pirms lieto&scaron;anas sakratiet balonu, turiet to vertik\u0101li un izsmidziniet l\u012bdzekli no att\u0101luma 10-20 cm. Lai padar\u012btu virsmu sp\u012bd\u012bgu, noslaukiet to ar lupati\u0146u.<br \/>\nUzglab\u0101t temperat\u016br\u0101 no +5&deg;C l\u012bdz +50&deg;C.<\/p>\n<p><strong>Der\u012bguma termi\u0146&scaron;:<\/strong> 3 gadi no izgatavo&scaron;anas datuma.<\/p>\n<p><strong>Sast\u0101v\u0101: <\/strong>5 % un vair\u0101k, bet maz\u0101k nek\u0101 30 % alif\u0101tisko og\u013c\u016bde\u0146ra\u017eu (prop\u0101ns, but\u0101ns, isobut\u0101ns). Smar\u017eas un arom\u0101tisk\u0101s kompoz\u012bcijas\/ Hexyl Cinnamal, Limonene, Linalool. Konservants\/ Sodium Benzoate.<\/p>\n<p>&nbsp;<\/p>\n<p><strong><img decoding=\"async\" alt=\"\" src=\"file:\/\/\/C:\/Users\/masha\/Desktop\/GHS%2002.jpg\" style=\"height:40px; width:40px\" \/>GHS02&nbsp;&nbsp;B\u012bstami<\/strong><br \/>\n<strong>H222<\/strong> \u012apa&scaron;i viegli uzliesmojo&scaron;s aerosols.<br \/>\n<strong>\u041d229<\/strong> Tvertne zem spiediena: karstum\u0101 var eksplod\u0113t.<br \/>\nDro&scaron;\u012bbas pras\u012bbu apz\u012bm\u0113jumi:<br \/>\nP102 Sarg\u0101t no b\u0113rniem.<br \/>\nP103 Pirms izmanto&scaron;anas izlas\u012bt eti\u0137eti.<br \/>\nP210 Sarg\u0101t no karstuma, karst\u0101m virsm\u0101m, dzirkstel\u0113m, atkl\u0101tas uguns un citiem aizdeg&scaron;an\u0101s avotiem. Nesm\u0113\u0137\u0113t.<br \/>\nP211 Neizsmidzin\u0101t uz atkl\u0101tas uguns vai citiem aizdeg&scaron;an\u0101s avotiem.<br \/>\nP251 Nedurt vai nededzin\u0101t, ar\u012b p\u0113c izlieto&scaron;anas.<br \/>\nP410+P412 Aizsarg\u0101t no saules gaismas. Nepak\u013caut temperat\u016brai, kas p\u0101rsniedz 50 o C\/122 o F.<br \/>\n&nbsp;<\/p>\n","protected":false},"excerpt":{"rendered":"<p>M\u0113be\u013cu pul\u0113&scaron;anas l\u012bdzeklis att\u012bra no net\u012brumiem, putek\u013ciem un traipiem, neboj\u0101jot koka m\u0113beles. Lakas p\u0101rkl\u0101jums ilgsto&scaron;i saglab\u0101 sp\u012bdumu. Unik\u0101lajai formulai ir pat\u012bkams arom\u0101ts. Lieto&scaron;ana: pirms lieto&scaron;anas sakratiet balonu, turiet to vertik\u0101li un izsmidziniet l\u012bdzekli no att\u0101luma 10-20 cm. Lai padar\u012btu virsmu sp\u012bd\u012bgu, noslaukiet to ar lupati\u0146u. Uzglab\u0101t temperat\u016br\u0101 no +5&deg;C l\u012bdz +50&deg;C. Der\u012bguma termi\u0146&scaron;: 3 gadi [&#8230;]\n","protected":false},"featured_media":92490,"template":"","meta":[],"product_cat":[1726],"product_tag":[],"class_list":{"0":"post-52031","1":"product","2":"type-product","3":"status-publish","4":"has-post-thumbnail","6":"product_brand-blyskavka_ua","7":"product_cat-tirisanas-piederumi-un-preces-majai","9":"first","10":"instock","11":"taxable","12":"shipping-taxable","13":"product-type-simple"},"_links":{"self":[{"href":"https:\/\/e.kosmolat.eu\/lv\/wp-json\/wp\/v2\/product\/52031","targetHints":{"allow":["GET"]}}],"collection":[{"href":"https:\/\/e.kosmolat.eu\/lv\/wp-json\/wp\/v2\/product"}],"about":[{"href":"https:\/\/e.kosmolat.eu\/lv\/wp-json\/wp\/v2\/types\/product"}],"wp:featuredmedia":[{"embeddable":true,"href":"https:\/\/e.kosmolat.eu\/lv\/wp-json\/wp\/v2\/media\/92490"}],"wp:attachment":[{"href":"https:\/\/e.kosmolat.eu\/lv\/wp-json\/wp\/v2\/media?parent=52031"}],"wp:term":[{"taxonomy":"product_cat","embeddable":true,"href":"https:\/\/e.kosmolat.eu\/lv\/wp-json\/wp\/v2\/product_cat?post=52031"},{"taxonomy":"product_tag","embeddable":true,"href":"https:\/\/e.kosmolat.eu\/lv\/wp-json\/wp\/v2\/product_tag?post=52031"}],"curies":[{"name":"wp","href":"https:\/\/api.w.org\/{rel}","templated":true}]}}