{"id":51972,"date":"2024-05-22T04:04:37","date_gmt":"2024-05-22T04:04:37","guid":{"rendered":"https:\/\/e.kosmolat.eu\/product\/masazas-ella-aromatiska-150-ml\/"},"modified":"2025-09-19T17:47:45","modified_gmt":"2025-09-19T17:47:45","slug":"masazas-ella-aromatiska-150-ml","status":"publish","type":"product","link":"https:\/\/e.kosmolat.eu\/lv\/product\/masazas-ella-aromatiska-150-ml\/","title":{"rendered":"Mas\u0101\u017eas e\u013c\u013ca, arom\u0101tisk\u0101, 150 ml"},"content":{"rendered":"<p>Mas\u0101\u017eas e\u013c\u013cas \u201cMirolla\u201d izgatavotas no r\u016bp\u012bgi atlas\u012bta dab\u012bg\u0101 augu materi\u0101la, r\u016bp\u012bgi att\u012br\u012bti no piemais\u012bjumiem un neizsauc aler\u0123iskas reakcijas. E\u013c\u013cas sast\u0101v\u0101 ir kli\u0146\u0123er\u012b\u0161u un \u0101rstniecisk\u0101s kumel\u012btes ekstrakts, k\u0101 ar\u012b dab\u012bgs antioksidants \u2013 E vitam\u012bns. Pateicoties arom\u0101tiskaj\u0101m \u012bpa\u0161\u012bb\u0101m, e\u013c\u013ca ne tikai sniedz nomierino\u0161u iedarb\u012bbu uz nervu sist\u0113mu. Sast\u0101v\u0101 eso\u0161ie \u0101rstniec\u012bbas augu \u0113teriem piem\u012bt pretiekaisuma efekts, uzlabo imunit\u0101ti. Kli\u0146\u0123er\u012bte \u2013 satur karatono\u012bdus un sapon\u012bnus, piem\u012bt re\u0123ener\u0113jo\u0161s efekts. Kumel\u012bte \u2013 satur azul\u0113nu (antisepti\u0137is, antialer\u0123isks), samazina musku\u013cu s\u0101pes. E vitam\u012bns \u2013 antioksidants, kav\u0113 \u0101das noveco\u0161anos.\n<\/p>\n<p>Lieto\u0161ana:\n<\/p>\n<p>Nelielu e\u013c\u013cas daudzumu uzkl\u0101jiet uz \u0101das ar mas\u0101\u017eas kust\u012bb\u0101m. Var lietot l\u012bdzekli \u0137erme\u0146a kop\u0161anai p\u0113c vanno\u0161anas vai du\u0161as.\u00a0<\/p>\n<p><\/p>\n","protected":false},"excerpt":{"rendered":"<p>Mas\u0101\u017eas e\u013c\u013cas \u201cMirolla\u201d izgatavotas no r\u016bp\u012bgi atlas\u012bta dab\u012bg\u0101 augu materi\u0101la, r\u016bp\u012bgi att\u012br\u012bti no piemais\u012bjumiem un neizsauc aler\u0123iskas reakcijas. E\u013c\u013cas sast\u0101v\u0101 ir kli\u0146\u0123er\u012b\u0161u un \u0101rstniecisk\u0101s kumel\u012btes ekstrakts, k\u0101 ar\u012b dab\u012bgs antioksidants \u2013 E vitam\u012bns. Pateicoties arom\u0101tiskaj\u0101m \u012bpa\u0161\u012bb\u0101m, e\u013c\u013ca ne tikai sniedz nomierino\u0161u iedarb\u012bbu uz nervu sist\u0113mu. Sast\u0101v\u0101 eso\u0161ie \u0101rstniec\u012bbas augu \u0113teriem piem\u012bt pretiekaisuma efekts, uzlabo imunit\u0101ti. [&#8230;]\n","protected":false},"featured_media":81130,"template":"","meta":[],"product_cat":[1621],"product_tag":[],"class_list":{"0":"post-51972","1":"product","2":"type-product","3":"status-publish","4":"has-post-thumbnail","6":"product_brand-malina-akcija","7":"product_cat-aliejai","9":"first","10":"outofstock","11":"taxable","12":"shipping-taxable","13":"product-type-simple"},"_links":{"self":[{"href":"https:\/\/e.kosmolat.eu\/lv\/wp-json\/wp\/v2\/product\/51972","targetHints":{"allow":["GET"]}}],"collection":[{"href":"https:\/\/e.kosmolat.eu\/lv\/wp-json\/wp\/v2\/product"}],"about":[{"href":"https:\/\/e.kosmolat.eu\/lv\/wp-json\/wp\/v2\/types\/product"}],"wp:featuredmedia":[{"embeddable":true,"href":"https:\/\/e.kosmolat.eu\/lv\/wp-json\/wp\/v2\/media\/81130"}],"wp:attachment":[{"href":"https:\/\/e.kosmolat.eu\/lv\/wp-json\/wp\/v2\/media?parent=51972"}],"wp:term":[{"taxonomy":"product_cat","embeddable":true,"href":"https:\/\/e.kosmolat.eu\/lv\/wp-json\/wp\/v2\/product_cat?post=51972"},{"taxonomy":"product_tag","embeddable":true,"href":"https:\/\/e.kosmolat.eu\/lv\/wp-json\/wp\/v2\/product_tag?post=51972"}],"curies":[{"name":"wp","href":"https:\/\/api.w.org\/{rel}","templated":true}]}}