{"id":51842,"date":"2024-05-17T06:36:26","date_gmt":"2024-05-17T06:36:26","guid":{"rendered":"https:\/\/e.kosmolat.eu\/product\/ae%d1%8f-%d0%bc%d1%83e%d1%87c%d0%bd-77-%d0%bce-for-men-77-ml\/"},"modified":"2026-04-02T06:19:42","modified_gmt":"2026-04-02T06:19:42","slug":"effect-odekolons-viriesiem-77-ml","status":"publish","type":"product","link":"https:\/\/e.kosmolat.eu\/lv\/product\/effect-odekolons-viriesiem-77-ml\/","title":{"rendered":"EFFECT Odekolons V\u012brie\u0161iem, 77 ml"},"content":{"rendered":"<p>Etilspirta tilpuma da\u013ca, tilp. %, 62.5&plusmn;1.0.<\/p>\n<p><strong>Piesardz\u012bbas pas\u0101kumi: <\/strong>Nelietot uguns tuvum\u0101. Izvair\u012bties no saskares ar ac\u012bm. &nbsp;<\/p>\n<p>Uzglab\u0101t temperat\u016br\u0101 no +5 &deg;\u0421 l\u012bdz +25 &deg;\u0421.<br \/>\n&nbsp;<\/p>\n","protected":false},"excerpt":{"rendered":"<p>Etilspirta tilpuma da\u013ca, tilp. %, 62.5&plusmn;1.0. Piesardz\u012bbas pas\u0101kumi: Nelietot uguns tuvum\u0101. Izvair\u012bties no saskares ar ac\u012bm. &nbsp; Uzglab\u0101t temperat\u016br\u0101 no +5 &deg;\u0421 l\u012bdz +25 &deg;\u0421. &nbsp;<\/p>\n","protected":false},"featured_media":92646,"template":"","meta":[],"product_cat":[1315],"product_tag":[],"class_list":{"0":"post-51842","1":"product","2":"type-product","3":"status-publish","4":"has-post-thumbnail","6":"product_brand-effekt_ua","7":"product_cat-odekoloni-un-losjoni","9":"first","10":"instock","11":"taxable","12":"shipping-taxable","13":"product-type-simple"},"_links":{"self":[{"href":"https:\/\/e.kosmolat.eu\/lv\/wp-json\/wp\/v2\/product\/51842","targetHints":{"allow":["GET"]}}],"collection":[{"href":"https:\/\/e.kosmolat.eu\/lv\/wp-json\/wp\/v2\/product"}],"about":[{"href":"https:\/\/e.kosmolat.eu\/lv\/wp-json\/wp\/v2\/types\/product"}],"wp:featuredmedia":[{"embeddable":true,"href":"https:\/\/e.kosmolat.eu\/lv\/wp-json\/wp\/v2\/media\/92646"}],"wp:attachment":[{"href":"https:\/\/e.kosmolat.eu\/lv\/wp-json\/wp\/v2\/media?parent=51842"}],"wp:term":[{"taxonomy":"product_cat","embeddable":true,"href":"https:\/\/e.kosmolat.eu\/lv\/wp-json\/wp\/v2\/product_cat?post=51842"},{"taxonomy":"product_tag","embeddable":true,"href":"https:\/\/e.kosmolat.eu\/lv\/wp-json\/wp\/v2\/product_tag?post=51842"}],"curies":[{"name":"wp","href":"https:\/\/api.w.org\/{rel}","templated":true}]}}