{"id":51818,"date":"2024-05-17T04:09:22","date_gmt":"2024-05-17T04:09:22","guid":{"rendered":"https:\/\/e.kosmolat.eu\/product\/skin-love-kr-zeleja-ar-alveju-kombinet-un-jutigai-sejas-adai-60-g\/"},"modified":"2025-09-20T05:12:27","modified_gmt":"2025-09-20T05:12:27","slug":"skin-love-kr-zeleja-ar-alveju-kombinet-un-jutigai-sejas-adai-60-g","status":"publish","type":"product","link":"https:\/\/e.kosmolat.eu\/lv\/product\/skin-love-kr-zeleja-ar-alveju-kombinet-un-jutigai-sejas-adai-60-g\/","title":{"rendered":"Skin Love Kr-\u017eeleja. ar alveju kombin\u0113t. un jut\u012bgai sejas \u0101dai, 60 g"},"content":{"rendered":"<p>\u0421\u043e\u043a \u0410\u043b\u043e\u044d \u0412\u0435\u0440\u0430 \u0443\u0441\u043f\u043e\u043a\u0430\u0438\u0432\u0430\u0435\u0442, \u043e\u0441\u0432\u0435\u0436\u0430\u0435\u0442, \u0442\u043e\u043d\u0438\u0437\u0438\u0440\u0443\u0435\u0442, \u0443\u0431\u0438\u0440\u0430\u0435\u0442 \u0448\u0435\u043b\u0443\u0448\u0435\u043d\u0438\u044f, \u0443\u0432\u043b\u0430\u0436\u043d\u044f\u0435\u0442 \u0438 \u0432\u043e\u0441\u0441\u0442\u0430\u043d\u0430\u0432\u043b\u0438\u0432\u0430\u0435\u0442 \u043a\u043e\u0436\u0443.<\/p>\n<p><strong>\u041f\u0440\u0438\u043c\u0435\u043d\u0435\u043d\u0438\u0435: <\/strong>\u043d\u0430\u043d\u0435\u0441\u0442\u0438 \u043d\u0430 \u043e\u0447\u0438\u0449\u0435\u043d\u043d\u0443\u044e \u0441\u0443\u0445\u0443\u044e \u043a\u043e\u0436\u0443 \u043b\u0438\u0446\u0430, \u0448\u0435\u0438, \u0437\u043e\u043d\u044b \u0434\u0435\u043a\u043e\u043b\u044c\u0442\u0435. \u041c\u044f\u0433\u043a\u043e \u0440\u0430\u0441\u043f\u0440\u0435\u0434\u0435\u043b\u0438\u0442\u044c \u043f\u043e \u043c\u0430\u0441\u0441\u0430\u0436\u043d\u044b\u043c \u043b\u0438\u043d\u0438\u044f\u043c. \u041f\u043e\u0434\u0445\u043e\u0434\u0438\u0442 \u043a\u0430\u043a \u043e\u0441\u043d\u043e\u0432\u0430 \u043f\u043e\u0434 \u043c\u0430\u043a\u0438\u044f\u0436.<\/p>\n<p>\u0425\u0440\u0430\u043d\u0438\u0442\u044c \u043f\u0440\u0438 \u0442\u0435\u043c\u043f\u0435\u0440\u0430\u0442\u0443\u0440\u0435 \u043e\u0442 +5 &deg;\u0421 \u0434\u043e +25&deg;\u0421.<\/p>\n<p><strong>\u0421\u0440\u043e\u043a \u0433\u043e\u0434\u043d\u043e\u0441\u0442\u0438:<\/strong> 36 \u043c\u0435\u0441\u044f\u0446\u0435\u0432.<br \/>\n&nbsp;<\/p>\n","protected":false},"excerpt":{"rendered":"<p>\u0421\u043e\u043a \u0410\u043b\u043e\u044d \u0412\u0435\u0440\u0430 \u0443\u0441\u043f\u043e\u043a\u0430\u0438\u0432\u0430\u0435\u0442, \u043e\u0441\u0432\u0435\u0436\u0430\u0435\u0442, \u0442\u043e\u043d\u0438\u0437\u0438\u0440\u0443\u0435\u0442, \u0443\u0431\u0438\u0440\u0430\u0435\u0442 \u0448\u0435\u043b\u0443\u0448\u0435\u043d\u0438\u044f, \u0443\u0432\u043b\u0430\u0436\u043d\u044f\u0435\u0442 \u0438 \u0432\u043e\u0441\u0441\u0442\u0430\u043d\u0430\u0432\u043b\u0438\u0432\u0430\u0435\u0442 \u043a\u043e\u0436\u0443. \u041f\u0440\u0438\u043c\u0435\u043d\u0435\u043d\u0438\u0435: \u043d\u0430\u043d\u0435\u0441\u0442\u0438 \u043d\u0430 \u043e\u0447\u0438\u0449\u0435\u043d\u043d\u0443\u044e \u0441\u0443\u0445\u0443\u044e \u043a\u043e\u0436\u0443 \u043b\u0438\u0446\u0430, \u0448\u0435\u0438, \u0437\u043e\u043d\u044b \u0434\u0435\u043a\u043e\u043b\u044c\u0442\u0435. \u041c\u044f\u0433\u043a\u043e \u0440\u0430\u0441\u043f\u0440\u0435\u0434\u0435\u043b\u0438\u0442\u044c \u043f\u043e \u043c\u0430\u0441\u0441\u0430\u0436\u043d\u044b\u043c \u043b\u0438\u043d\u0438\u044f\u043c. \u041f\u043e\u0434\u0445\u043e\u0434\u0438\u0442 \u043a\u0430\u043a \u043e\u0441\u043d\u043e\u0432\u0430 \u043f\u043e\u0434 \u043c\u0430\u043a\u0438\u044f\u0436. \u0425\u0440\u0430\u043d\u0438\u0442\u044c \u043f\u0440\u0438 \u0442\u0435\u043c\u043f\u0435\u0440\u0430\u0442\u0443\u0440\u0435 \u043e\u0442 +5 &deg;\u0421 \u0434\u043e +25&deg;\u0421. \u0421\u0440\u043e\u043a \u0433\u043e\u0434\u043d\u043e\u0441\u0442\u0438: 36 \u043c\u0435\u0441\u044f\u0446\u0435\u0432. &nbsp;<\/p>\n","protected":false},"featured_media":92622,"template":"","meta":[],"product_cat":[1320],"product_tag":[],"class_list":{"0":"post-51818","1":"product","2":"type-product","3":"status-publish","4":"has-post-thumbnail","6":"product_brand-belkosmex_by","7":"product_cat-sejas-kremi","9":"first","10":"outofstock","11":"taxable","12":"shipping-taxable","13":"product-type-simple"},"_links":{"self":[{"href":"https:\/\/e.kosmolat.eu\/lv\/wp-json\/wp\/v2\/product\/51818","targetHints":{"allow":["GET"]}}],"collection":[{"href":"https:\/\/e.kosmolat.eu\/lv\/wp-json\/wp\/v2\/product"}],"about":[{"href":"https:\/\/e.kosmolat.eu\/lv\/wp-json\/wp\/v2\/types\/product"}],"wp:featuredmedia":[{"embeddable":true,"href":"https:\/\/e.kosmolat.eu\/lv\/wp-json\/wp\/v2\/media\/92622"}],"wp:attachment":[{"href":"https:\/\/e.kosmolat.eu\/lv\/wp-json\/wp\/v2\/media?parent=51818"}],"wp:term":[{"taxonomy":"product_cat","embeddable":true,"href":"https:\/\/e.kosmolat.eu\/lv\/wp-json\/wp\/v2\/product_cat?post=51818"},{"taxonomy":"product_tag","embeddable":true,"href":"https:\/\/e.kosmolat.eu\/lv\/wp-json\/wp\/v2\/product_tag?post=51818"}],"curies":[{"name":"wp","href":"https:\/\/api.w.org\/{rel}","templated":true}]}}