{"id":51802,"date":"2024-05-17T04:07:43","date_gmt":"2024-05-17T04:07:43","guid":{"rendered":"https:\/\/e.kosmolat.eu\/product\/skin-love-kr-ar-kolagenu-visiem-sejas-adas-tipiem-60-g\/"},"modified":"2025-09-20T05:11:57","modified_gmt":"2025-09-20T05:11:57","slug":"skin-love-kr-ar-kolagenu-visiem-sejas-adas-tipiem-60-g","status":"publish","type":"product","link":"https:\/\/e.kosmolat.eu\/lv\/product\/skin-love-kr-ar-kolagenu-visiem-sejas-adas-tipiem-60-g\/","title":{"rendered":"Skin Love Kr. ar kolag\u0113nu visiem sejas \u0101das tipiem, 60 g"},"content":{"rendered":"<p>J\u016bras kolag\u0113ns izl\u012bdzina \u0101du, padarot grumbas maz\u0101k paman\u0101mas. Izl\u012bdzina \u0101das toni un nostiprina to.<\/p>\n<p><strong>Lieto&scaron;ana:<\/strong> uzkl\u0101t uz sausas, att\u012br\u012btas, sejas un dekolt\u0113 zonas \u0101das un maigi sadal\u012bt pa mas\u0101\u017eas l\u012bnij\u0101m.&nbsp;Var lietot k\u0101 grima b\u0101zi.<\/p>\n<p>Uzglab\u0101t temperat\u016br\u0101 no +5 &deg;\u0421 l\u012bdz +25 &deg;\u0421.&nbsp;<\/p>\n<p><strong>Der\u012bguma termi\u0146&scaron;:<\/strong> 36 m\u0113ne&scaron;i.<br \/>\n&nbsp;<\/p>\n","protected":false},"excerpt":{"rendered":"<p>J\u016bras kolag\u0113ns izl\u012bdzina \u0101du, padarot grumbas maz\u0101k paman\u0101mas. Izl\u012bdzina \u0101das toni un nostiprina to. Lieto&scaron;ana: uzkl\u0101t uz sausas, att\u012br\u012btas, sejas un dekolt\u0113 zonas \u0101das un maigi sadal\u012bt pa mas\u0101\u017eas l\u012bnij\u0101m.&nbsp;Var lietot k\u0101 grima b\u0101zi. Uzglab\u0101t temperat\u016br\u0101 no +5 &deg;\u0421 l\u012bdz +25 &deg;\u0421.&nbsp; Der\u012bguma termi\u0146&scaron;: 36 m\u0113ne&scaron;i. &nbsp;<\/p>\n","protected":false},"featured_media":92614,"template":"","meta":[],"product_cat":[1320],"product_tag":[],"class_list":{"0":"post-51802","1":"product","2":"type-product","3":"status-publish","4":"has-post-thumbnail","6":"product_brand-belkosmex_by","7":"product_cat-sejas-kremi","9":"first","10":"outofstock","11":"taxable","12":"shipping-taxable","13":"product-type-simple"},"_links":{"self":[{"href":"https:\/\/e.kosmolat.eu\/lv\/wp-json\/wp\/v2\/product\/51802","targetHints":{"allow":["GET"]}}],"collection":[{"href":"https:\/\/e.kosmolat.eu\/lv\/wp-json\/wp\/v2\/product"}],"about":[{"href":"https:\/\/e.kosmolat.eu\/lv\/wp-json\/wp\/v2\/types\/product"}],"wp:featuredmedia":[{"embeddable":true,"href":"https:\/\/e.kosmolat.eu\/lv\/wp-json\/wp\/v2\/media\/92614"}],"wp:attachment":[{"href":"https:\/\/e.kosmolat.eu\/lv\/wp-json\/wp\/v2\/media?parent=51802"}],"wp:term":[{"taxonomy":"product_cat","embeddable":true,"href":"https:\/\/e.kosmolat.eu\/lv\/wp-json\/wp\/v2\/product_cat?post=51802"},{"taxonomy":"product_tag","embeddable":true,"href":"https:\/\/e.kosmolat.eu\/lv\/wp-json\/wp\/v2\/product_tag?post=51802"}],"curies":[{"name":"wp","href":"https:\/\/api.w.org\/{rel}","templated":true}]}}