{"id":51786,"date":"2024-05-17T04:03:47","date_gmt":"2024-05-17T04:03:47","guid":{"rendered":"https:\/\/e.kosmolat.eu\/product\/shelley-sausais-sampuns-tropical-100-ml\/"},"modified":"2025-09-20T04:00:06","modified_gmt":"2025-09-20T04:00:06","slug":"i_shelley-sausais-sampuns-tropical-100-ml","status":"publish","type":"product","link":"https:\/\/e.kosmolat.eu\/lv\/product\/i_shelley-sausais-sampuns-tropical-100-ml\/","title":{"rendered":"I_Shelley Sausais \u0161amp\u016bns Tropical, 100 ml"},"content":{"rendered":"<p>Atsvaidzina, atdz\u012bvina, nav j\u0101noskalo. Piem\u0113rots visiem matu tipiem. Sausais &scaron;amp\u016bns uzs\u016bc matu taukus, palielina matu apjomu un tie k\u013c\u016bst viegli \u0137emm\u0113jami.<\/p>\n<p><strong>Lieto&scaron;ana:&nbsp;<\/strong><br \/>\nTikai 3 vienk\u0101r&scaron;as darb\u012bbas:<br \/>\n1: Sakrat\u012bt flakonu pirms lieto&scaron;anas. Tur\u0113t flakonu 30 cm att\u0101lum\u0101 no sausiem matiem, sadal\u012bt matus un vienm\u0113r\u012bgi izsmidzin\u0101t.<br \/>\n2: K\u0101rt\u012bgi iemas\u0113t matu sakn\u0113s ar pirkstu galiem.<br \/>\n3: Tad sa\u0137emm\u0113t matus, lai no\u0146emtu p\u0101rpalikumus un ieveidot tos.<\/p>\n<p>\n<strong><img decoding=\"async\" alt=\"\" src=\"file:\/\/\/C:\/Users\/masha\/Desktop\/GHS%2002.jpg\" style=\"height:40px; width:40px\" \/>GHS02&nbsp;B\u012bstami<\/strong><br \/>\n<strong>H222 <\/strong>\u012apa&scaron;i viegli uzliesmojo&scaron;s aerosols.<br \/>\n<strong>H229<\/strong> Tvertne zem spiediena: karstum\u0101 var eksplod\u0113t.<br \/>\nDro&scaron;\u012bbas pras\u012bbu apz\u012bm\u0113jumi:<br \/>\nP102 Sarg\u0101t no b\u0113rniem.<br \/>\nP210 Sarg\u0101t no karstuma, karst\u0101m virsm\u0101m, dzirkstel\u0113m, atkl\u0101tas uguns un citiem aizdeg&scaron;an\u0101s avotiem. Nesm\u0113\u0137\u0113t.<br \/>\nP211 Neizsmidzin\u0101t uz atkl\u0101tas uguns vai citiem aizdeg&scaron;an\u0101s avotiem.<br \/>\nP251 Nedurt vai nededzin\u0101t, ar\u012b p\u0113c izlieto&scaron;anas.<br \/>\nP410+P412 Aizsarg\u0101t no saules gaismas. Nepak\u013caut temperat\u016brai, kas p\u0101rsniedz 50 &deg;C \/ 122 &deg;F.<br \/>\n&nbsp;<\/p>\n","protected":false},"excerpt":{"rendered":"<p>Atsvaidzina, atdz\u012bvina, nav j\u0101noskalo. Piem\u0113rots visiem matu tipiem. Sausais &scaron;amp\u016bns uzs\u016bc matu taukus, palielina matu apjomu un tie k\u013c\u016bst viegli \u0137emm\u0113jami. Lieto&scaron;ana:&nbsp; Tikai 3 vienk\u0101r&scaron;as darb\u012bbas: 1: Sakrat\u012bt flakonu pirms lieto&scaron;anas. Tur\u0113t flakonu 30 cm att\u0101lum\u0101 no sausiem matiem, sadal\u012bt matus un vienm\u0113r\u012bgi izsmidzin\u0101t. 2: K\u0101rt\u012bgi iemas\u0113t matu sakn\u0113s ar pirkstu galiem. 3: Tad sa\u0137emm\u0113t [&#8230;]\n","protected":false},"featured_media":78019,"template":"","meta":[],"product_cat":[1248],"product_tag":[],"class_list":{"0":"post-51786","1":"product","2":"type-product","3":"status-publish","4":"has-post-thumbnail","6":"product_brand-statestrong_gb","7":"product_cat-sampuni","9":"first","10":"outofstock","11":"taxable","12":"shipping-taxable","13":"product-type-simple"},"_links":{"self":[{"href":"https:\/\/e.kosmolat.eu\/lv\/wp-json\/wp\/v2\/product\/51786","targetHints":{"allow":["GET"]}}],"collection":[{"href":"https:\/\/e.kosmolat.eu\/lv\/wp-json\/wp\/v2\/product"}],"about":[{"href":"https:\/\/e.kosmolat.eu\/lv\/wp-json\/wp\/v2\/types\/product"}],"wp:featuredmedia":[{"embeddable":true,"href":"https:\/\/e.kosmolat.eu\/lv\/wp-json\/wp\/v2\/media\/78019"}],"wp:attachment":[{"href":"https:\/\/e.kosmolat.eu\/lv\/wp-json\/wp\/v2\/media?parent=51786"}],"wp:term":[{"taxonomy":"product_cat","embeddable":true,"href":"https:\/\/e.kosmolat.eu\/lv\/wp-json\/wp\/v2\/product_cat?post=51786"},{"taxonomy":"product_tag","embeddable":true,"href":"https:\/\/e.kosmolat.eu\/lv\/wp-json\/wp\/v2\/product_tag?post=51786"}],"curies":[{"name":"wp","href":"https:\/\/api.w.org\/{rel}","templated":true}]}}