{"id":51764,"date":"2024-05-16T04:09:19","date_gmt":"2024-05-16T04:09:19","guid":{"rendered":"https:\/\/e.kosmolat.eu\/product\/cl-ideala-ada-micelar-udens-3-in-1-kombin-un-probl-adai-390-ml\/"},"modified":"2026-03-30T08:22:02","modified_gmt":"2026-03-30T08:22:02","slug":"cl-ideala-ada-micelar-udens-3-in-1-kombin-un-probl-adai-390-ml","status":"publish","type":"product","link":"https:\/\/e.kosmolat.eu\/lv\/product\/cl-ideala-ada-micelar-udens-3-in-1-kombin-un-probl-adai-390-ml\/","title":{"rendered":"CL Ide\u0101la \u0101da Micel\u0101r. \u016bdens 3 in 1 kombin. un probl. \u0101dai, 390 ml"},"content":{"rendered":"<ul>\n<li>No\u0146em kosm\u0113tiku<\/li>\n<li>Nomierina<\/li>\n<li>Mat\u0113<\/li>\n<\/ul>\n<p>Micel\u0101rais \u016bdens ar augsti efekt\u012bv\u0101m sast\u0101vda\u013c\u0101m no\u0146em kosm\u0113tiku bez berzes vai lip\u012bguma, nekairinot acis. Piem\u0113rots kombin\u0113tai un problem\u0101tiskai \u0101dai.<\/p>\n<p><strong>Efekt\u012bv\u0101 formula satur:<\/strong><\/p>\n<ul>\n<li><strong>Cinku:<\/strong> regul\u0113 sebuma izstr\u0101di un mat\u0113 \u0101du.<\/li>\n<li><strong>Za\u013co t\u0113ju: <\/strong>nomierina un nodro&scaron;ina vesel\u012bgu sejas toni.<\/li>\n<\/ul>\n<p><strong>Lieto&scaron;ana: <\/strong>uzkl\u0101jiet nedaudz l\u012bdzek\u013ca uz vates diska un saudz\u012bgi att\u012briet sejas \u0101du. Makij\u0101\u017eas no\u0146em&scaron;anai no ac\u012bm pielieciet disku pie plaksti\u0146iem uz da\u017e\u0101m sekund\u0113m, aizveriet acis, tad saudz\u012bgi no\u0146emiet makij\u0101\u017eu. Izvairieties no iek\u013c\u016b&scaron;anas ac\u012bs.&nbsp;<\/p>\n<p>Uzglab\u0101t temperat\u016br\u0101 no 0 &deg;\u0421 l\u012bdz +25 &deg;\u0421.<br \/>\n&nbsp;<\/p>\n","protected":false},"excerpt":{"rendered":"<p>No\u0146em kosm\u0113tiku Nomierina Mat\u0113 Micel\u0101rais \u016bdens ar augsti efekt\u012bv\u0101m sast\u0101vda\u013c\u0101m no\u0146em kosm\u0113tiku bez berzes vai lip\u012bguma, nekairinot acis. Piem\u0113rots kombin\u0113tai un problem\u0101tiskai \u0101dai. Efekt\u012bv\u0101 formula satur: Cinku: regul\u0113 sebuma izstr\u0101di un mat\u0113 \u0101du. Za\u013co t\u0113ju: nomierina un nodro&scaron;ina vesel\u012bgu sejas toni. Lieto&scaron;ana: uzkl\u0101jiet nedaudz l\u012bdzek\u013ca uz vates diska un saudz\u012bgi att\u012briet sejas \u0101du. Makij\u0101\u017eas no\u0146em&scaron;anai [&#8230;]\n","protected":false},"featured_media":92638,"template":"","meta":[],"product_cat":[1999],"product_tag":[],"class_list":{"0":"post-51764","1":"product","2":"type-product","3":"status-publish","4":"has-post-thumbnail","6":"product_brand-unilever-ua","7":"product_cat-bez-kategorijas","9":"first","10":"instock","11":"taxable","12":"shipping-taxable","13":"product-type-simple"},"_links":{"self":[{"href":"https:\/\/e.kosmolat.eu\/lv\/wp-json\/wp\/v2\/product\/51764","targetHints":{"allow":["GET"]}}],"collection":[{"href":"https:\/\/e.kosmolat.eu\/lv\/wp-json\/wp\/v2\/product"}],"about":[{"href":"https:\/\/e.kosmolat.eu\/lv\/wp-json\/wp\/v2\/types\/product"}],"wp:featuredmedia":[{"embeddable":true,"href":"https:\/\/e.kosmolat.eu\/lv\/wp-json\/wp\/v2\/media\/92638"}],"wp:attachment":[{"href":"https:\/\/e.kosmolat.eu\/lv\/wp-json\/wp\/v2\/media?parent=51764"}],"wp:term":[{"taxonomy":"product_cat","embeddable":true,"href":"https:\/\/e.kosmolat.eu\/lv\/wp-json\/wp\/v2\/product_cat?post=51764"},{"taxonomy":"product_tag","embeddable":true,"href":"https:\/\/e.kosmolat.eu\/lv\/wp-json\/wp\/v2\/product_tag?post=51764"}],"curies":[{"name":"wp","href":"https:\/\/api.w.org\/{rel}","templated":true}]}}