{"id":51691,"date":"2024-05-15T12:55:52","date_gmt":"2024-05-15T12:55:52","guid":{"rendered":"https:\/\/e.kosmolat.eu\/product\/dr-retteri-castor-oil-100ml\/"},"modified":"2026-04-20T12:32:23","modified_gmt":"2026-04-20T12:32:23","slug":"dr-retter-ricinella-100-ml","status":"publish","type":"product","link":"https:\/\/e.kosmolat.eu\/lv\/product\/dr-retter-ricinella-100-ml\/","title":{"rendered":"Dr. Retter R\u012bcine\u013cla, 100 ml"},"content":{"rendered":"<p>Baro un aizsarg\u0101 \u0101du no \u0101r\u0113j\u0101s vides kait\u012bg\u0101s iedarb\u012bbas.&nbsp;\u012apa&scaron;i ieteicama sausas un raupjas roku un k\u0101ju \u0101das kop&scaron;anai. \u012apa&scaron;i ieteicama sausas un raupjas roku un k\u0101ju \u0101das kop&scaron;anai. Lieliski baro galvas \u0101du un veicina matu aug&scaron;anu. Bag\u0101tin\u0101ta ar vitam\u012bniem un miner\u0101lviel\u0101m.<\/p>\n<p>Nesatur konservantus, kr\u0101svielas un sint\u0113tiskas piedevas.<\/p>\n<p><strong>Sast\u0101vs: <\/strong>100% r\u012bcine\u013c\u013ca.<\/p>\n<p>Ja nok\u013c\u016bst ac\u012bs, nekav\u0113joties t\u0101s skalot ar lielu daudzumu \u016bdens.<\/p>\n<p>Uzglab\u0101t saus\u0101, tum&scaron;\u0101 viet\u0101, sarg\u0101jot no tie&scaron;iem saules stariem, temperat\u016br\u0101 l\u012bdz +25&deg;C. Sarg\u0101t no b\u0113rniem.<\/p>\n","protected":false},"excerpt":{"rendered":"<p>Baro un aizsarg\u0101 \u0101du no \u0101r\u0113j\u0101s vides kait\u012bg\u0101s iedarb\u012bbas.&nbsp;\u012apa&scaron;i ieteicama sausas un raupjas roku un k\u0101ju \u0101das kop&scaron;anai. \u012apa&scaron;i ieteicama sausas un raupjas roku un k\u0101ju \u0101das kop&scaron;anai. Lieliski baro galvas \u0101du un veicina matu aug&scaron;anu. Bag\u0101tin\u0101ta ar vitam\u012bniem un miner\u0101lviel\u0101m. Nesatur konservantus, kr\u0101svielas un sint\u0113tiskas piedevas. Sast\u0101vs: 100% r\u012bcine\u013c\u013ca. Ja nok\u013c\u016bst ac\u012bs, nekav\u0113joties t\u0101s [&#8230;]\n","protected":false},"featured_media":92506,"template":"","meta":[],"product_cat":[1619],"product_tag":[],"class_list":{"0":"post-51691","1":"product","2":"type-product","3":"status-publish","4":"has-post-thumbnail","6":"product_brand-skinlite","7":"product_cat-ellas","9":"first","10":"instock","11":"taxable","12":"shipping-taxable","13":"product-type-simple"},"_links":{"self":[{"href":"https:\/\/e.kosmolat.eu\/lv\/wp-json\/wp\/v2\/product\/51691","targetHints":{"allow":["GET"]}}],"collection":[{"href":"https:\/\/e.kosmolat.eu\/lv\/wp-json\/wp\/v2\/product"}],"about":[{"href":"https:\/\/e.kosmolat.eu\/lv\/wp-json\/wp\/v2\/types\/product"}],"wp:featuredmedia":[{"embeddable":true,"href":"https:\/\/e.kosmolat.eu\/lv\/wp-json\/wp\/v2\/media\/92506"}],"wp:attachment":[{"href":"https:\/\/e.kosmolat.eu\/lv\/wp-json\/wp\/v2\/media?parent=51691"}],"wp:term":[{"taxonomy":"product_cat","embeddable":true,"href":"https:\/\/e.kosmolat.eu\/lv\/wp-json\/wp\/v2\/product_cat?post=51691"},{"taxonomy":"product_tag","embeddable":true,"href":"https:\/\/e.kosmolat.eu\/lv\/wp-json\/wp\/v2\/product_tag?post=51691"}],"curies":[{"name":"wp","href":"https:\/\/api.w.org\/{rel}","templated":true}]}}