{"id":51687,"date":"2024-05-15T11:06:18","date_gmt":"2024-05-15T11:06:18","guid":{"rendered":"https:\/\/e.kosmolat.eu\/product\/dr-sante-biotin-hair-hair-loss-control-ua%d0%bc%d0%bf%d1%83%d0%bdu-250-%d0%bce\/"},"modified":"2025-09-20T05:05:48","modified_gmt":"2025-09-20T05:05:48","slug":"i_dr-s-biotin-hair-hair-loss-control-sampuns-250-ml","status":"publish","type":"product","link":"https:\/\/e.kosmolat.eu\/lv\/product\/i_dr-s-biotin-hair-hair-loss-control-sampuns-250-ml\/","title":{"rendered":"I_Dr.S BIOTIN HAIR Hair Loss Control \u0160amp\u016bns, 250 ml"},"content":{"rendered":"<p>S\u0113rija BIOTIN HAIR hair loss control &ndash; vitam\u012bnu terapija matu biezumam un sp\u0113kam ar biot\u012bnu un provitam\u012bnu B5. Satur fitantriolu.<\/p>\n<p><strong>Lieto&scaron;ana:<\/strong> uzkl\u0101t uz mitriem matiem, saputot, nomazg\u0101t ar \u016bdeni.<\/p>\n<p><strong>Piesardz\u012bbas pas\u0101kumi:<\/strong> ja iek\u013c\u016bst ac\u012bs, izskalot ar \u016bdeni. Iesp\u0113jama paaugstin\u0101ta individu\u0101l\u0101 jut\u012bba pret atsevi&scaron;\u0137\u0101m sast\u0101vda\u013c\u0101m.<\/p>\n<p>Uzglab\u0101t temperat\u016br\u0101 no +5 &deg;\u0421 l\u012bdz +25 &deg;\u0421.<br \/>\n&nbsp;<\/p>\n","protected":false},"excerpt":{"rendered":"<p>S\u0113rija BIOTIN HAIR hair loss control &ndash; vitam\u012bnu terapija matu biezumam un sp\u0113kam ar biot\u012bnu un provitam\u012bnu B5. Satur fitantriolu. Lieto&scaron;ana: uzkl\u0101t uz mitriem matiem, saputot, nomazg\u0101t ar \u016bdeni. Piesardz\u012bbas pas\u0101kumi: ja iek\u013c\u016bst ac\u012bs, izskalot ar \u016bdeni. Iesp\u0113jama paaugstin\u0101ta individu\u0101l\u0101 jut\u012bba pret atsevi&scaron;\u0137\u0101m sast\u0101vda\u013c\u0101m. Uzglab\u0101t temperat\u016br\u0101 no +5 &deg;\u0421 l\u012bdz +25 &deg;\u0421. &nbsp;<\/p>\n","protected":false},"featured_media":92510,"template":"","meta":[],"product_cat":[1248],"product_tag":[],"class_list":{"0":"post-51687","1":"product","2":"type-product","3":"status-publish","4":"has-post-thumbnail","6":"product_brand-elfa_ua","7":"product_cat-sampuni","9":"first","10":"outofstock","11":"taxable","12":"shipping-taxable","13":"product-type-simple"},"_links":{"self":[{"href":"https:\/\/e.kosmolat.eu\/lv\/wp-json\/wp\/v2\/product\/51687","targetHints":{"allow":["GET"]}}],"collection":[{"href":"https:\/\/e.kosmolat.eu\/lv\/wp-json\/wp\/v2\/product"}],"about":[{"href":"https:\/\/e.kosmolat.eu\/lv\/wp-json\/wp\/v2\/types\/product"}],"wp:featuredmedia":[{"embeddable":true,"href":"https:\/\/e.kosmolat.eu\/lv\/wp-json\/wp\/v2\/media\/92510"}],"wp:attachment":[{"href":"https:\/\/e.kosmolat.eu\/lv\/wp-json\/wp\/v2\/media?parent=51687"}],"wp:term":[{"taxonomy":"product_cat","embeddable":true,"href":"https:\/\/e.kosmolat.eu\/lv\/wp-json\/wp\/v2\/product_cat?post=51687"},{"taxonomy":"product_tag","embeddable":true,"href":"https:\/\/e.kosmolat.eu\/lv\/wp-json\/wp\/v2\/product_tag?post=51687"}],"curies":[{"name":"wp","href":"https:\/\/api.w.org\/{rel}","templated":true}]}}