{"id":51658,"date":"2024-05-15T05:36:17","date_gmt":"2024-05-15T05:36:17","guid":{"rendered":"https:\/\/e.kosmolat.eu\/?post_type=product&#038;p=51658"},"modified":"2025-09-20T05:11:28","modified_gmt":"2025-09-20T05:11:28","slug":"wellness-touch-universals-krems-ar-juras-sali-130-g","status":"publish","type":"product","link":"https:\/\/e.kosmolat.eu\/lv\/product\/wellness-touch-universals-krems-ar-juras-sali-130-g\/","title":{"rendered":"Wellness Touch Univers\u0101ls kr\u0113ms ar j\u016bras s\u0101li, 130 g"},"content":{"rendered":"<p>Piem\u0113rots sejas un \u0137erme\u0146a \u0101dai. Kr\u0113ms uztur mitruma l\u012bmeni, saglab\u0101 elast\u012bbu un atjauno \u0101du, k\u0101 ar\u012b efekt\u012bvi mitrina to. Sast\u0101v\u0101 eso&scaron;ais j\u016bras s\u0101ls un a\u013c\u0123u komplekss pies\u0101tina \u0101du ar v\u0113rt\u012bg\u0101m viel\u0101m un miner\u0101lviel\u0101m, pie&scaron;\u0137ir svaigu toni, atjauno \u0101das tonusu un uzlabo t\u0101s st\u0101vokli. Avokado, hohobas un inku in\u010di e\u013c\u013cas pies\u0101tina \u0101du ar vitam\u012bniem un mikroelementiem, efekt\u012bvi nov\u0113r&scaron;ot sausumu.<\/p>\n<p><strong>Lieto&scaron;ana: <\/strong>uzkl\u0101t uz sausas, t\u012bras sejas, kakla un \u0137erme\u0146a \u0101das. Var lietot k\u0101 grima b\u0101zi.<\/p>\n<p>Uzglab\u0101t temperat\u016br\u0101 no +5 &deg;\u0421 l\u012bdz +25 &deg;\u0421. P\u0113c atv\u0113r&scaron;anas uzglab\u0101t tum&scaron;\u0101 viet\u0101. Sarg\u0101t no tie&scaron;iem saules stariem.<\/p>\n<p><strong>Der\u012bguma termi\u0146&scaron;: <\/strong>36 m\u0113ne&scaron;i.<br \/>\n&nbsp;<\/p>\n","protected":false},"excerpt":{"rendered":"<p>Piem\u0113rots sejas un \u0137erme\u0146a \u0101dai. Kr\u0113ms uztur mitruma l\u012bmeni, saglab\u0101 elast\u012bbu un atjauno \u0101du, k\u0101 ar\u012b efekt\u012bvi mitrina to. Sast\u0101v\u0101 eso&scaron;ais j\u016bras s\u0101ls un a\u013c\u0123u komplekss pies\u0101tina \u0101du ar v\u0113rt\u012bg\u0101m viel\u0101m un miner\u0101lviel\u0101m, pie&scaron;\u0137ir svaigu toni, atjauno \u0101das tonusu un uzlabo t\u0101s st\u0101vokli. Avokado, hohobas un inku in\u010di e\u013c\u013cas pies\u0101tina \u0101du ar vitam\u012bniem un mikroelementiem, [&#8230;]\n","protected":false},"featured_media":92610,"template":"","meta":[],"product_cat":[1323],"product_tag":[],"class_list":{"0":"post-51658","1":"product","2":"type-product","3":"status-publish","4":"has-post-thumbnail","6":"product_brand-belkosmex_by","7":"product_cat-1323","9":"first","10":"outofstock","11":"taxable","12":"shipping-taxable","13":"product-type-simple"},"_links":{"self":[{"href":"https:\/\/e.kosmolat.eu\/lv\/wp-json\/wp\/v2\/product\/51658","targetHints":{"allow":["GET"]}}],"collection":[{"href":"https:\/\/e.kosmolat.eu\/lv\/wp-json\/wp\/v2\/product"}],"about":[{"href":"https:\/\/e.kosmolat.eu\/lv\/wp-json\/wp\/v2\/types\/product"}],"wp:featuredmedia":[{"embeddable":true,"href":"https:\/\/e.kosmolat.eu\/lv\/wp-json\/wp\/v2\/media\/92610"}],"wp:attachment":[{"href":"https:\/\/e.kosmolat.eu\/lv\/wp-json\/wp\/v2\/media?parent=51658"}],"wp:term":[{"taxonomy":"product_cat","embeddable":true,"href":"https:\/\/e.kosmolat.eu\/lv\/wp-json\/wp\/v2\/product_cat?post=51658"},{"taxonomy":"product_tag","embeddable":true,"href":"https:\/\/e.kosmolat.eu\/lv\/wp-json\/wp\/v2\/product_tag?post=51658"}],"curies":[{"name":"wp","href":"https:\/\/api.w.org\/{rel}","templated":true}]}}