{"id":51630,"date":"2024-05-15T04:08:42","date_gmt":"2024-05-15T04:08:42","guid":{"rendered":"https:\/\/e.kosmolat.eu\/product\/i_dd-kolagena-krems-250-ml\/"},"modified":"2025-09-19T21:37:21","modified_gmt":"2025-09-19T21:37:21","slug":"_dd-kolagena-krems-250-ml","status":"publish","type":"product","link":"https:\/\/e.kosmolat.eu\/lv\/product\/_dd-kolagena-krems-250-ml\/","title":{"rendered":"_&#8221;DD&#8221; Kolag\u0113na kr\u0113ms, 250 ml"},"content":{"rendered":"<p>Univers\u0101ls kr\u0113ms sejai un \u0137ermenim. Efekt\u012bva ekspress pal\u012bdz\u012bba J\u016bsu \u0101dai. Mitrino\u0161s kr\u0113ms 3in1: uztur optim\u0101lu mitruma l\u012bmeni, m\u012bkstina, izl\u012bdzina \u0101du. Kolag\u0113ns, pantenols un kokosriekstu e\u013c\u013ca veicina elast\u012bbas un tvirtuma saglab\u0101\u0161anu. Kr\u0113ms lieliski uzs\u016bcas, neatst\u0101j lip\u012bguma saj\u016btu. Tiek rekomend\u0113ts ikdienas kop\u0161anai.&nbsp;<br \/>\nLieto\u0161ana: uzkl\u0101t pietiekamu kr\u0113ma daudzumu un t\u012bras \u0101das, izsm\u0113r\u0113t mas\u0101\u017eas kust\u012bb\u0101m l\u012bdz tas piln\u012bb\u0101 uzs\u016bcas. Piesardz\u012bbas pas\u0101kumi: paaugstin\u0101ta individu\u0101l\u0101 jut\u012bbas uz atsevi\u0161\u0137\u0101m sast\u0101vda\u013c\u0101m. Neto tilpums\/Sast\u0101vda\u013cas\/Partijas Nr.\/Ieteicams l\u012bdz: skat. uz iepak. Uzglab. temp. +5 l\u012bdz +25&deg; C.&nbsp;<\/p>\n","protected":false},"excerpt":{"rendered":"<p>Univers\u0101ls kr\u0113ms sejai un \u0137ermenim. Efekt\u012bva ekspress pal\u012bdz\u012bba J\u016bsu \u0101dai. Mitrino\u0161s kr\u0113ms 3in1: uztur optim\u0101lu mitruma l\u012bmeni, m\u012bkstina, izl\u012bdzina \u0101du. Kolag\u0113ns, pantenols un kokosriekstu e\u013c\u013ca veicina elast\u012bbas un tvirtuma saglab\u0101\u0161anu. Kr\u0113ms lieliski uzs\u016bcas, neatst\u0101j lip\u012bguma saj\u016btu. Tiek rekomend\u0113ts ikdienas kop\u0161anai.&nbsp; Lieto\u0161ana: uzkl\u0101t pietiekamu kr\u0113ma daudzumu un t\u012bras \u0101das, izsm\u0113r\u0113t mas\u0101\u017eas kust\u012bb\u0101m l\u012bdz tas piln\u012bb\u0101 uzs\u016bcas. [&#8230;]\n","protected":false},"featured_media":85210,"template":"","meta":[],"product_cat":[1323],"product_tag":[],"class_list":{"0":"post-51630","1":"product","2":"type-product","3":"status-publish","4":"has-post-thumbnail","6":"product_brand-elfa_ua","7":"product_cat-1323","9":"first","10":"outofstock","11":"taxable","12":"shipping-taxable","13":"product-type-simple"},"_links":{"self":[{"href":"https:\/\/e.kosmolat.eu\/lv\/wp-json\/wp\/v2\/product\/51630","targetHints":{"allow":["GET"]}}],"collection":[{"href":"https:\/\/e.kosmolat.eu\/lv\/wp-json\/wp\/v2\/product"}],"about":[{"href":"https:\/\/e.kosmolat.eu\/lv\/wp-json\/wp\/v2\/types\/product"}],"wp:featuredmedia":[{"embeddable":true,"href":"https:\/\/e.kosmolat.eu\/lv\/wp-json\/wp\/v2\/media\/85210"}],"wp:attachment":[{"href":"https:\/\/e.kosmolat.eu\/lv\/wp-json\/wp\/v2\/media?parent=51630"}],"wp:term":[{"taxonomy":"product_cat","embeddable":true,"href":"https:\/\/e.kosmolat.eu\/lv\/wp-json\/wp\/v2\/product_cat?post=51630"},{"taxonomy":"product_tag","embeddable":true,"href":"https:\/\/e.kosmolat.eu\/lv\/wp-json\/wp\/v2\/product_tag?post=51630"}],"curies":[{"name":"wp","href":"https:\/\/api.w.org\/{rel}","templated":true}]}}