{"id":51622,"date":"2024-05-15T04:08:27","date_gmt":"2024-05-15T04:08:27","guid":{"rendered":"https:\/\/e.kosmolat.eu\/product\/i_za-antiperspirants-tejas-koks-un-melisa-50-ml\/"},"modified":"2026-04-11T18:47:44","modified_gmt":"2026-04-11T18:47:44","slug":"i_za-antiperspirants-tejas-koks-un-melisa-50-ml","status":"publish","type":"product","link":"https:\/\/e.kosmolat.eu\/lv\/product\/i_za-antiperspirants-tejas-koks-un-melisa-50-ml\/","title":{"rendered":"I_&#8221;ZA&#8221; Antiperspirants &#8220;T\u0113jas koks un melisa&#8221;, 50 ml"},"content":{"rendered":"<p>Pastiprin\u0101ta formula pret smaku un sviedriem<\/p>\n<p>Aizsardz\u012bba visas dienas garum\u0101<\/p>\n<p>Bez traipiem un ap\u0123\u0113rba<\/p>\n<p>Lieto\u0161ana: uzkl\u0101t uz t\u012bras, sausas padu\u0161u \u0101das.\u00a0<\/p>\n<p>Piesardz\u012bbas pas\u0101kumi: neuzkl\u0101t uz boj\u0101tas un kairin\u0101tas \u0101das. Ir iesp\u0113jama paaugstin\u0101ta individu\u0101l\u0101 jut\u012bba uz atsevi\u0161\u0137\u0101m sast\u0101vda\u013c\u0101m.\u00a0<\/p>\n","protected":false},"excerpt":{"rendered":"<p>Pastiprin\u0101ta formula pret smaku un sviedriem Aizsardz\u012bba visas dienas garum\u0101 Bez traipiem un ap\u0123\u0113rba Lieto\u0161ana: uzkl\u0101t uz t\u012bras, sausas padu\u0161u \u0101das.\u00a0 Piesardz\u012bbas pas\u0101kumi: neuzkl\u0101t uz boj\u0101tas un kairin\u0101tas \u0101das. Ir iesp\u0113jama paaugstin\u0101ta individu\u0101l\u0101 jut\u012bba uz atsevi\u0161\u0137\u0101m sast\u0101vda\u013c\u0101m.\u00a0<\/p>\n","protected":false},"featured_media":80818,"template":"","meta":[],"product_cat":[1628],"product_tag":[],"class_list":{"0":"post-51622","1":"product","2":"type-product","3":"status-publish","4":"has-post-thumbnail","6":"product_brand-sale","7":"product_cat-dezodoranti","9":"first","10":"outofstock","11":"taxable","12":"shipping-taxable","13":"product-type-simple"},"_links":{"self":[{"href":"https:\/\/e.kosmolat.eu\/lv\/wp-json\/wp\/v2\/product\/51622","targetHints":{"allow":["GET"]}}],"collection":[{"href":"https:\/\/e.kosmolat.eu\/lv\/wp-json\/wp\/v2\/product"}],"about":[{"href":"https:\/\/e.kosmolat.eu\/lv\/wp-json\/wp\/v2\/types\/product"}],"wp:featuredmedia":[{"embeddable":true,"href":"https:\/\/e.kosmolat.eu\/lv\/wp-json\/wp\/v2\/media\/80818"}],"wp:attachment":[{"href":"https:\/\/e.kosmolat.eu\/lv\/wp-json\/wp\/v2\/media?parent=51622"}],"wp:term":[{"taxonomy":"product_cat","embeddable":true,"href":"https:\/\/e.kosmolat.eu\/lv\/wp-json\/wp\/v2\/product_cat?post=51622"},{"taxonomy":"product_tag","embeddable":true,"href":"https:\/\/e.kosmolat.eu\/lv\/wp-json\/wp\/v2\/product_tag?post=51622"}],"curies":[{"name":"wp","href":"https:\/\/api.w.org\/{rel}","templated":true}]}}