{"id":51614,"date":"2024-05-15T04:08:11","date_gmt":"2024-05-15T04:08:11","guid":{"rendered":"https:\/\/e.kosmolat.eu\/product\/i_za-ricinella-matu-mazgasanai-un-stiprinasanai-250-ml\/"},"modified":"2025-09-19T15:39:32","modified_gmt":"2025-09-19T15:39:32","slug":"i_za-ricinella-matu-mazgasanai-un-stiprinasanai-250-ml","status":"publish","type":"product","link":"https:\/\/e.kosmolat.eu\/lv\/product\/i_za-ricinella-matu-mazgasanai-un-stiprinasanai-250-ml\/","title":{"rendered":"I_&#8221;ZA&#8221; R\u012bcine\u013c\u013ca matu mazg\u0101\u0161anai un stiprin\u0101\u0161anai, 250 ml"},"content":{"rendered":"<ul>\n<li>Strukt\u016bras atjauno\u0161ana<\/li>\n<li>0% kr\u0101svielu<\/li>\n<\/ul>\n<p>Maigi att\u012bra un nepadara matus taukainus, viegli nomazg\u0101t ar siltu \u016bdeni.<\/p>\n<p><b>R\u012bcine\u013c\u013ca <\/b>bag\u0101ti ar tauksk\u0101b\u0113m, starp kur\u0101m \u012bpa\u0161i v\u0113rt\u012bga ric\u012bnole\u012bnsk\u0101be, Efekt\u012bvi atjauno boj\u0101tu matu strukt\u016bru, stimul\u0113 to aug\u0161anu.<\/p>\n<p>Tiek rekomend\u0113tas l\u016bsto\u0161u, \u0161\u0137eltu matu ar tendenci uz izkri\u0161anu.\u00a0<\/p>\n<h4>Lieto\u0161ana:<\/h4>\n<p>uzkl\u0101t uz mitriem matiem, saputot, nomazg\u0101t ar \u016bdeni. Lietot \u0161amp\u016bna viet\u0101 1-2 reizes ned\u0113\u013c\u0101.<\/p>\n","protected":false},"excerpt":{"rendered":"<p>Strukt\u016bras atjauno\u0161ana 0% kr\u0101svielu Maigi att\u012bra un nepadara matus taukainus, viegli nomazg\u0101t ar siltu \u016bdeni. R\u012bcine\u013c\u013ca bag\u0101ti ar tauksk\u0101b\u0113m, starp kur\u0101m \u012bpa\u0161i v\u0113rt\u012bga ric\u012bnole\u012bnsk\u0101be, Efekt\u012bvi atjauno boj\u0101tu matu strukt\u016bru, stimul\u0113 to aug\u0161anu. Tiek rekomend\u0113tas l\u016bsto\u0161u, \u0161\u0137eltu matu ar tendenci uz izkri\u0161anu.\u00a0 Lieto\u0161ana: uzkl\u0101t uz mitriem matiem, saputot, nomazg\u0101t ar \u016bdeni. Lietot \u0161amp\u016bna viet\u0101 1-2 reizes [&#8230;]\n","protected":false},"featured_media":78934,"template":"","meta":[],"product_cat":[1345],"product_tag":[],"class_list":{"0":"post-51614","1":"product","2":"type-product","3":"status-publish","4":"has-post-thumbnail","6":"product_brand-elfa_ua","7":"product_cat-kitos-plauku-prieziuros-priemones","9":"first","10":"outofstock","11":"taxable","12":"shipping-taxable","13":"product-type-simple"},"_links":{"self":[{"href":"https:\/\/e.kosmolat.eu\/lv\/wp-json\/wp\/v2\/product\/51614","targetHints":{"allow":["GET"]}}],"collection":[{"href":"https:\/\/e.kosmolat.eu\/lv\/wp-json\/wp\/v2\/product"}],"about":[{"href":"https:\/\/e.kosmolat.eu\/lv\/wp-json\/wp\/v2\/types\/product"}],"wp:featuredmedia":[{"embeddable":true,"href":"https:\/\/e.kosmolat.eu\/lv\/wp-json\/wp\/v2\/media\/78934"}],"wp:attachment":[{"href":"https:\/\/e.kosmolat.eu\/lv\/wp-json\/wp\/v2\/media?parent=51614"}],"wp:term":[{"taxonomy":"product_cat","embeddable":true,"href":"https:\/\/e.kosmolat.eu\/lv\/wp-json\/wp\/v2\/product_cat?post=51614"},{"taxonomy":"product_tag","embeddable":true,"href":"https:\/\/e.kosmolat.eu\/lv\/wp-json\/wp\/v2\/product_tag?post=51614"}],"curies":[{"name":"wp","href":"https:\/\/api.w.org\/{rel}","templated":true}]}}