{"id":51606,"date":"2024-05-15T04:07:47","date_gmt":"2024-05-15T04:07:47","guid":{"rendered":"https:\/\/e.kosmolat.eu\/product\/i_za-dadzu-ella-matu-mazgasanai-un-stiprinasanai-250-ml\/"},"modified":"2025-09-19T15:39:18","modified_gmt":"2025-09-19T15:39:18","slug":"i_za-dadzu-ella-matu-mazgasanai-un-stiprinasanai-250-ml","status":"publish","type":"product","link":"https:\/\/e.kosmolat.eu\/lv\/product\/i_za-dadzu-ella-matu-mazgasanai-un-stiprinasanai-250-ml\/","title":{"rendered":"I_&#8221;ZA&#8221; Dad\u017eu e\u013c\u013ca matu mazg\u0101\u0161anai un stiprin\u0101\u0161anai, 250 ml"},"content":{"rendered":"<ul>\n<li>Pret matu izkri\u0161anu<\/li>\n<li>0% kr\u0101svielas<\/li>\n<\/ul>\n<p>Maigi att\u012bra un nepadara matu taukainus, viegli nomazg\u0101t ar siltu \u016bdeni.<\/p>\n<p><b>Dad\u017eu e\u013c\u013cu<\/b> efekt\u012bvi iedarbojas uz v\u0101j\u0101m matu sakn\u0113m, bag\u0101tinot matu folikulas ar nepiecie\u0161am\u0101m viel\u0101m to stiprin\u0101\u0161anai.\u00a0<\/p>\n<p>Blo\u0137\u0113 fermentu iedarb\u012bbu, kas izsauc matu izkri\u0161anu. Tiek rekomend\u0113ts nov\u0101jin\u0101tu matu att\u012br\u012b\u0161anai, kas ir tend\u0113ti uz matu izkri\u0161anu.\u00a0<\/p>\n<h4>Lieto\u0161ana:\u00a0<\/h4>\n<p>uzkl\u0101t uz mitriem matiem, saputot, nomazg\u0101t ar \u016bdeni. Lietot \u0161amp\u016bna viet\u0101 1-2 reizes ned\u0113\u013c\u0101.<\/p>\n<h4>Piesardz\u012bbas pas\u0101kumi:<\/h4>\n<p>tikai \u0101r\u012bgai lieto\u0161anai. Iek\u013c\u016bstot ac\u012bs nomazg\u0101t ar \u016bdeni.<\/p>\n","protected":false},"excerpt":{"rendered":"<p>Pret matu izkri\u0161anu 0% kr\u0101svielas Maigi att\u012bra un nepadara matu taukainus, viegli nomazg\u0101t ar siltu \u016bdeni. Dad\u017eu e\u013c\u013cu efekt\u012bvi iedarbojas uz v\u0101j\u0101m matu sakn\u0113m, bag\u0101tinot matu folikulas ar nepiecie\u0161am\u0101m viel\u0101m to stiprin\u0101\u0161anai.\u00a0 Blo\u0137\u0113 fermentu iedarb\u012bbu, kas izsauc matu izkri\u0161anu. Tiek rekomend\u0113ts nov\u0101jin\u0101tu matu att\u012br\u012b\u0161anai, kas ir tend\u0113ti uz matu izkri\u0161anu.\u00a0 Lieto\u0161ana:\u00a0 uzkl\u0101t uz mitriem matiem, [&#8230;]\n","protected":false},"featured_media":78930,"template":"","meta":[],"product_cat":[1345],"product_tag":[],"class_list":{"0":"post-51606","1":"product","2":"type-product","3":"status-publish","4":"has-post-thumbnail","6":"product_brand-elfa_ua","7":"product_cat-kitos-plauku-prieziuros-priemones","9":"first","10":"outofstock","11":"taxable","12":"shipping-taxable","13":"product-type-simple"},"_links":{"self":[{"href":"https:\/\/e.kosmolat.eu\/lv\/wp-json\/wp\/v2\/product\/51606","targetHints":{"allow":["GET"]}}],"collection":[{"href":"https:\/\/e.kosmolat.eu\/lv\/wp-json\/wp\/v2\/product"}],"about":[{"href":"https:\/\/e.kosmolat.eu\/lv\/wp-json\/wp\/v2\/types\/product"}],"wp:featuredmedia":[{"embeddable":true,"href":"https:\/\/e.kosmolat.eu\/lv\/wp-json\/wp\/v2\/media\/78930"}],"wp:attachment":[{"href":"https:\/\/e.kosmolat.eu\/lv\/wp-json\/wp\/v2\/media?parent=51606"}],"wp:term":[{"taxonomy":"product_cat","embeddable":true,"href":"https:\/\/e.kosmolat.eu\/lv\/wp-json\/wp\/v2\/product_cat?post=51606"},{"taxonomy":"product_tag","embeddable":true,"href":"https:\/\/e.kosmolat.eu\/lv\/wp-json\/wp\/v2\/product_tag?post=51606"}],"curies":[{"name":"wp","href":"https:\/\/api.w.org\/{rel}","templated":true}]}}