{"id":51590,"date":"2024-05-15T04:06:27","date_gmt":"2024-05-15T04:06:27","guid":{"rendered":"https:\/\/e.kosmolat.eu\/product\/i_za-sejas-krems-liftings-un-lidzens-tonis-50-ml\/"},"modified":"2025-09-19T17:23:14","modified_gmt":"2025-09-19T17:23:14","slug":"i_za-sejas-krems-liftings-un-lidzens-tonis-50-ml","status":"publish","type":"product","link":"https:\/\/e.kosmolat.eu\/lv\/product\/i_za-sejas-krems-liftings-un-lidzens-tonis-50-ml\/","title":{"rendered":"I_&#8221;ZA&#8221; Sejas kr\u0113ms &#8220;Liftings un l\u012bdzens tonis&#8221;, 50 ml"},"content":{"rendered":"<p>Atjaunino\u0161a s\u0113rija ar liftinga efektu kombin\u0113tai \u0101dai, k\u0101 ar\u012b \u0101dai tend\u0113tai uz taukainumu. <\/p>\n<p>5 reizes vair\u0101k dab\u012bgu e\u013c\u013cu. <\/p>\n<p>10 lab\u0101k\u0101s sast\u0101vda\u013cas. <\/p>\n<p>Q10, hialuronsk\u0101be, kolag\u0113ns. <\/p>\n<p>Kr\u0113ms nodro\u0161ina \u0101dai efekt\u012bvu atjaunino\u0161u kop\u0161anu, nov\u0113r\u0161 pel\u0113c\u012bgu toni, pie\u0161\u0137ir \u0101dai vienm\u0113r\u012bgu toni un vesel\u012bgu midz\u0113\u0161anu. <\/p>\n<p>Skaistums + tvirtums \u2013 ol\u012bvas e\u013c\u013ca, kolag\u0113ns. <\/p>\n<p>Liftings + grumbu izl\u012bdzin\u0101\u0161ana \u2013 koenz\u012bms Q10, a\u013c\u0123u un cigori\u0146u ekstrakti. <\/p>\n<p>Vienm\u0113r\u012bgs tonis + midz\u0113\u0161ana \u2013 vitam\u012bnu un antioksidantu kompleksi. <\/p>\n<p>Izl\u012bdzin\u0101\u0161ana + baro\u0161ana \u2013 dab\u012bgi \u0161\u012b, monoi un kakao sviesti. <\/p>\n<p>Dzi\u013c\u0101 mitrin\u0101\u0161ana \u2013 hialuronsk\u0101be, ur\u012bnsk\u0101be. <\/p>\n<p>Nomierino\u0161a iedarb\u012bba \u2013 alanto\u012bns, pantenols. <\/p>\n<p> Lieto\u0161ana: viegl\u0101m mas\u0113jo\u0161\u0101m kust\u012bb\u0101m uzkl\u0101t uz att\u012br\u012btas sejas \u0101das. <\/p>\n<p>Piesardz\u012bbas pas\u0101kumi: Ir iesp\u0113jama individu\u0101l\u0101 paaugstin\u0101ta jut\u012bba uz atsevi\u0161\u0137\u0101m sast\u0101vda\u013c\u0101m.<\/p>\n","protected":false},"excerpt":{"rendered":"<p>Atjaunino\u0161a s\u0113rija ar liftinga efektu kombin\u0113tai \u0101dai, k\u0101 ar\u012b \u0101dai tend\u0113tai uz taukainumu. 5 reizes vair\u0101k dab\u012bgu e\u013c\u013cu. 10 lab\u0101k\u0101s sast\u0101vda\u013cas. Q10, hialuronsk\u0101be, kolag\u0113ns. Kr\u0113ms nodro\u0161ina \u0101dai efekt\u012bvu atjaunino\u0161u kop\u0161anu, nov\u0113r\u0161 pel\u0113c\u012bgu toni, pie\u0161\u0137ir \u0101dai vienm\u0113r\u012bgu toni un vesel\u012bgu midz\u0113\u0161anu. Skaistums + tvirtums \u2013 ol\u012bvas e\u013c\u013ca, kolag\u0113ns. Liftings + grumbu izl\u012bdzin\u0101\u0161ana \u2013 koenz\u012bms Q10, a\u013c\u0123u [&#8230;]\n","protected":false},"featured_media":80742,"template":"","meta":[],"product_cat":[1323],"product_tag":[],"class_list":{"0":"post-51590","1":"product","2":"type-product","3":"status-publish","4":"has-post-thumbnail","6":"product_brand-elfa_ua","7":"product_cat-1323","9":"first","10":"outofstock","11":"taxable","12":"shipping-taxable","13":"product-type-simple"},"_links":{"self":[{"href":"https:\/\/e.kosmolat.eu\/lv\/wp-json\/wp\/v2\/product\/51590","targetHints":{"allow":["GET"]}}],"collection":[{"href":"https:\/\/e.kosmolat.eu\/lv\/wp-json\/wp\/v2\/product"}],"about":[{"href":"https:\/\/e.kosmolat.eu\/lv\/wp-json\/wp\/v2\/types\/product"}],"wp:featuredmedia":[{"embeddable":true,"href":"https:\/\/e.kosmolat.eu\/lv\/wp-json\/wp\/v2\/media\/80742"}],"wp:attachment":[{"href":"https:\/\/e.kosmolat.eu\/lv\/wp-json\/wp\/v2\/media?parent=51590"}],"wp:term":[{"taxonomy":"product_cat","embeddable":true,"href":"https:\/\/e.kosmolat.eu\/lv\/wp-json\/wp\/v2\/product_cat?post=51590"},{"taxonomy":"product_tag","embeddable":true,"href":"https:\/\/e.kosmolat.eu\/lv\/wp-json\/wp\/v2\/product_tag?post=51590"}],"curies":[{"name":"wp","href":"https:\/\/api.w.org\/{rel}","templated":true}]}}