{"id":51582,"date":"2024-05-15T04:06:11","date_gmt":"2024-05-15T04:06:11","guid":{"rendered":"https:\/\/e.kosmolat.eu\/product\/dr-s-dizdadzu-serija-sampuns-pret-matu-izkrisanu-200-ml\/"},"modified":"2025-09-20T05:07:17","modified_gmt":"2025-09-20T05:07:17","slug":"i_dr-s-dizdadzu-serija-sampuns-pret-matu-izkrisanu-200-ml","status":"publish","type":"product","link":"https:\/\/e.kosmolat.eu\/lv\/product\/i_dr-s-dizdadzu-serija-sampuns-pret-matu-izkrisanu-200-ml\/","title":{"rendered":"I_Dr.S  Di\u017edad\u017eu s\u0113rija \u0160amp\u016bns pret matu izkri\u0161anu, 200 ml"},"content":{"rendered":"<p>Stimul\u0113 matu aug&scaron;anu. Piem\u0113rots ikdienas lieto&scaron;anai. Visiem matu tipiem.&nbsp;<strong>Di\u017edad\u017ea, meln\u0101 rutka ekstrakts un topinamb\u016bra inul\u012bns<\/strong> bag\u0101tina matu folikulas ar vesel\u012bgu matu aug&scaron;anai nepiecie&scaron;am\u0101m barojo&scaron;\u0101m viel\u0101m.&nbsp;<strong>Argin\u012bns, eikalipta, ingvera un kan\u0113\u013ca <\/strong>\u0113terisk\u0101s e\u013c\u013cas toniz\u0113, uzlabo mikrocirkul\u0101ciju \u0101das virs\u0113jos sl\u0101\u0146os, veicinot matu folikulu baro&scaron;anu. <strong>Kvie&scaron;u prote\u012bni un pantenols<\/strong> mitrina un baro matu stumbru. &Scaron;amp\u016bna recept\u016bra nesatur SLES, SLS, kr\u0101svielas un silikonus.<\/p>\n<p><strong>Lieto&scaron;ana:<\/strong> uzkl\u0101t nepiecie&scaron;amo &scaron;amp\u016bna daudzumu uz mitriem matiem, saputot, r\u016bp\u012bgi noskalot ar \u016bdeni. Nepiecie&scaron;am\u012bbas gad\u012bjum\u0101 atk\u0101rtot proced\u016bru.<\/p>\n<p><strong>Piesardz\u012bbas pas\u0101kumi:<\/strong> ja nok\u013c\u016bst ac\u012bs, izskalot ar lielu daudzumu \u016bdens. Iesp\u0113jama paaugstin\u0101ta individu\u0101l\u0101 jut\u012bba pret atsevi&scaron;\u0137\u0101m sast\u0101vda\u013c\u0101m.&nbsp;<\/p>\n<p>Uzglab\u0101t temperat\u016br\u0101 no +5 &deg;\u0421 l\u012bdz +25 &deg;\u0421.<\/p>\n<p><strong>Der\u012bguma termi\u0146&scaron;:<\/strong> 30 m\u0113ne&scaron;i no izgatavo&scaron;anas datuma.<br \/>\n&nbsp;<\/p>\n","protected":false},"excerpt":{"rendered":"<p>Stimul\u0113 matu aug&scaron;anu. Piem\u0113rots ikdienas lieto&scaron;anai. Visiem matu tipiem.&nbsp;Di\u017edad\u017ea, meln\u0101 rutka ekstrakts un topinamb\u016bra inul\u012bns bag\u0101tina matu folikulas ar vesel\u012bgu matu aug&scaron;anai nepiecie&scaron;am\u0101m barojo&scaron;\u0101m viel\u0101m.&nbsp;Argin\u012bns, eikalipta, ingvera un kan\u0113\u013ca \u0113terisk\u0101s e\u013c\u013cas toniz\u0113, uzlabo mikrocirkul\u0101ciju \u0101das virs\u0113jos sl\u0101\u0146os, veicinot matu folikulu baro&scaron;anu. Kvie&scaron;u prote\u012bni un pantenols mitrina un baro matu stumbru. &Scaron;amp\u016bna recept\u016bra nesatur SLES, SLS, [&#8230;]\n","protected":false},"featured_media":92534,"template":"","meta":[],"product_cat":[1248],"product_tag":[],"class_list":{"0":"post-51582","1":"product","2":"type-product","3":"status-publish","4":"has-post-thumbnail","6":"product_brand-elfa_ua","7":"product_cat-sampuni","9":"first","10":"outofstock","11":"taxable","12":"shipping-taxable","13":"product-type-simple"},"_links":{"self":[{"href":"https:\/\/e.kosmolat.eu\/lv\/wp-json\/wp\/v2\/product\/51582","targetHints":{"allow":["GET"]}}],"collection":[{"href":"https:\/\/e.kosmolat.eu\/lv\/wp-json\/wp\/v2\/product"}],"about":[{"href":"https:\/\/e.kosmolat.eu\/lv\/wp-json\/wp\/v2\/types\/product"}],"wp:featuredmedia":[{"embeddable":true,"href":"https:\/\/e.kosmolat.eu\/lv\/wp-json\/wp\/v2\/media\/92534"}],"wp:attachment":[{"href":"https:\/\/e.kosmolat.eu\/lv\/wp-json\/wp\/v2\/media?parent=51582"}],"wp:term":[{"taxonomy":"product_cat","embeddable":true,"href":"https:\/\/e.kosmolat.eu\/lv\/wp-json\/wp\/v2\/product_cat?post=51582"},{"taxonomy":"product_tag","embeddable":true,"href":"https:\/\/e.kosmolat.eu\/lv\/wp-json\/wp\/v2\/product_tag?post=51582"}],"curies":[{"name":"wp","href":"https:\/\/api.w.org\/{rel}","templated":true}]}}