{"id":51550,"date":"2024-05-15T04:03:57","date_gmt":"2024-05-15T04:03:57","guid":{"rendered":"https:\/\/e.kosmolat.eu\/product\/i_dd-sejas-un-kermena-krems-kazas-piens-250-ml\/"},"modified":"2026-04-22T10:23:48","modified_gmt":"2026-04-22T10:23:48","slug":"dd-sejas-un-kermena-krems-kazas-piens-250-ml","status":"publish","type":"product","link":"https:\/\/e.kosmolat.eu\/lv\/product\/dd-sejas-un-kermena-krems-kazas-piens-250-ml\/","title":{"rendered":"DD Sejas un \u0137erme\u0146a kr\u0113ms Kazas piens, 250 ml"},"content":{"rendered":"<p>Efekt\u012bvi kopj \u0101du, pal\u012bdz saglab\u0101t t\u0101s maigumu, gludumu un elast\u012bbu. Piena sast\u0101v\u0101 eso&scaron;\u0101s dab\u012bg\u0101s sast\u0101vda\u013cas pies\u0101tina \u0101du ar mitrumu un baro, pal\u012bdz mazin\u0101t aps\u0101rtumu un man\u0101mi uzlabo \u0101das st\u0101vokli.<\/p>\n<p><strong>Lieto&scaron;ana: <\/strong>uzkl\u0101t uz sausas t\u012bras \u0101das.&nbsp;Iesp\u0113jama paaugstin\u0101ta individu\u0101l\u0101 jut\u012bba pret atsevi&scaron;\u0137\u0101m sast\u0101vda\u013c\u0101m.<\/p>\n<p>Uzglab\u0101t temperat\u016br\u0101 no &nbsp;+5 &deg;C l\u012bdz +25 &deg;C<br \/>\n&nbsp;<\/p>\n","protected":false},"excerpt":{"rendered":"<p>Efekt\u012bvi kopj \u0101du, pal\u012bdz saglab\u0101t t\u0101s maigumu, gludumu un elast\u012bbu. Piena sast\u0101v\u0101 eso&scaron;\u0101s dab\u012bg\u0101s sast\u0101vda\u013cas pies\u0101tina \u0101du ar mitrumu un baro, pal\u012bdz mazin\u0101t aps\u0101rtumu un man\u0101mi uzlabo \u0101das st\u0101vokli. Lieto&scaron;ana: uzkl\u0101t uz sausas t\u012bras \u0101das.&nbsp;Iesp\u0113jama paaugstin\u0101ta individu\u0101l\u0101 jut\u012bba pret atsevi&scaron;\u0137\u0101m sast\u0101vda\u013c\u0101m. Uzglab\u0101t temperat\u016br\u0101 no &nbsp;+5 &deg;C l\u012bdz +25 &deg;C &nbsp;<\/p>\n","protected":false},"featured_media":87542,"template":"","meta":[],"product_cat":[1999],"product_tag":[],"class_list":{"0":"post-51550","1":"product","2":"type-product","3":"status-publish","4":"has-post-thumbnail","6":"product_brand-elfa_ua","7":"product_cat-bez-kategorijas","9":"first","10":"instock","11":"taxable","12":"shipping-taxable","13":"product-type-simple"},"_links":{"self":[{"href":"https:\/\/e.kosmolat.eu\/lv\/wp-json\/wp\/v2\/product\/51550","targetHints":{"allow":["GET"]}}],"collection":[{"href":"https:\/\/e.kosmolat.eu\/lv\/wp-json\/wp\/v2\/product"}],"about":[{"href":"https:\/\/e.kosmolat.eu\/lv\/wp-json\/wp\/v2\/types\/product"}],"wp:featuredmedia":[{"embeddable":true,"href":"https:\/\/e.kosmolat.eu\/lv\/wp-json\/wp\/v2\/media\/87542"}],"wp:attachment":[{"href":"https:\/\/e.kosmolat.eu\/lv\/wp-json\/wp\/v2\/media?parent=51550"}],"wp:term":[{"taxonomy":"product_cat","embeddable":true,"href":"https:\/\/e.kosmolat.eu\/lv\/wp-json\/wp\/v2\/product_cat?post=51550"},{"taxonomy":"product_tag","embeddable":true,"href":"https:\/\/e.kosmolat.eu\/lv\/wp-json\/wp\/v2\/product_tag?post=51550"}],"curies":[{"name":"wp","href":"https:\/\/api.w.org\/{rel}","templated":true}]}}