{"id":51534,"date":"2024-05-14T04:04:24","date_gmt":"2024-05-14T04:04:24","guid":{"rendered":"https:\/\/e.kosmolat.eu\/product\/dr-s-collagen-hair-sampuns-volume-boost-250-ml\/"},"modified":"2025-09-19T22:39:41","modified_gmt":"2025-09-19T22:39:41","slug":"i_dr-s-collagen-hair-sampuns-volume-boost-250-ml","status":"publish","type":"product","link":"https:\/\/e.kosmolat.eu\/lv\/product\/i_dr-s-collagen-hair-sampuns-volume-boost-250-ml\/","title":{"rendered":"I_Dr.S.COLLAGEN HAIR \u0160amp\u016bns Volume boost, 250 ml"},"content":{"rendered":"<p>Stiprina saknes, pie&scaron;\u0137ir 3D-elast\u012bbu.<\/p>\n<p>Dr. Sant&eacute; Collagen hair Volume boost &ndash; beauty fenomens stipriem un skaistiem matiem no sakn\u0113m l\u012bdz gali\u0146iem. Mitrin\u0101&scaron;ana, ener\u0123ija un neticams apjoms bez smaguma saj\u016btas, k\u0101 ar\u012b aizsardz\u012bba pret l\u016b&scaron;anu vis\u0101 to garum\u0101.<\/p>\n<p><strong>Lieto&scaron;ana:<\/strong>&nbsp;uzkl\u0101t uz mitriem matiem, saputot, nomazg\u0101t ar \u016bdeni.<\/p>\n<p><strong>Piesardz\u012bbas pas\u0101kumi:&nbsp;<\/strong>paaugstin\u0101ta individu\u0101la jut\u012bba pret atsevi&scaron;\u0137\u0101m sast\u0101vda\u013c\u0101m.<\/p>\n","protected":false},"excerpt":{"rendered":"<p>Stiprina saknes, pie&scaron;\u0137ir 3D-elast\u012bbu. Dr. Sant&eacute; Collagen hair Volume boost &ndash; beauty fenomens stipriem un skaistiem matiem no sakn\u0113m l\u012bdz gali\u0146iem. Mitrin\u0101&scaron;ana, ener\u0123ija un neticams apjoms bez smaguma saj\u016btas, k\u0101 ar\u012b aizsardz\u012bba pret l\u016b&scaron;anu vis\u0101 to garum\u0101. Lieto&scaron;ana:&nbsp;uzkl\u0101t uz mitriem matiem, saputot, nomazg\u0101t ar \u016bdeni. Piesardz\u012bbas pas\u0101kumi:&nbsp;paaugstin\u0101ta individu\u0101la jut\u012bba pret atsevi&scaron;\u0137\u0101m sast\u0101vda\u013c\u0101m.<\/p>\n","protected":false},"featured_media":86330,"template":"","meta":[],"product_cat":[1251],"product_tag":[],"class_list":{"0":"post-51534","1":"product","2":"type-product","3":"status-publish","4":"has-post-thumbnail","6":"product_brand-elfa_ua","7":"product_cat-sampunai","9":"first","10":"outofstock","11":"taxable","12":"shipping-taxable","13":"product-type-simple"},"_links":{"self":[{"href":"https:\/\/e.kosmolat.eu\/lv\/wp-json\/wp\/v2\/product\/51534","targetHints":{"allow":["GET"]}}],"collection":[{"href":"https:\/\/e.kosmolat.eu\/lv\/wp-json\/wp\/v2\/product"}],"about":[{"href":"https:\/\/e.kosmolat.eu\/lv\/wp-json\/wp\/v2\/types\/product"}],"wp:featuredmedia":[{"embeddable":true,"href":"https:\/\/e.kosmolat.eu\/lv\/wp-json\/wp\/v2\/media\/86330"}],"wp:attachment":[{"href":"https:\/\/e.kosmolat.eu\/lv\/wp-json\/wp\/v2\/media?parent=51534"}],"wp:term":[{"taxonomy":"product_cat","embeddable":true,"href":"https:\/\/e.kosmolat.eu\/lv\/wp-json\/wp\/v2\/product_cat?post=51534"},{"taxonomy":"product_tag","embeddable":true,"href":"https:\/\/e.kosmolat.eu\/lv\/wp-json\/wp\/v2\/product_tag?post=51534"}],"curies":[{"name":"wp","href":"https:\/\/api.w.org\/{rel}","templated":true}]}}