{"id":51502,"date":"2024-05-14T04:02:28","date_gmt":"2024-05-14T04:02:28","guid":{"rendered":"https:\/\/e.kosmolat.eu\/product\/dr-hc-sampuns-maks-energ-ker-argi-biot-946-ml\/"},"modified":"2025-07-08T14:39:58","modified_gmt":"2025-07-08T14:39:58","slug":"i_the-doctor-hc-sampuns-maks-energ-ker-argi-biot-946-ml","status":"publish","type":"product","link":"https:\/\/e.kosmolat.eu\/lv\/product\/i_the-doctor-hc-sampuns-maks-energ-ker-argi-biot-946-ml\/","title":{"rendered":"I_THE DOCTOR H&#038;C \u0160amp\u016bns Maks. energ., Ker. + Argi. + Biot., 946 ml"},"content":{"rendered":"<p>\u012apa\u0161a formula ar kerat\u012bna, argin\u012bna un biot\u012bna kompleksu.&nbsp;<\/p>\n<p><strong>Lieto\u0161ana: <\/strong>uzkl\u0101t uz mitriem matiem, saputot, noskalot ar \u016bdeni.<\/p>\n<p><strong>Piesardz\u012bbas pas\u0101kumi:<\/strong> Ja iek\u013c\u016bst ac\u012bs, r\u016bp\u012bgi izskalojiet ar lielu \u016bdens daudzumu. Iesp\u0113jama paaugstin\u0101ta individu\u0101l\u0101 jut\u012bba pret atsevi\u0161\u0137\u0101m sast\u0101vda\u013c\u0101m.<\/p>\n<p><strong>Uzglab\u0101\u0161anas noteikumi: <\/strong>uzglab\u0101t temperat\u016br\u0101 no +5 &deg;\u0421 l\u012bdz +25 &deg;\u0421.<\/p>\n<p><strong>Der\u012bguma termi\u0146\u0161:<\/strong> 30 m\u0113ne\u0161i no izgatavo\u0161anas datuma.<br \/>\n&nbsp;<\/p>\n","protected":false},"excerpt":{"rendered":"<p>\u012apa\u0161a formula ar kerat\u012bna, argin\u012bna un biot\u012bna kompleksu.&nbsp; Lieto\u0161ana: uzkl\u0101t uz mitriem matiem, saputot, noskalot ar \u016bdeni. Piesardz\u012bbas pas\u0101kumi: Ja iek\u013c\u016bst ac\u012bs, r\u016bp\u012bgi izskalojiet ar lielu \u016bdens daudzumu. Iesp\u0113jama paaugstin\u0101ta individu\u0101l\u0101 jut\u012bba pret atsevi\u0161\u0137\u0101m sast\u0101vda\u013c\u0101m. Uzglab\u0101\u0161anas noteikumi: uzglab\u0101t temperat\u016br\u0101 no +5 &deg;\u0421 l\u012bdz +25 &deg;\u0421. Der\u012bguma termi\u0146\u0161: 30 m\u0113ne\u0161i no izgatavo\u0161anas datuma. &nbsp;<\/p>\n","protected":false},"featured_media":51506,"template":"","meta":[],"product_cat":[1248],"product_tag":[],"class_list":{"0":"post-51502","1":"product","2":"type-product","3":"status-publish","4":"has-post-thumbnail","6":"product_brand-elfa_ua","7":"product_cat-sampuni","9":"first","10":"outofstock","11":"taxable","12":"shipping-taxable","13":"product-type-simple"},"_links":{"self":[{"href":"https:\/\/e.kosmolat.eu\/lv\/wp-json\/wp\/v2\/product\/51502","targetHints":{"allow":["GET"]}}],"collection":[{"href":"https:\/\/e.kosmolat.eu\/lv\/wp-json\/wp\/v2\/product"}],"about":[{"href":"https:\/\/e.kosmolat.eu\/lv\/wp-json\/wp\/v2\/types\/product"}],"wp:featuredmedia":[{"embeddable":true,"href":"https:\/\/e.kosmolat.eu\/lv\/wp-json\/wp\/v2\/media\/51506"}],"wp:attachment":[{"href":"https:\/\/e.kosmolat.eu\/lv\/wp-json\/wp\/v2\/media?parent=51502"}],"wp:term":[{"taxonomy":"product_cat","embeddable":true,"href":"https:\/\/e.kosmolat.eu\/lv\/wp-json\/wp\/v2\/product_cat?post=51502"},{"taxonomy":"product_tag","embeddable":true,"href":"https:\/\/e.kosmolat.eu\/lv\/wp-json\/wp\/v2\/product_tag?post=51502"}],"curies":[{"name":"wp","href":"https:\/\/api.w.org\/{rel}","templated":true}]}}