{"id":51495,"date":"2024-05-11T04:08:26","date_gmt":"2024-05-11T04:08:26","guid":{"rendered":"https:\/\/e.kosmolat.eu\/product\/i_elskin-sejas-maska-avokado-10g\/"},"modified":"2025-06-30T12:02:29","modified_gmt":"2025-06-30T12:02:29","slug":"i_elskin-sejas-maska-avokado-10g","status":"publish","type":"product","link":"https:\/\/e.kosmolat.eu\/lv\/product\/i_elskin-sejas-maska-avokado-10g\/","title":{"rendered":"I_El&#8217;Skin Sejas maska Avokado, 10g"},"content":{"rendered":"<p>EL&rsquo;SKIN Sejas maska Avokado<\/p>\n<p>Sviesta maska &ldquo;Avokado&rdquo; veicina akt\u012bvu \u0101das baro\u0161anu un m\u012bkstin\u0101\u0161anu, nov\u0113r\u0161ot lob\u012b\u0161anos un savilk\u0161anas saj\u016btu.<br \/>\nMaskas bl\u012bv\u0101 konsistence, saskaroties ar \u0101du, k\u016bst un lieliski uzs\u016bcas, ilgsto\u0161i saglab\u0101jot mitruma saj\u016btu.<br \/>\nAvokado e\u013c\u013ca atjauno \u0101das aizsargfunkcijas, paaugstina t\u0101s tvirtumu un elast\u012bbu, tai piem\u012bt m\u012bkstino\u0161as un antioksidanta \u012bpa\u0161\u012bbas, aizsarg\u0101 pret mitruma zudumu, padarot \u0101du maigu un elast\u012bgu, pies\u0101tina to ar vitam\u012bniem, atgrie\u017e \u0101dai vesel\u012bgu izskatu.<br \/>\n* Maskas darb\u012bba ir saist\u012bta ar komponentu darb\u012bbu<\/p>\n<p>Lieto\u0161ana: izm\u012bciet iepakojumu ar pirkstiem. Uzkl\u0101jiet masku uz att\u012br\u012btas sejas, izvairoties no zonas ap ac\u012bm un l\u016bp\u0101m. Viegli mas\u0113jiet 2-3 min\u016btes. Atst\u0101jiet masku v\u0113l 3-5 min\u016btes, noskalojiet ar v\u0113su\/siltu \u016bdeni.<br \/>\n*Lietojiet 2-3 reizes ned\u0113\u013c\u0101 vai p\u0113c nepiecie\u0161am\u012bbas.<\/p>\n<p>Piesardz\u012bbas pas\u0101kumi:<br \/>\nIzvairieties no lieto\u0161anas uz boj\u0101tas, iekaisu\u0161as vai saul\u0113 apdegu\u0161as \u0101das. Nelietot produktu, ja ir jut\u012bba pret k\u0101du no sast\u0101vda\u013c\u0101m. Ja lieto\u0161anas laik\u0101 \u0101da k\u013c\u016bst sarkana vai kairin\u0101ta, p\u0101rtrauciet lieto\u0161anu un konsult\u0113jieties ar \u0101rstu. Izvair\u012bties no saskares ar ac\u012bm, kontakta gad\u012bjum\u0101 skalot ar \u016bdeni.<br \/>\nUzglab\u0101t b\u0113rniem nepieejam\u0101 viet\u0101, temperat\u016br\u0101 no 0 l\u012bdz 25C. Izvairieties no tie\u0161as saules gaismas iedarb\u012bbas.<br \/>\nTikai \u0101r\u012bgai lieto\u0161anai. Nenor\u012bt!<br \/>\n&nbsp;<\/p>\n","protected":false},"excerpt":{"rendered":"<p>EL&rsquo;SKIN Sejas maska Avokado Sviesta maska &ldquo;Avokado&rdquo; veicina akt\u012bvu \u0101das baro\u0161anu un m\u012bkstin\u0101\u0161anu, nov\u0113r\u0161ot lob\u012b\u0161anos un savilk\u0161anas saj\u016btu. Maskas bl\u012bv\u0101 konsistence, saskaroties ar \u0101du, k\u016bst un lieliski uzs\u016bcas, ilgsto\u0161i saglab\u0101jot mitruma saj\u016btu. Avokado e\u013c\u013ca atjauno \u0101das aizsargfunkcijas, paaugstina t\u0101s tvirtumu un elast\u012bbu, tai piem\u012bt m\u012bkstino\u0161as un antioksidanta \u012bpa\u0161\u012bbas, aizsarg\u0101 pret mitruma zudumu, padarot \u0101du maigu [&#8230;]\n","protected":false},"featured_media":14905,"template":"","meta":[],"product_cat":[2182],"product_tag":[],"class_list":{"0":"post-51495","1":"product","2":"type-product","3":"status-publish","4":"has-post-thumbnail","6":"product_brand-skinlite","7":"product_cat-bez-kategorijas-ru","9":"first","10":"outofstock","11":"taxable","12":"shipping-taxable","13":"product-type-simple"},"_links":{"self":[{"href":"https:\/\/e.kosmolat.eu\/lv\/wp-json\/wp\/v2\/product\/51495","targetHints":{"allow":["GET"]}}],"collection":[{"href":"https:\/\/e.kosmolat.eu\/lv\/wp-json\/wp\/v2\/product"}],"about":[{"href":"https:\/\/e.kosmolat.eu\/lv\/wp-json\/wp\/v2\/types\/product"}],"wp:featuredmedia":[{"embeddable":true,"href":"https:\/\/e.kosmolat.eu\/lv\/wp-json\/wp\/v2\/media\/14905"}],"wp:attachment":[{"href":"https:\/\/e.kosmolat.eu\/lv\/wp-json\/wp\/v2\/media?parent=51495"}],"wp:term":[{"taxonomy":"product_cat","embeddable":true,"href":"https:\/\/e.kosmolat.eu\/lv\/wp-json\/wp\/v2\/product_cat?post=51495"},{"taxonomy":"product_tag","embeddable":true,"href":"https:\/\/e.kosmolat.eu\/lv\/wp-json\/wp\/v2\/product_tag?post=51495"}],"curies":[{"name":"wp","href":"https:\/\/api.w.org\/{rel}","templated":true}]}}