{"id":51455,"date":"2024-05-11T04:05:06","date_gmt":"2024-05-11T04:05:06","guid":{"rendered":"https:\/\/e.kosmolat.eu\/product\/relouis-emotion-proof-udensnotur-skropstu-tusa-melna-10-g\/"},"modified":"2025-09-20T04:59:38","modified_gmt":"2025-09-20T04:59:38","slug":"relouis-emotion-proof-udensnotur-skropstu-tusa-melna-10-g","status":"publish","type":"product","link":"https:\/\/e.kosmolat.eu\/lv\/product\/relouis-emotion-proof-udensnotur-skropstu-tusa-melna-10-g\/","title":{"rendered":"RELOUIS Emotion Proof \u016adensnotur. skropstu tu\u0161a Melna, 10 g"},"content":{"rendered":"<p><strong>Lieto&scaron;ana: <\/strong>uzkl\u0101t tu&scaron;u ar birst\u012bti uz skropst\u0101m. Izmantojiet divf\u0101\u017eu kosm\u0113tikas no\u0146em&scaron;anas l\u012bdzekli, lai no\u0146emtu skropstu tu&scaron;u.<\/p>\n<p>Uzglab\u0101t temperat\u016br\u0101 no +5 &deg;C l\u012bdz +25 &deg;C.<br \/>\n&nbsp;<\/p>\n","protected":false},"excerpt":{"rendered":"<p>Lieto&scaron;ana: uzkl\u0101t tu&scaron;u ar birst\u012bti uz skropst\u0101m. Izmantojiet divf\u0101\u017eu kosm\u0113tikas no\u0146em&scaron;anas l\u012bdzekli, lai no\u0146emtu skropstu tu&scaron;u. Uzglab\u0101t temperat\u016br\u0101 no +5 &deg;C l\u012bdz +25 &deg;C. &nbsp;<\/p>\n","protected":false},"featured_media":92410,"template":"","meta":[],"product_cat":[1380],"product_tag":[],"class_list":{"0":"post-51455","1":"product","2":"type-product","3":"status-publish","4":"has-post-thumbnail","6":"product_brand-relui-bel_by","7":"product_cat-tusas","9":"first","10":"outofstock","11":"taxable","12":"shipping-taxable","13":"product-type-simple"},"_links":{"self":[{"href":"https:\/\/e.kosmolat.eu\/lv\/wp-json\/wp\/v2\/product\/51455","targetHints":{"allow":["GET"]}}],"collection":[{"href":"https:\/\/e.kosmolat.eu\/lv\/wp-json\/wp\/v2\/product"}],"about":[{"href":"https:\/\/e.kosmolat.eu\/lv\/wp-json\/wp\/v2\/types\/product"}],"wp:featuredmedia":[{"embeddable":true,"href":"https:\/\/e.kosmolat.eu\/lv\/wp-json\/wp\/v2\/media\/92410"}],"wp:attachment":[{"href":"https:\/\/e.kosmolat.eu\/lv\/wp-json\/wp\/v2\/media?parent=51455"}],"wp:term":[{"taxonomy":"product_cat","embeddable":true,"href":"https:\/\/e.kosmolat.eu\/lv\/wp-json\/wp\/v2\/product_cat?post=51455"},{"taxonomy":"product_tag","embeddable":true,"href":"https:\/\/e.kosmolat.eu\/lv\/wp-json\/wp\/v2\/product_tag?post=51455"}],"curies":[{"name":"wp","href":"https:\/\/api.w.org\/{rel}","templated":true}]}}