{"id":51402,"date":"2024-05-10T04:07:34","date_gmt":"2024-05-10T04:07:34","guid":{"rendered":"https:\/\/e.kosmolat.eu\/product\/relouis-brow-wow-automat-uzacu-zim-tonis-03-medium-brown-0-34-g\/"},"modified":"2025-09-20T04:50:41","modified_gmt":"2025-09-20T04:50:41","slug":"relouis-03-brow-wow-automat-uzacu-zim-medium-brown-0-34-g","status":"publish","type":"product","link":"https:\/\/e.kosmolat.eu\/lv\/product\/relouis-03-brow-wow-automat-uzacu-zim-medium-brown-0-34-g\/","title":{"rendered":"RELOUIS 03 Brow Wow Autom\u0101t. uzacu z\u012bm.,  Medium brown, 0.34 g"},"content":{"rendered":"<p><strong>Lieto&scaron;ana: <\/strong>uzkl\u0101t uz uzac\u012bm, neizpludin\u0101t.<\/p>\n<p>Uzglab\u0101t temperat\u016br\u0101 no +10 &deg;C l\u012bdz +30 &deg;C.<br \/>\n&nbsp;<\/p>\n","protected":false},"excerpt":{"rendered":"<p>Lieto&scaron;ana: uzkl\u0101t uz uzac\u012bm, neizpludin\u0101t. Uzglab\u0101t temperat\u016br\u0101 no +10 &deg;C l\u012bdz +30 &deg;C. &nbsp;<\/p>\n","protected":false},"featured_media":92246,"template":"","meta":[],"product_cat":[1506],"product_tag":[],"class_list":{"0":"post-51402","1":"product","2":"type-product","3":"status-publish","4":"has-post-thumbnail","6":"product_brand-relui-bel_by","7":"product_cat-uzacim","9":"first","10":"outofstock","11":"taxable","12":"shipping-taxable","13":"product-type-simple"},"_links":{"self":[{"href":"https:\/\/e.kosmolat.eu\/lv\/wp-json\/wp\/v2\/product\/51402","targetHints":{"allow":["GET"]}}],"collection":[{"href":"https:\/\/e.kosmolat.eu\/lv\/wp-json\/wp\/v2\/product"}],"about":[{"href":"https:\/\/e.kosmolat.eu\/lv\/wp-json\/wp\/v2\/types\/product"}],"wp:featuredmedia":[{"embeddable":true,"href":"https:\/\/e.kosmolat.eu\/lv\/wp-json\/wp\/v2\/media\/92246"}],"wp:attachment":[{"href":"https:\/\/e.kosmolat.eu\/lv\/wp-json\/wp\/v2\/media?parent=51402"}],"wp:term":[{"taxonomy":"product_cat","embeddable":true,"href":"https:\/\/e.kosmolat.eu\/lv\/wp-json\/wp\/v2\/product_cat?post=51402"},{"taxonomy":"product_tag","embeddable":true,"href":"https:\/\/e.kosmolat.eu\/lv\/wp-json\/wp\/v2\/product_tag?post=51402"}],"curies":[{"name":"wp","href":"https:\/\/api.w.org\/{rel}","templated":true}]}}