{"id":51346,"date":"2024-05-09T13:20:38","date_gmt":"2024-05-09T13:20:38","guid":{"rendered":"https:\/\/e.kosmolat.eu\/?post_type=product&#038;p=51346"},"modified":"2026-04-23T07:11:46","modified_gmt":"2026-04-23T07:11:46","slug":"sp-barojoss-krems-bern-un-pieaugus-sudrabs-a-vitamins-cinks-50-g","status":"publish","type":"product","link":"https:\/\/e.kosmolat.eu\/lv\/product\/sp-barojoss-krems-bern-un-pieaugus-sudrabs-a-vitamins-cinks-50-g\/","title":{"rendered":"Sp. Barojo\u0161s kr\u0113ms b\u0113rn. un pieaugu\u0161. Sudrabs +A vitam\u012bns + Cinks, 50 g"},"content":{"rendered":"<p>Atjaunojo&scaron;s kr\u0113ms ar sudraba kolo\u012bdiem b\u0113rniem un pieaugu&scaron;ajiem. Lietot uz t\u012bras un sausas \u0101das. Kosm\u0113tikas l\u012bdzeklis.<\/p>\n<p>Satur A vitam\u012bnu. L\u016bgums pirms lieto&scaron;anas p\u0101rdom\u0101t savu dienas devu.<\/p>\n<p>Uzglab\u0101t temperat\u016br\u0101 no +2 &deg;\u0421 l\u012bdz +25 &deg;\u0421.<br \/>\n&nbsp;<\/p>\n","protected":false},"excerpt":{"rendered":"<p>Atjaunojo&scaron;s kr\u0113ms ar sudraba kolo\u012bdiem b\u0113rniem un pieaugu&scaron;ajiem. Lietot uz t\u012bras un sausas \u0101das. Kosm\u0113tikas l\u012bdzeklis. Satur A vitam\u012bnu. L\u016bgums pirms lieto&scaron;anas p\u0101rdom\u0101t savu dienas devu. Uzglab\u0101t temperat\u016br\u0101 no +2 &deg;\u0421 l\u012bdz +25 &deg;\u0421. &nbsp;<\/p>\n","protected":false},"featured_media":92698,"template":"","meta":[],"product_cat":[1388],"product_tag":[],"class_list":{"0":"post-51346","1":"product","2":"type-product","3":"status-publish","4":"has-post-thumbnail","6":"product_brand-elpis","7":"product_cat-kermena-kremi-pienini-sviesti","9":"first","10":"instock","11":"taxable","12":"shipping-taxable","13":"product-type-simple"},"_links":{"self":[{"href":"https:\/\/e.kosmolat.eu\/lv\/wp-json\/wp\/v2\/product\/51346","targetHints":{"allow":["GET"]}}],"collection":[{"href":"https:\/\/e.kosmolat.eu\/lv\/wp-json\/wp\/v2\/product"}],"about":[{"href":"https:\/\/e.kosmolat.eu\/lv\/wp-json\/wp\/v2\/types\/product"}],"wp:featuredmedia":[{"embeddable":true,"href":"https:\/\/e.kosmolat.eu\/lv\/wp-json\/wp\/v2\/media\/92698"}],"wp:attachment":[{"href":"https:\/\/e.kosmolat.eu\/lv\/wp-json\/wp\/v2\/media?parent=51346"}],"wp:term":[{"taxonomy":"product_cat","embeddable":true,"href":"https:\/\/e.kosmolat.eu\/lv\/wp-json\/wp\/v2\/product_cat?post=51346"},{"taxonomy":"product_tag","embeddable":true,"href":"https:\/\/e.kosmolat.eu\/lv\/wp-json\/wp\/v2\/product_tag?post=51346"}],"curies":[{"name":"wp","href":"https:\/\/api.w.org\/{rel}","templated":true}]}}