{"id":51338,"date":"2024-05-09T09:36:30","date_gmt":"2024-05-09T09:36:30","guid":{"rendered":"https:\/\/e.kosmolat.eu\/?post_type=product&#038;p=51338"},"modified":"2026-04-23T05:54:58","modified_gmt":"2026-04-23T05:54:58","slug":"cistjuna-akrila-vannu-tirisanas-lidzeklis-500-ml","status":"publish","type":"product","link":"https:\/\/e.kosmolat.eu\/lv\/product\/cistjuna-akrila-vannu-tirisanas-lidzeklis-500-ml\/","title":{"rendered":"\u010cistju\u0146a Akrila vannu t\u012br\u012bsanas l\u012bdzeklis, 500 ml"},"content":{"rendered":"<p>L\u012bdzeklis paredz\u0113ts akrila vannu, du&scaron;u, izliet\u0146u, fl\u012b\u017eu, keramikas un mais\u012bt\u0101ju t\u012br\u012b&scaron;anai. Efekt\u012bvi no\u0146em ziepju putas, ka\u013c\u0137a nogulsnes un r\u016bsu.<\/p>\n<p><strong>Lieto&scaron;ana:<\/strong> uzst\u0101diet spr\u016bda degunu poz\u012bcij\u0101 &quot;Iesl\u0113gts&quot;. Uzkl\u0101jiet produktu uz pies\u0101r\u0146ot\u0101s virsmas. Atst\u0101jiet k\u0101du laiku (\u013caujiet produktam darboties ar pies\u0101r\u0146ojumu). P\u0113c tam no\u0146emiet ar mitru dr\u0101nu vai noskalojiet ar \u016bdeni. Iestatiet spr\u016bda degunu poz\u012bcij\u0101 &quot;Izsl\u0113gts&quot;. Ja ir smags pies\u0101r\u0146ojums, atk\u0101rtojiet proced\u016bru.<\/p>\n<p><strong>Piesardz\u012bbas pas\u0101kumi:<\/strong> izmantojiet stingri saska\u0146\u0101 ar nor\u0101d\u012bjumiem. Nelietot uz boj\u0101t\u0101m virsm\u0101m un marmora. Iesp\u0113jama paaugstin\u0101ta individu\u0101l\u0101 jut\u012bba pret atsevi&scaron;\u0137\u0101m sast\u0101vda\u013c\u0101m.&nbsp;<\/p>\n<p><strong>Sast\u0101v\u0101:<\/strong> 5 % un vair\u0101k, bet maz\u0101k nek\u0101 15 % piensk\u0101bes, maz\u0101k par 5 % nejonu virsmakt\u012bvo vielu. Smar\u017eas un arom\u0101tisk\u0101s kompoz\u012bcijas\/ Linalool. Konservanti\/ Benzisothiazolinone, Methylisothiazolinone.&nbsp;<\/p>\n<p>&nbsp;<\/p>\n<p><strong><img decoding=\"async\" alt=\"\" src=\"file:\/\/\/C:\/Users\/masha\/Desktop\/GHS07.png\" style=\"height:40px; width:40px\" \/>GHS07 Uzman\u012bbu<\/strong><br \/>\n<strong>H317 <\/strong>Var izrais\u012bt aler\u0123isku \u0101das reakciju.<br \/>\n<strong>EUH071<\/strong> Kod\u012bgs elpce\u013ciem.<\/p>\n<p>Dro&scaron;\u012bbas pras\u012bbu apz\u012bm\u0113jumi:<br \/>\nP102 Sarg\u0101t no b\u0113rniem.<br \/>\nP261 Izvair\u012bties ieelpot smidzin\u0101jumu.<br \/>\nP280 Izmantot aizsargcimdus.<br \/>\nP302+P352 SASKAR\u0112 AR \u0100DU: nomazg\u0101t ar lielu ziepju un \u016bdens daudzumu. &nbsp;&nbsp;<br \/>\nP333+P313 Ja rodas \u0101das iekaisums vai izsitumi: l\u016bdziet medi\u0137u pal\u012bdz\u012bbu.<br \/>\nP501 Atbr\u012bvoties no satura\/tvertnes\/iepakojuma saska\u0146\u0101 ar valsts noteikumiem.<\/p>\n<p>Uzglab\u0101t temperat\u016br\u0101 no +5 &deg;\u0421 l\u012bdz +25 &deg;\u0421, sarg\u0101jot no tie&scaron;iem saules stariem.<\/p>\n<p><strong>Der\u012bguma termi\u0146&scaron;: <\/strong>24 m\u0113ne&scaron;i no izgatavo&scaron;anas datuma.<br \/>\n&nbsp;<\/p>\n","protected":false},"excerpt":{"rendered":"<p>L\u012bdzeklis paredz\u0113ts akrila vannu, du&scaron;u, izliet\u0146u, fl\u012b\u017eu, keramikas un mais\u012bt\u0101ju t\u012br\u012b&scaron;anai. Efekt\u012bvi no\u0146em ziepju putas, ka\u013c\u0137a nogulsnes un r\u016bsu. Lieto&scaron;ana: uzst\u0101diet spr\u016bda degunu poz\u012bcij\u0101 &quot;Iesl\u0113gts&quot;. Uzkl\u0101jiet produktu uz pies\u0101r\u0146ot\u0101s virsmas. Atst\u0101jiet k\u0101du laiku (\u013caujiet produktam darboties ar pies\u0101r\u0146ojumu). P\u0113c tam no\u0146emiet ar mitru dr\u0101nu vai noskalojiet ar \u016bdeni. Iestatiet spr\u016bda degunu poz\u012bcij\u0101 &quot;Izsl\u0113gts&quot;. Ja ir [&#8230;]\n","protected":false},"featured_media":92642,"template":"","meta":[],"product_cat":[1451],"product_tag":[],"class_list":{"0":"post-51338","1":"product","2":"type-product","3":"status-publish","4":"has-post-thumbnail","6":"product_brand-elfa_ua","7":"product_cat-vannas-istabai-un-tualetei","9":"first","10":"outofstock","11":"taxable","12":"shipping-taxable","13":"product-type-simple"},"_links":{"self":[{"href":"https:\/\/e.kosmolat.eu\/lv\/wp-json\/wp\/v2\/product\/51338","targetHints":{"allow":["GET"]}}],"collection":[{"href":"https:\/\/e.kosmolat.eu\/lv\/wp-json\/wp\/v2\/product"}],"about":[{"href":"https:\/\/e.kosmolat.eu\/lv\/wp-json\/wp\/v2\/types\/product"}],"wp:featuredmedia":[{"embeddable":true,"href":"https:\/\/e.kosmolat.eu\/lv\/wp-json\/wp\/v2\/media\/92642"}],"wp:attachment":[{"href":"https:\/\/e.kosmolat.eu\/lv\/wp-json\/wp\/v2\/media?parent=51338"}],"wp:term":[{"taxonomy":"product_cat","embeddable":true,"href":"https:\/\/e.kosmolat.eu\/lv\/wp-json\/wp\/v2\/product_cat?post=51338"},{"taxonomy":"product_tag","embeddable":true,"href":"https:\/\/e.kosmolat.eu\/lv\/wp-json\/wp\/v2\/product_tag?post=51338"}],"curies":[{"name":"wp","href":"https:\/\/api.w.org\/{rel}","templated":true}]}}