{"id":51330,"date":"2024-05-09T07:36:16","date_gmt":"2024-05-09T07:36:16","guid":{"rendered":"https:\/\/e.kosmolat.eu\/?post_type=product&#038;p=51330"},"modified":"2026-04-15T12:00:59","modified_gmt":"2026-04-15T12:00:59","slug":"the-dr-hc-cica-sejas-krems-ar-azijas-centellu-nomierinoss-30-ml","status":"publish","type":"product","link":"https:\/\/e.kosmolat.eu\/lv\/product\/the-dr-hc-cica-sejas-krems-ar-azijas-centellu-nomierinoss-30-ml\/","title":{"rendered":"The Dr. H&#038;C Cica sejas kr\u0113ms ar \u0100zijas centellu Nomierino\u0161s, 30 ml"},"content":{"rendered":"<p>Piem\u0113rots jut\u012bgai un sausai \u0101dai.<\/p>\n<ul>\n<li>sniedz komforta saj\u016btu;<\/li>\n<li>m\u012bkstina un nomierina;<\/li>\n<li>aizsarg\u0101 \u0101du no \u0101r\u0113jiem kairin\u0101t\u0101jiem;<\/li>\n<li>ieteicams p\u0113c uztur\u0113&scaron;an\u0101s aukstum\u0101, saul\u0113.<\/li>\n<\/ul>\n<p><strong>Lieto&scaron;ana:<\/strong> ar viegl\u0101m kust\u012bb\u0101m uzkl\u0101t uz t\u012bras \u0101das pa mas\u0101\u017eas l\u012bnij\u0101m.<\/p>\n<p><strong>Piesardz\u012bbas pas\u0101kumi: <\/strong>iesp\u0113jama paaugstin\u0101ta individu\u0101l\u0101 jut\u012bba pret atsevi&scaron;\u0137\u0101m sast\u0101vda\u013c\u0101m.&nbsp;<\/p>\n<p>Uzglab\u0101t temperat\u016br\u0101 no +5 &deg;\u0421 l\u012bdz +25 &deg;\u0421.<\/p>\n<p><strong>Der\u012bguma termi\u0146&scaron;: <\/strong>30 m\u0113ne&scaron;i no izgatavo&scaron;anas datuma.<\/p>\n","protected":false},"excerpt":{"rendered":"<p>Piem\u0113rots jut\u012bgai un sausai \u0101dai. sniedz komforta saj\u016btu; m\u012bkstina un nomierina; aizsarg\u0101 \u0101du no \u0101r\u0113jiem kairin\u0101t\u0101jiem; ieteicams p\u0113c uztur\u0113&scaron;an\u0101s aukstum\u0101, saul\u0113. Lieto&scaron;ana: ar viegl\u0101m kust\u012bb\u0101m uzkl\u0101t uz t\u012bras \u0101das pa mas\u0101\u017eas l\u012bnij\u0101m. Piesardz\u012bbas pas\u0101kumi: iesp\u0113jama paaugstin\u0101ta individu\u0101l\u0101 jut\u012bba pret atsevi&scaron;\u0137\u0101m sast\u0101vda\u013c\u0101m.&nbsp; Uzglab\u0101t temperat\u016br\u0101 no +5 &deg;\u0421 l\u012bdz +25 &deg;\u0421. Der\u012bguma termi\u0146&scaron;: 30 m\u0113ne&scaron;i no izgatavo&scaron;anas [&#8230;]\n","protected":false},"featured_media":92542,"template":"","meta":[],"product_cat":[1320],"product_tag":[],"class_list":{"0":"post-51330","1":"product","2":"type-product","3":"status-publish","4":"has-post-thumbnail","6":"product_brand-elfa_ua","7":"product_cat-sejas-kremi","9":"first","10":"instock","11":"taxable","12":"shipping-taxable","13":"product-type-simple"},"_links":{"self":[{"href":"https:\/\/e.kosmolat.eu\/lv\/wp-json\/wp\/v2\/product\/51330","targetHints":{"allow":["GET"]}}],"collection":[{"href":"https:\/\/e.kosmolat.eu\/lv\/wp-json\/wp\/v2\/product"}],"about":[{"href":"https:\/\/e.kosmolat.eu\/lv\/wp-json\/wp\/v2\/types\/product"}],"wp:featuredmedia":[{"embeddable":true,"href":"https:\/\/e.kosmolat.eu\/lv\/wp-json\/wp\/v2\/media\/92542"}],"wp:attachment":[{"href":"https:\/\/e.kosmolat.eu\/lv\/wp-json\/wp\/v2\/media?parent=51330"}],"wp:term":[{"taxonomy":"product_cat","embeddable":true,"href":"https:\/\/e.kosmolat.eu\/lv\/wp-json\/wp\/v2\/product_cat?post=51330"},{"taxonomy":"product_tag","embeddable":true,"href":"https:\/\/e.kosmolat.eu\/lv\/wp-json\/wp\/v2\/product_tag?post=51330"}],"curies":[{"name":"wp","href":"https:\/\/api.w.org\/{rel}","templated":true}]}}