{"id":51217,"date":"2024-05-07T13:09:53","date_gmt":"2024-05-07T13:09:53","guid":{"rendered":"https:\/\/e.kosmolat.eu\/product\/antiallergenic-care\/"},"modified":"2026-04-14T06:51:07","modified_gmt":"2026-04-14T06:51:07","slug":"shik-intimo-antiallergenic-care-intimas-hig-lidz-300-g","status":"publish","type":"product","link":"https:\/\/e.kosmolat.eu\/lv\/product\/shik-intimo-antiallergenic-care-intimas-hig-lidz-300-g\/","title":{"rendered":"SHIK INTIMO Antiallergenic Care Int\u012bm\u0101s hig. l\u012bdz., 300 g"},"content":{"rendered":"<p>Maigais l\u012bdzeklis satur kli\u0146\u0123er\u012b&scaron;u, piene\u0146u, rasaskr\u0113sli\u0146u, pela&scaron;\u0137u un kumel\u012b&scaron;u augu kompleksu. L\u012bdzeklim ir nomierino&scaron;a un atsvaidzino&scaron;a iedarb\u012bba.<\/p>\n<p><strong>Lieto&scaron;ana: <\/strong>uzkl\u0101t nepiecie&scaron;amo daudzumu uz int\u012bmaj\u0101m \u0137erme\u0146a zon\u0101m, saputot, noskalot ar \u016bdeni.<\/p>\n<p><strong>Piesardz\u012bbas pas\u0101kumi:<\/strong> tikai \u0101r\u012bgai lieto&scaron;anai. Ja nok\u013c\u016bst ac\u012bs, r\u016bp\u012bgi izskalot ar lielu daudzumu teko&scaron;a \u016bdens.<\/p>\n<p>Uzglab\u0101t temperat\u016br\u0101 no +5 &deg;\u0421 l\u012bdz +25 &deg;\u0421, sarg\u0101jot no tie&scaron;iem saules stariem.<\/p>\n<p><strong>Der\u012bguma termi\u0146&scaron;: <\/strong>36 m\u0113ne&scaron;i.<br \/>\n&nbsp;<\/p>\n","protected":false},"excerpt":{"rendered":"<p>Maigais l\u012bdzeklis satur kli\u0146\u0123er\u012b&scaron;u, piene\u0146u, rasaskr\u0113sli\u0146u, pela&scaron;\u0137u un kumel\u012b&scaron;u augu kompleksu. L\u012bdzeklim ir nomierino&scaron;a un atsvaidzino&scaron;a iedarb\u012bba. Lieto&scaron;ana: uzkl\u0101t nepiecie&scaron;amo daudzumu uz int\u012bmaj\u0101m \u0137erme\u0146a zon\u0101m, saputot, noskalot ar \u016bdeni. Piesardz\u012bbas pas\u0101kumi: tikai \u0101r\u012bgai lieto&scaron;anai. Ja nok\u013c\u016bst ac\u012bs, r\u016bp\u012bgi izskalot ar lielu daudzumu teko&scaron;a \u016bdens. Uzglab\u0101t temperat\u016br\u0101 no +5 &deg;\u0421 l\u012bdz +25 &deg;\u0421, sarg\u0101jot no tie&scaron;iem [&#8230;]\n","protected":false},"featured_media":92478,"template":"","meta":[],"product_cat":[1374],"product_tag":[],"class_list":{"0":"post-51217","1":"product","2":"type-product","3":"status-publish","4":"has-post-thumbnail","6":"product_brand-slobozanskij-milovar_ua","7":"product_cat-intymi-higiena","9":"first","10":"instock","11":"taxable","12":"shipping-taxable","13":"product-type-simple"},"_links":{"self":[{"href":"https:\/\/e.kosmolat.eu\/lv\/wp-json\/wp\/v2\/product\/51217","targetHints":{"allow":["GET"]}}],"collection":[{"href":"https:\/\/e.kosmolat.eu\/lv\/wp-json\/wp\/v2\/product"}],"about":[{"href":"https:\/\/e.kosmolat.eu\/lv\/wp-json\/wp\/v2\/types\/product"}],"wp:featuredmedia":[{"embeddable":true,"href":"https:\/\/e.kosmolat.eu\/lv\/wp-json\/wp\/v2\/media\/92478"}],"wp:attachment":[{"href":"https:\/\/e.kosmolat.eu\/lv\/wp-json\/wp\/v2\/media?parent=51217"}],"wp:term":[{"taxonomy":"product_cat","embeddable":true,"href":"https:\/\/e.kosmolat.eu\/lv\/wp-json\/wp\/v2\/product_cat?post=51217"},{"taxonomy":"product_tag","embeddable":true,"href":"https:\/\/e.kosmolat.eu\/lv\/wp-json\/wp\/v2\/product_tag?post=51217"}],"curies":[{"name":"wp","href":"https:\/\/api.w.org\/{rel}","templated":true}]}}