{"id":51082,"date":"2024-05-04T08:29:05","date_gmt":"2024-05-04T08:29:05","guid":{"rendered":"https:\/\/e.kosmolat.eu\/product\/fj-krems-sviests-kermenim-apelsins-mango-225-ml\/"},"modified":"2026-04-21T07:43:56","modified_gmt":"2026-04-21T07:43:56","slug":"fj-krems-sviests-kermenim-apelsins-mango-225-ml","status":"publish","type":"product","link":"https:\/\/e.kosmolat.eu\/lv\/product\/fj-krems-sviests-kermenim-apelsins-mango-225-ml\/","title":{"rendered":"&#8220;FJ&#8221; Kr\u0113ms-sviests \u0137ermenim &#8220;Apels\u012bns &#038; Mango&#8221;, 225 ml"},"content":{"rendered":"<p>Baro un m\u012bkstina pat vissaus\u0101ko \u0101du, viegli uzs\u016bcas, neatst\u0101jot lip\u012bgu saj\u016btu. Sast\u0101vs ir bag\u0101tin\u0101ts ar apels\u012bna \u0113terisko e\u013c\u013cu, amaranta e\u013c\u013cu un mango ekstraktu.<\/p>\n<p>Dermatolo\u0123iski test\u0113ts.&nbsp;<\/p>\n<p><strong>Lieto&scaron;ana: <\/strong>ar viegl\u0101m mas\u0113jo&scaron;\u0101m kust\u012bb\u0101m uzkl\u0101t uz t\u012bras sasusas \u0101das.<\/p>\n<p><strong>Piesardz\u012bbas pas\u0101kumi: <\/strong>individu\u0101la nepanes\u012bba pret atsevi&scaron;\u0137\u0101m sast\u0101vda\u013c\u0101m.<br \/>\n&nbsp;<\/p>\n","protected":false},"excerpt":{"rendered":"<p>Baro un m\u012bkstina pat vissaus\u0101ko \u0101du, viegli uzs\u016bcas, neatst\u0101jot lip\u012bgu saj\u016btu. Sast\u0101vs ir bag\u0101tin\u0101ts ar apels\u012bna \u0113terisko e\u013c\u013cu, amaranta e\u013c\u013cu un mango ekstraktu. Dermatolo\u0123iski test\u0113ts.&nbsp; Lieto&scaron;ana: ar viegl\u0101m mas\u0113jo&scaron;\u0101m kust\u012bb\u0101m uzkl\u0101t uz t\u012bras sasusas \u0101das. Piesardz\u012bbas pas\u0101kumi: individu\u0101la nepanes\u012bba pret atsevi&scaron;\u0137\u0101m sast\u0101vda\u013c\u0101m. &nbsp;<\/p>\n","protected":false},"featured_media":80478,"template":"","meta":[],"product_cat":[1621],"product_tag":[],"class_list":{"0":"post-51082","1":"product","2":"type-product","3":"status-publish","4":"has-post-thumbnail","6":"product_brand-elfa_ua","7":"product_cat-aliejai","9":"first","10":"instock","11":"taxable","12":"shipping-taxable","13":"product-type-simple"},"_links":{"self":[{"href":"https:\/\/e.kosmolat.eu\/lv\/wp-json\/wp\/v2\/product\/51082","targetHints":{"allow":["GET"]}}],"collection":[{"href":"https:\/\/e.kosmolat.eu\/lv\/wp-json\/wp\/v2\/product"}],"about":[{"href":"https:\/\/e.kosmolat.eu\/lv\/wp-json\/wp\/v2\/types\/product"}],"wp:featuredmedia":[{"embeddable":true,"href":"https:\/\/e.kosmolat.eu\/lv\/wp-json\/wp\/v2\/media\/80478"}],"wp:attachment":[{"href":"https:\/\/e.kosmolat.eu\/lv\/wp-json\/wp\/v2\/media?parent=51082"}],"wp:term":[{"taxonomy":"product_cat","embeddable":true,"href":"https:\/\/e.kosmolat.eu\/lv\/wp-json\/wp\/v2\/product_cat?post=51082"},{"taxonomy":"product_tag","embeddable":true,"href":"https:\/\/e.kosmolat.eu\/lv\/wp-json\/wp\/v2\/product_tag?post=51082"}],"curies":[{"name":"wp","href":"https:\/\/api.w.org\/{rel}","templated":true}]}}