{"id":50958,"date":"2024-05-04T00:15:07","date_gmt":"2024-05-04T00:15:07","guid":{"rendered":"https:\/\/e.kosmolat.eu\/product\/relouis-kiss-me-again-ton-skidr-lupu-kr-tonis-03-3-5-g\/"},"modified":"2025-09-20T04:51:45","modified_gmt":"2025-09-20T04:51:45","slug":"relouis-03-kiss-me-again-toneta-skidra-lupu-krasa-3-5-g","status":"publish","type":"product","link":"https:\/\/e.kosmolat.eu\/lv\/product\/relouis-03-kiss-me-again-toneta-skidra-lupu-krasa-3-5-g\/","title":{"rendered":"RELOUIS 03 Kiss Me Again Ton\u0113ta \u0161\u0137idr\u0101 l\u016bpu kr\u0101sa,  3.5 g"},"content":{"rendered":"<p><strong>Lieto&scaron;ana:<\/strong> uzkl\u0101t &scaron;\u0137idro l\u016bpu kr\u0101su uz l\u016bp\u0101m ar aplikatoru, lai pie&scaron;\u0137irtu t\u0101m kr\u0101su.<\/p>\n<p>Uzglab\u0101t temperat\u016br\u0101 no +5 &deg;\u0421 l\u012bdz +25 &deg;\u0421.<br \/>\n&nbsp;<\/p>\n","protected":false},"excerpt":{"rendered":"<p>Lieto&scaron;ana: uzkl\u0101t &scaron;\u0137idro l\u016bpu kr\u0101su uz l\u016bp\u0101m ar aplikatoru, lai pie&scaron;\u0137irtu t\u0101m kr\u0101su. Uzglab\u0101t temperat\u016br\u0101 no +5 &deg;\u0421 l\u012bdz +25 &deg;\u0421. &nbsp;<\/p>\n","protected":false},"featured_media":92262,"template":"","meta":[],"product_cat":[1271],"product_tag":[],"class_list":{"0":"post-50958","1":"product","2":"type-product","3":"status-publish","4":"has-post-thumbnail","6":"product_brand-relui-bel_by","7":"product_cat-lupu-spidumi","9":"first","10":"outofstock","11":"taxable","12":"shipping-taxable","13":"product-type-simple"},"_links":{"self":[{"href":"https:\/\/e.kosmolat.eu\/lv\/wp-json\/wp\/v2\/product\/50958","targetHints":{"allow":["GET"]}}],"collection":[{"href":"https:\/\/e.kosmolat.eu\/lv\/wp-json\/wp\/v2\/product"}],"about":[{"href":"https:\/\/e.kosmolat.eu\/lv\/wp-json\/wp\/v2\/types\/product"}],"wp:featuredmedia":[{"embeddable":true,"href":"https:\/\/e.kosmolat.eu\/lv\/wp-json\/wp\/v2\/media\/92262"}],"wp:attachment":[{"href":"https:\/\/e.kosmolat.eu\/lv\/wp-json\/wp\/v2\/media?parent=50958"}],"wp:term":[{"taxonomy":"product_cat","embeddable":true,"href":"https:\/\/e.kosmolat.eu\/lv\/wp-json\/wp\/v2\/product_cat?post=50958"},{"taxonomy":"product_tag","embeddable":true,"href":"https:\/\/e.kosmolat.eu\/lv\/wp-json\/wp\/v2\/product_tag?post=50958"}],"curies":[{"name":"wp","href":"https:\/\/api.w.org\/{rel}","templated":true}]}}