{"id":50902,"date":"2024-05-03T10:50:37","date_gmt":"2024-05-03T10:50:37","guid":{"rendered":"https:\/\/e.kosmolat.eu\/product\/bespoke-men-gin-and-citrus-woods-parfimerijas-udens-100ml\/"},"modified":"2026-04-17T07:55:35","modified_gmt":"2026-04-17T07:55:35","slug":"bespoke-men-gin-and-citrus-woods-parfimerijas-udens-100ml","status":"publish","type":"product","link":"https:\/\/e.kosmolat.eu\/lv\/product\/bespoke-men-gin-and-citrus-woods-parfimerijas-udens-100ml\/","title":{"rendered":"BESPOKE MEN Gin and Citrus Woods Parfim\u0113rijas \u016bdens, 100ml"},"content":{"rendered":"<p><strong>Piesardz\u012bbas pas\u0101kumi: <\/strong>Viegli uzliesmojo\u0161s, l\u012bdz iz\u017e\u016bst. Nelietot uguns, liesmas vai karstuma avotu tuvum\u0101.<\/p>\n","protected":false},"excerpt":{"rendered":"<p>Piesardz\u012bbas pas\u0101kumi: Viegli uzliesmojo\u0161s, l\u012bdz iz\u017e\u016bst. Nelietot uguns, liesmas vai karstuma avotu tuvum\u0101.<\/p>\n","protected":false},"featured_media":105212,"template":"","meta":[],"product_cat":[2181],"product_tag":[],"class_list":{"0":"post-50902","1":"product","2":"type-product","3":"status-publish","4":"has-post-thumbnail","6":"product_brand-incos_gb","7":"product_cat-bez-kategorijas-lt","9":"first","10":"instock","11":"taxable","12":"shipping-taxable","13":"product-type-simple"},"_links":{"self":[{"href":"https:\/\/e.kosmolat.eu\/lv\/wp-json\/wp\/v2\/product\/50902","targetHints":{"allow":["GET"]}}],"collection":[{"href":"https:\/\/e.kosmolat.eu\/lv\/wp-json\/wp\/v2\/product"}],"about":[{"href":"https:\/\/e.kosmolat.eu\/lv\/wp-json\/wp\/v2\/types\/product"}],"wp:featuredmedia":[{"embeddable":true,"href":"https:\/\/e.kosmolat.eu\/lv\/wp-json\/wp\/v2\/media\/105212"}],"wp:attachment":[{"href":"https:\/\/e.kosmolat.eu\/lv\/wp-json\/wp\/v2\/media?parent=50902"}],"wp:term":[{"taxonomy":"product_cat","embeddable":true,"href":"https:\/\/e.kosmolat.eu\/lv\/wp-json\/wp\/v2\/product_cat?post=50902"},{"taxonomy":"product_tag","embeddable":true,"href":"https:\/\/e.kosmolat.eu\/lv\/wp-json\/wp\/v2\/product_tag?post=50902"}],"curies":[{"name":"wp","href":"https:\/\/api.w.org\/{rel}","templated":true}]}}