{"id":50897,"date":"2024-05-03T08:23:39","date_gmt":"2024-05-03T08:23:39","guid":{"rendered":"https:\/\/e.kosmolat.eu\/product\/i_davanu-komplekts-bioton-for-men-nr-21\/"},"modified":"2025-06-12T09:42:24","modified_gmt":"2025-06-12T09:42:24","slug":"i_davanu-komplekts-bioton-for-men-nr-21","status":"publish","type":"product","link":"https:\/\/e.kosmolat.eu\/lv\/product\/i_davanu-komplekts-bioton-for-men-nr-21\/","title":{"rendered":"I_D\u0101vanu komplekts Bioton For Men Nr.21"},"content":{"rendered":"<p>1) Du\u0161as \u017eeleja &ldquo;V\u012bnogas un v\u012b\u0123es&rdquo; v\u012brie\u0161iem lieliski toniz\u0113 un att\u012bra \u0101du bez sausuma saj\u016btas. V\u012bnogu ekstraktam piem\u012bt antioksidanta iedarb\u012bba, tas stimul\u0113 \u0101das atjauno\u0161anos. V\u012b\u0123es ekstrakts , kas bag\u0101ts ar vitam\u012bniem un miner\u0101lviel\u0101m, paaugstina \u0101das aizsargfunkciju, d\u0101v\u0101 ener\u0123iju. Du\u0161as \u017eeleja sniedz mo\u017euma, svaiguma un t\u012br\u012bbas saj\u016btu.<\/p>\n<p><strong>Lieto\u0161ana: <\/strong>uzkl\u0101jiet \u017eeleju uz plaukstas vai s\u016bk\u013ca, ar viegl\u0101m kust\u012bb\u0101m pamas\u0113jiet \u0101du l\u012bdz veidojas putas, noskalojiet ar \u016bdeni.<\/p>\n<p><strong>Piesardz\u012bbas pas\u0101kumi:<\/strong> tikai \u0101r\u012bgai lieto\u0161anai.<\/p>\n<p><strong>Der\u012bguma termi\u0146\u0161: <\/strong>30 m\u0113ne\u0161i. Uzglab\u0101t temperat\u016br\u0101 no +5&deg;C l\u012bdz +25&deg;C.<\/p>\n<p>2) Sk\u016b\u0161an\u0101s kr\u0113ms ar pat\u012bkamu atv\u0113sino\u0161u efektu \u013cauj \u017eiletei \u012bpa\u0161i labi sl\u012bd\u0113t pa \u0101du. Kr\u0113m\u0101 eso\u0161ais vitam\u012bnu komplekss un alvejas ekstrakts nov\u0113r\u0161 kairin\u0101jumu, mazina aps\u0101rtumu, nomierina un m\u012bkstina \u0101du, k\u0101 ar\u012b sniedz svaiguma saj\u016btu. \u0100da k\u013c\u016bst gluda un pat\u012bkama piesk\u0101rienam. L\u012bdzeklis ir piem\u0113rots visiem \u0101das tipiem.<\/p>\n<p><strong>Lieto\u0161ana:<\/strong> izmantojot sk\u016b\u0161an\u0101s otu ar ap\u013cveida kust\u012bb\u0101m vienm\u0113r\u012bgi uzkl\u0101jiet kr\u0113mu uz sejas \u0101das.<\/p>\n<p><strong>Piesardz\u012bbas pas\u0101kumi: <\/strong>tikai \u0101r\u012bgai lieto\u0161anai. Sarg\u0101t no b\u0113rniem un dz\u012bvniekiem.<\/p>\n<p><strong>Der\u012bguma termi\u0146\u0161:<\/strong> 24 m\u0113ne\u0161i. Uzglab\u0101t temperat\u016br\u0101 no +5&deg;C l\u012bdz +25&deg;C.<br \/>\n&nbsp;<\/p>\n","protected":false},"excerpt":{"rendered":"<p>1) Du\u0161as \u017eeleja &ldquo;V\u012bnogas un v\u012b\u0123es&rdquo; v\u012brie\u0161iem lieliski toniz\u0113 un att\u012bra \u0101du bez sausuma saj\u016btas. V\u012bnogu ekstraktam piem\u012bt antioksidanta iedarb\u012bba, tas stimul\u0113 \u0101das atjauno\u0161anos. V\u012b\u0123es ekstrakts , kas bag\u0101ts ar vitam\u012bniem un miner\u0101lviel\u0101m, paaugstina \u0101das aizsargfunkciju, d\u0101v\u0101 ener\u0123iju. Du\u0161as \u017eeleja sniedz mo\u017euma, svaiguma un t\u012br\u012bbas saj\u016btu. Lieto\u0161ana: uzkl\u0101jiet \u017eeleju uz plaukstas vai s\u016bk\u013ca, ar viegl\u0101m [&#8230;]\n","protected":false},"featured_media":13029,"template":"","meta":[],"product_cat":[1858],"product_tag":[],"class_list":{"0":"post-50897","1":"product","2":"type-product","3":"status-publish","4":"has-post-thumbnail","6":"product_brand-bioton_ua","7":"product_cat-dovanu-rinkiniai-vyrams","9":"first","10":"instock","11":"taxable","12":"shipping-taxable","13":"product-type-simple"},"_links":{"self":[{"href":"https:\/\/e.kosmolat.eu\/lv\/wp-json\/wp\/v2\/product\/50897","targetHints":{"allow":["GET"]}}],"collection":[{"href":"https:\/\/e.kosmolat.eu\/lv\/wp-json\/wp\/v2\/product"}],"about":[{"href":"https:\/\/e.kosmolat.eu\/lv\/wp-json\/wp\/v2\/types\/product"}],"wp:featuredmedia":[{"embeddable":true,"href":"https:\/\/e.kosmolat.eu\/lv\/wp-json\/wp\/v2\/media\/13029"}],"wp:attachment":[{"href":"https:\/\/e.kosmolat.eu\/lv\/wp-json\/wp\/v2\/media?parent=50897"}],"wp:term":[{"taxonomy":"product_cat","embeddable":true,"href":"https:\/\/e.kosmolat.eu\/lv\/wp-json\/wp\/v2\/product_cat?post=50897"},{"taxonomy":"product_tag","embeddable":true,"href":"https:\/\/e.kosmolat.eu\/lv\/wp-json\/wp\/v2\/product_tag?post=50897"}],"curies":[{"name":"wp","href":"https:\/\/api.w.org\/{rel}","templated":true}]}}