{"id":50886,"date":"2024-05-02T21:55:39","date_gmt":"2024-05-02T21:55:39","guid":{"rendered":"https:\/\/e.kosmolat.eu\/product\/dehidrejoss-toniks-rokam-100-ml\/"},"modified":"2025-09-19T22:08:03","modified_gmt":"2025-09-19T22:08:03","slug":"dehidrejoss-toniks-rokam-100-ml","status":"publish","type":"product","link":"https:\/\/e.kosmolat.eu\/lv\/product\/dehidrejoss-toniks-rokam-100-ml\/","title":{"rendered":"Dehidr\u0113jo\u0161s toniks rok\u0101m. 100 ml"},"content":{"rendered":"<p>Toniks ir paredz\u0113ts roku \u0101das att\u012br\u012b\u0161anai pirms manik\u012bra proced\u016bras. Sniedz dehidr\u0113jo\u0161u iedarb\u012bbu. Sast\u0101v\u0101 ietilpst mitrino\u0161as sast\u0101vda\u013cas. Efekt\u012bvi likvid\u0113 mitruma p\u0101rpalikumus no \u0101das virsmas, nesausina to. Piem\u012bt pat\u012bkams arom\u0101ts.<\/p>\n<p><strong>Lieto\u0161ana: <\/strong><\/p>\n<p>uzkl\u0101t nelielu tonika daudzumu uz rok\u0101m pirms un p\u0113c manik\u012bra proced\u016bras.<\/p>\n<p><strong>Piesardz\u012bbas pas\u0101kumi: <\/strong><\/p>\n<p>tikai \u0101r\u012bgai lieto\u0161anai. Sarg\u0101t no b\u0113rniem.<\/p>\n<p><strong>Uzglab\u0101\u0161anas noteikumi: <\/strong><\/p>\n<p>uzglab\u0101t temperat\u016br\u0101 no +5&deg;C l\u012bdz +25&deg;C. Izvair\u012bties no tie\u0161u saules staru iedarb\u012bbas.<\/p>\n","protected":false},"excerpt":{"rendered":"<p>Toniks ir paredz\u0113ts roku \u0101das att\u012br\u012b\u0161anai pirms manik\u012bra proced\u016bras. Sniedz dehidr\u0113jo\u0161u iedarb\u012bbu. Sast\u0101v\u0101 ietilpst mitrino\u0161as sast\u0101vda\u013cas. Efekt\u012bvi likvid\u0113 mitruma p\u0101rpalikumus no \u0101das virsmas, nesausina to. Piem\u012bt pat\u012bkams arom\u0101ts. Lieto\u0161ana: uzkl\u0101t nelielu tonika daudzumu uz rok\u0101m pirms un p\u0113c manik\u012bra proced\u016bras. Piesardz\u012bbas pas\u0101kumi: tikai \u0101r\u012bgai lieto\u0161anai. Sarg\u0101t no b\u0113rniem. Uzglab\u0101\u0161anas noteikumi: uzglab\u0101t temperat\u016br\u0101 no +5&deg;C l\u012bdz [&#8230;]\n","protected":false},"featured_media":85802,"template":"","meta":[],"product_cat":[1302],"product_tag":[],"class_list":{"0":"post-50886","1":"product","2":"type-product","3":"status-publish","4":"has-post-thumbnail","6":"product_brand-malina-akcija","7":"product_cat-roku-kopsanas-kosmetika","9":"first","10":"outofstock","11":"taxable","12":"shipping-taxable","13":"product-type-simple"},"_links":{"self":[{"href":"https:\/\/e.kosmolat.eu\/lv\/wp-json\/wp\/v2\/product\/50886","targetHints":{"allow":["GET"]}}],"collection":[{"href":"https:\/\/e.kosmolat.eu\/lv\/wp-json\/wp\/v2\/product"}],"about":[{"href":"https:\/\/e.kosmolat.eu\/lv\/wp-json\/wp\/v2\/types\/product"}],"wp:featuredmedia":[{"embeddable":true,"href":"https:\/\/e.kosmolat.eu\/lv\/wp-json\/wp\/v2\/media\/85802"}],"wp:attachment":[{"href":"https:\/\/e.kosmolat.eu\/lv\/wp-json\/wp\/v2\/media?parent=50886"}],"wp:term":[{"taxonomy":"product_cat","embeddable":true,"href":"https:\/\/e.kosmolat.eu\/lv\/wp-json\/wp\/v2\/product_cat?post=50886"},{"taxonomy":"product_tag","embeddable":true,"href":"https:\/\/e.kosmolat.eu\/lv\/wp-json\/wp\/v2\/product_tag?post=50886"}],"curies":[{"name":"wp","href":"https:\/\/api.w.org\/{rel}","templated":true}]}}