{"id":50878,"date":"2024-05-02T21:32:44","date_gmt":"2024-05-02T21:32:44","guid":{"rendered":"https:\/\/e.kosmolat.eu\/product\/bad-girl-lidzeklis-matu-tonesanai-electric-vibe-neona-dzeltens-150-ml\/"},"modified":"2025-09-19T21:49:38","modified_gmt":"2025-09-19T21:49:38","slug":"bad-girl-lidzeklis-matu-tonesanai-electric-vibe-neona-dzeltens-150-ml","status":"publish","type":"product","link":"https:\/\/e.kosmolat.eu\/lv\/product\/bad-girl-lidzeklis-matu-tonesanai-electric-vibe-neona-dzeltens-150-ml\/","title":{"rendered":"BAD GIRL L\u012bdzeklis matu ton\u0113\u0161anai Electric Vibe (Neona dzeltens), 150 ml"},"content":{"rendered":"<p>Tie\u0161\u0101s iedarb\u012bbas revolucion\u0101r\u0101 kr\u0101sviela notur\u012bgai kreat\u012bvai matu kr\u0101so\u0161anai. To\u0146us var lietot t\u012br\u0101 veid\u0101 vai sajaukt vienu ar otru. Ide\u0101la konsistence nodro\u0161ina vienm\u0113r\u012bgu toni vis\u0101 matu garum\u0101. \u0112rts aplikators maksim\u0101li tie\u0161ai uzkl\u0101\u0161anai uz visdro\u0161\u0101ko kr\u0101su gradientu veido\u0161anai. Kerat\u012bna komplekss pilnveido un izl\u012bdzina virsmu. E vitam\u012bns un linu e\u013c\u013ca mitrina un pie\u0161\u0137ir matiem sp\u012bdumu. To\u0146a notur\u012bba un intensit\u0101te ir atkar\u012bga no matu porainuma un strukt\u016bras. Maksim\u0101la to\u0146a intensit\u0101te uz 9-10 l\u012bme\u0146a b\u0101zes. Augsta pigmentu koncentr\u0101cija. Bag\u0101t\u012bgs tonis pat p\u0113c 10 \u0161amp\u016bna lieto\u0161anas reiz\u0113m. Nesm\u0113r\u0113 ap\u0123\u0113rbu, interjera priek\u0161metus un vannas virsmu lietojot \u0161amp\u016bnu turpm\u0101k. T\u012bri to\u0146i pat p\u0113c galvas mazg\u0101\u0161anas karstaj\u0101 \u016bden\u012b. Iztur\u012bba l\u012bdz 100 dien\u0101m.<\/p>\n<div>Lieto\u0161anas rekomend\u0101cijas: <\/div>\n<div>uzvelciet cimdus. Vienm\u0113r\u012bgi uzkl\u0101jiet un izsm\u0113r\u0113jiet kr\u0101sojo\u0161u mais\u012bjumu uz t\u012briem sausiem matiem. Noturiet 20-30 min\u016btes. P\u0113c iedarb\u012bbas laiki izbeig\u0161anas r\u016bp\u012bgi nomazg\u0101jiet ar lielu silt\u0101 \u016bdens daudzumu. Nelietojiet \u0161amp\u016bnu. Maksim\u0101li spilgtam rezult\u0101tam nepiecie\u0161ams balin\u0101t matus pirms l\u012bdzek\u013ca lieto\u0161anas. Nav j\u0101sajauc ar oksid\u0113t\u0101ju. Nesatur amonjaku. Visus to\u0146us BAD GIRL var sajaukt lai ieg\u016btu individu\u0101lo toni. To\u0146a notur\u012bba ir atkar\u012bga no matu st\u0101vok\u013ca, iedarb\u012bbas laika un ton\u0113\u0161anas tehnikas. To\u0146a saglab\u0101\u0161anai t\u0101l\u0101kai lieto\u0161anai rekomend\u0113jam lietot \u0161amp\u016bnu un balzamu kr\u0101sotiem matiem. Pigmenta likvid\u0113\u0161anai no matiem un \u0101das rekomend\u0113jam lietot REMOVER BAD GIRL.\n<\/div>\n<div>UZMAN\u012aBU!\n<\/div>\n<div>Ton\u0113jo\u0161\u0101 balzama tonis var at\u0161\u0137irties no to\u0146a uz matiem, kur\u0161 rezult\u0101t\u0101 tiks ieg\u016bts. Pirms lieto\u0161anas veiciet testu uz aler\u0123isku reakciju. Ja iek\u013c\u016bst ac\u012bs, nomazg\u0101jiet ar t\u012bru \u016bdeni. Ja kr\u0101sviela nok\u013c\u016bst uz interjera priek\u0161metiem vai vannas virsmu nomazg\u0101jiet to ar l\u012bdzekli santehnikas t\u012br\u012b\u0161anai. Sarg\u0101t no b\u0113rniem!<\/div>\n","protected":false},"excerpt":{"rendered":"<p>Tie\u0161\u0101s iedarb\u012bbas revolucion\u0101r\u0101 kr\u0101sviela notur\u012bgai kreat\u012bvai matu kr\u0101so\u0161anai. To\u0146us var lietot t\u012br\u0101 veid\u0101 vai sajaukt vienu ar otru. Ide\u0101la konsistence nodro\u0161ina vienm\u0113r\u012bgu toni vis\u0101 matu garum\u0101. \u0112rts aplikators maksim\u0101li tie\u0161ai uzkl\u0101\u0161anai uz visdro\u0161\u0101ko kr\u0101su gradientu veido\u0161anai. Kerat\u012bna komplekss pilnveido un izl\u012bdzina virsmu. E vitam\u012bns un linu e\u013c\u013ca mitrina un pie\u0161\u0137ir matiem sp\u012bdumu. To\u0146a notur\u012bba un [&#8230;]\n","protected":false},"featured_media":85422,"template":"","meta":[],"product_cat":[1440],"product_tag":[],"class_list":{"0":"post-50878","1":"product","2":"type-product","3":"status-publish","4":"has-post-thumbnail","6":"product_brand-vecie-kodi","7":"product_cat-matu-krasas-matu-krasas","9":"first","10":"outofstock","11":"taxable","12":"shipping-taxable","13":"product-type-simple"},"_links":{"self":[{"href":"https:\/\/e.kosmolat.eu\/lv\/wp-json\/wp\/v2\/product\/50878","targetHints":{"allow":["GET"]}}],"collection":[{"href":"https:\/\/e.kosmolat.eu\/lv\/wp-json\/wp\/v2\/product"}],"about":[{"href":"https:\/\/e.kosmolat.eu\/lv\/wp-json\/wp\/v2\/types\/product"}],"wp:featuredmedia":[{"embeddable":true,"href":"https:\/\/e.kosmolat.eu\/lv\/wp-json\/wp\/v2\/media\/85422"}],"wp:attachment":[{"href":"https:\/\/e.kosmolat.eu\/lv\/wp-json\/wp\/v2\/media?parent=50878"}],"wp:term":[{"taxonomy":"product_cat","embeddable":true,"href":"https:\/\/e.kosmolat.eu\/lv\/wp-json\/wp\/v2\/product_cat?post=50878"},{"taxonomy":"product_tag","embeddable":true,"href":"https:\/\/e.kosmolat.eu\/lv\/wp-json\/wp\/v2\/product_tag?post=50878"}],"curies":[{"name":"wp","href":"https:\/\/api.w.org\/{rel}","templated":true}]}}