{"id":50862,"date":"2024-05-02T19:43:41","date_gmt":"2024-05-02T19:43:41","guid":{"rendered":"https:\/\/e.kosmolat.eu\/product\/milv-kosmetisks-losjons-universals-neitralizators-100-ml\/"},"modified":"2025-09-19T21:35:53","modified_gmt":"2025-09-19T21:35:53","slug":"milv-kosmetisks-losjons-universals-neitralizators-100-ml","status":"publish","type":"product","link":"https:\/\/e.kosmolat.eu\/lv\/product\/milv-kosmetisks-losjons-universals-neitralizators-100-ml\/","title":{"rendered":"MILV Kosm\u0113tisks losjons &#8220;Univers\u0101ls neitralizators&#8221;, 100 ml"},"content":{"rendered":"<p>MILV Kosm\u0113tisks \u0137erme\u0146a losjons \u201cUnivers\u0101ls neitralizators\u201d, 100 ml\n<\/p>\n<p>Tiek lietots p\u0113c sk\u0101bju un s\u0101rmu l\u012bdzek\u013ciem kutikulas un p\u0101rragoju\u0161\u0101s p\u0113du \u0101das likvid\u0113\u0161anai (rem\u016bveri). P\u0101rtrauc rem\u016bveru iedarb\u012bbu pateicoties sk\u0101bju un s\u0101rmu iedarb\u012bbas neitraliz\u0113\u0161anai, kav\u0113 \u0101das p\u0101rm\u0113r\u012bgu sausin\u0101\u0161anu.\n<\/p>\n<p>Lieto\u0161ana: p\u0113c apstr\u0101di ar rem\u016bveru not\u012briet l\u012bdzek\u013ca p\u0101rpalikumus ar salveti, uzkl\u0101jiet neitralizatoru uz \u0101das liel\u0101 daudzum\u0101, p\u0113c uzkl\u0101\u0161anas nomazg\u0101jiet ar \u016bdeni.\n<\/p>\n<p>Piesardz\u012bbas pas\u0101kumi: izvair\u012bties no iek\u013c\u016b\u0161anas ac\u012bs. Sarg\u0101t no b\u0113rniem.\n<\/p>\n<p><\/p>\n","protected":false},"excerpt":{"rendered":"<p>MILV Kosm\u0113tisks \u0137erme\u0146a losjons \u201cUnivers\u0101ls neitralizators\u201d, 100 ml Tiek lietots p\u0113c sk\u0101bju un s\u0101rmu l\u012bdzek\u013ciem kutikulas un p\u0101rragoju\u0161\u0101s p\u0113du \u0101das likvid\u0113\u0161anai (rem\u016bveri). P\u0101rtrauc rem\u016bveru iedarb\u012bbu pateicoties sk\u0101bju un s\u0101rmu iedarb\u012bbas neitraliz\u0113\u0161anai, kav\u0113 \u0101das p\u0101rm\u0113r\u012bgu sausin\u0101\u0161anu. Lieto\u0161ana: p\u0113c apstr\u0101di ar rem\u016bveru not\u012briet l\u012bdzek\u013ca p\u0101rpalikumus ar salveti, uzkl\u0101jiet neitralizatoru uz \u0101das liel\u0101 daudzum\u0101, p\u0113c uzkl\u0101\u0161anas nomazg\u0101jiet ar [&#8230;]\n","protected":false},"featured_media":85186,"template":"","meta":[],"product_cat":[1302],"product_tag":[],"class_list":{"0":"post-50862","1":"product","2":"type-product","3":"status-publish","4":"has-post-thumbnail","6":"product_brand-malina-akcija","7":"product_cat-roku-kopsanas-kosmetika","9":"first","10":"outofstock","11":"taxable","12":"shipping-taxable","13":"product-type-simple"},"_links":{"self":[{"href":"https:\/\/e.kosmolat.eu\/lv\/wp-json\/wp\/v2\/product\/50862","targetHints":{"allow":["GET"]}}],"collection":[{"href":"https:\/\/e.kosmolat.eu\/lv\/wp-json\/wp\/v2\/product"}],"about":[{"href":"https:\/\/e.kosmolat.eu\/lv\/wp-json\/wp\/v2\/types\/product"}],"wp:featuredmedia":[{"embeddable":true,"href":"https:\/\/e.kosmolat.eu\/lv\/wp-json\/wp\/v2\/media\/85186"}],"wp:attachment":[{"href":"https:\/\/e.kosmolat.eu\/lv\/wp-json\/wp\/v2\/media?parent=50862"}],"wp:term":[{"taxonomy":"product_cat","embeddable":true,"href":"https:\/\/e.kosmolat.eu\/lv\/wp-json\/wp\/v2\/product_cat?post=50862"},{"taxonomy":"product_tag","embeddable":true,"href":"https:\/\/e.kosmolat.eu\/lv\/wp-json\/wp\/v2\/product_tag?post=50862"}],"curies":[{"name":"wp","href":"https:\/\/api.w.org\/{rel}","templated":true}]}}