{"id":50854,"date":"2024-05-02T18:47:09","date_gmt":"2024-05-02T18:47:09","guid":{"rendered":"https:\/\/e.kosmolat.eu\/product\/princessa-nagu-laka-avenu-plombirs\/"},"modified":"2025-09-19T20:50:55","modified_gmt":"2025-09-19T20:50:55","slug":"princessa-nagu-laka-avenu-plombirs","status":"publish","type":"product","link":"https:\/\/e.kosmolat.eu\/lv\/product\/princessa-nagu-laka-avenu-plombirs\/","title":{"rendered":"PRINCESSA Nagu laka Ave\u0146u plomb\u012brs"},"content":{"rendered":"<p>Nenomazg\u0101jas ar \u016bdeni. Labi turas uz nagiem, \u0101tri iz\u017e\u016bst. B\u0113rniem no 5 gadu vecuma.<\/p>\n<p><strong>Lieto&scaron;ana:<\/strong> ar oti\u0146as pal\u012bdz\u012bbu uzkl\u0101t laku uz nagiem un \u013caut iz\u017e\u016bt. Intens\u012bvai kr\u0101sai tiek rekomend\u0113ts uzkl\u0101t v\u0113l vienu lakas sl\u0101ni. Lietot pieaugu&scaron;o uzraudz\u012bb\u0101.<\/p>\n","protected":false},"excerpt":{"rendered":"<p>Nenomazg\u0101jas ar \u016bdeni. Labi turas uz nagiem, \u0101tri iz\u017e\u016bst. B\u0113rniem no 5 gadu vecuma. Lieto&scaron;ana: ar oti\u0146as pal\u012bdz\u012bbu uzkl\u0101t laku uz nagiem un \u013caut iz\u017e\u016bt. Intens\u012bvai kr\u0101sai tiek rekomend\u0113ts uzkl\u0101t v\u0113l vienu lakas sl\u0101ni. Lietot pieaugu&scaron;o uzraudz\u012bb\u0101.<\/p>\n","protected":false},"featured_media":84378,"template":"","meta":[],"product_cat":[1516],"product_tag":[],"class_list":{"0":"post-50854","1":"product","2":"type-product","3":"status-publish","4":"has-post-thumbnail","6":"product_brand-vecie-kodi","7":"product_cat-1516","9":"first","10":"outofstock","11":"taxable","12":"shipping-taxable","13":"product-type-simple"},"_links":{"self":[{"href":"https:\/\/e.kosmolat.eu\/lv\/wp-json\/wp\/v2\/product\/50854","targetHints":{"allow":["GET"]}}],"collection":[{"href":"https:\/\/e.kosmolat.eu\/lv\/wp-json\/wp\/v2\/product"}],"about":[{"href":"https:\/\/e.kosmolat.eu\/lv\/wp-json\/wp\/v2\/types\/product"}],"wp:featuredmedia":[{"embeddable":true,"href":"https:\/\/e.kosmolat.eu\/lv\/wp-json\/wp\/v2\/media\/84378"}],"wp:attachment":[{"href":"https:\/\/e.kosmolat.eu\/lv\/wp-json\/wp\/v2\/media?parent=50854"}],"wp:term":[{"taxonomy":"product_cat","embeddable":true,"href":"https:\/\/e.kosmolat.eu\/lv\/wp-json\/wp\/v2\/product_cat?post=50854"},{"taxonomy":"product_tag","embeddable":true,"href":"https:\/\/e.kosmolat.eu\/lv\/wp-json\/wp\/v2\/product_tag?post=50854"}],"curies":[{"name":"wp","href":"https:\/\/api.w.org\/{rel}","templated":true}]}}