{"id":50822,"date":"2024-05-02T17:01:45","date_gmt":"2024-05-02T17:01:45","guid":{"rendered":"https:\/\/e.kosmolat.eu\/product\/princessa-sampuns-kopsana-burvigas-lokas-250-ml\/"},"modified":"2025-09-19T19:45:49","modified_gmt":"2025-09-19T19:45:49","slug":"princessa-sampuns-kopsana-burvigas-lokas-250-ml","status":"publish","type":"product","link":"https:\/\/e.kosmolat.eu\/lv\/product\/princessa-sampuns-kopsana-burvigas-lokas-250-ml\/","title":{"rendered":"PRINCESSA \u0160amp\u016bns-kop\u0161ana Burv\u012bg\u0101s lokas, 250 ml"},"content":{"rendered":"<p>Provitam\u012bns B5. Neizraisa asaras. Satur argana e\u013c\u013cu! Baro&scaron;ana un mitrin\u0101&scaron;ana.<\/p>\n<p><strong>Lieto&scaron;ana: <\/strong>nelielu &scaron;amp\u016bna daudzumu uzkl\u0101t uz mitriem matiem, iemas\u0113t l\u012bdz veidojas putas, tad k\u0101rt\u012bgi nomazg\u0101t ar \u016bdeni. Nepiecie&scaron;am\u012bbas gad\u012bjum\u0101 proced\u016bru atk\u0101rtot. B\u0113rniem no 3 gadu vecuma. Lietot pieaugu&scaron;o uzraudz\u012bb\u0101.&nbsp;<\/p>\n","protected":false},"excerpt":{"rendered":"<p>Provitam\u012bns B5. Neizraisa asaras. Satur argana e\u013c\u013cu! Baro&scaron;ana un mitrin\u0101&scaron;ana. Lieto&scaron;ana: nelielu &scaron;amp\u016bna daudzumu uzkl\u0101t uz mitriem matiem, iemas\u0113t l\u012bdz veidojas putas, tad k\u0101rt\u012bgi nomazg\u0101t ar \u016bdeni. Nepiecie&scaron;am\u012bbas gad\u012bjum\u0101 proced\u016bru atk\u0101rtot. B\u0113rniem no 3 gadu vecuma. Lietot pieaugu&scaron;o uzraudz\u012bb\u0101.&nbsp;<\/p>\n","protected":false},"featured_media":83162,"template":"","meta":[],"product_cat":[1793],"product_tag":[],"class_list":{"0":"post-50822","1":"product","2":"type-product","3":"status-publish","4":"has-post-thumbnail","6":"product_brand-vecie-kodi","7":"product_cat-plauku-prieziura-vaikams","9":"first","10":"instock","11":"taxable","12":"shipping-taxable","13":"product-type-simple"},"_links":{"self":[{"href":"https:\/\/e.kosmolat.eu\/lv\/wp-json\/wp\/v2\/product\/50822","targetHints":{"allow":["GET"]}}],"collection":[{"href":"https:\/\/e.kosmolat.eu\/lv\/wp-json\/wp\/v2\/product"}],"about":[{"href":"https:\/\/e.kosmolat.eu\/lv\/wp-json\/wp\/v2\/types\/product"}],"wp:featuredmedia":[{"embeddable":true,"href":"https:\/\/e.kosmolat.eu\/lv\/wp-json\/wp\/v2\/media\/83162"}],"wp:attachment":[{"href":"https:\/\/e.kosmolat.eu\/lv\/wp-json\/wp\/v2\/media?parent=50822"}],"wp:term":[{"taxonomy":"product_cat","embeddable":true,"href":"https:\/\/e.kosmolat.eu\/lv\/wp-json\/wp\/v2\/product_cat?post=50822"},{"taxonomy":"product_tag","embeddable":true,"href":"https:\/\/e.kosmolat.eu\/lv\/wp-json\/wp\/v2\/product_tag?post=50822"}],"curies":[{"name":"wp","href":"https:\/\/api.w.org\/{rel}","templated":true}]}}